{"id":21105,"date":"2021-10-07T16:55:28","date_gmt":"2021-10-07T14:55:28","guid":{"rendered":"https:\/\/www.epicerie-lasource.org\/magasin\/?post_type=product&#038;p=21105"},"modified":"2026-04-01T20:11:12","modified_gmt":"2026-04-01T18:11:12","slug":"quinoa-equateur-bio-vrac-au-choix","status":"publish","type":"product","link":"https:\/\/www.epicerie-lasource.org\/magasin\/produit\/quinoa-equateur-bio-vrac-au-choix\/","title":{"rendered":"Vrac- Quinoa Bio"},"content":{"rendered":"","protected":false},"excerpt":{"rendered":"<p>Le quinoa est en fait une pseudo-c\u00e9r\u00e9ale, puisqu&rsquo;il ne fait pas partie de la famille des gramin\u00e9es, mais de celle des \u00e9pinards. Cette petite graine est reconnue pour ses qualit\u00e9s nutritionnelles remarquables, et notamment pour sa forte teneur en prot\u00e9ines et l\u2019absence de gluten. Ces atouts di\u00e9t\u00e9tiques expliquent son succ\u00e8s sur les march\u00e9s occidentaux.<\/p>\n","protected":false},"featured_media":24718,"comment_status":"closed","ping_status":"closed","template":"","meta":[],"product_cat":[715,63,702],"product_tag":[],"supplier_id":null,"supplier_sku":"","atum_controlled":true,"out_stock_date":null,"out_stock_threshold":null,"inheritable":true,"inbound_stock":0,"stock_on_hold":0,"sold_today":0,"sales_last_days":1,"out_stock_days":0,"lost_sales":0,"has_location":false,"update_date":"2026-04-20T22:15:26","atum_locations":[],"atum_stock_status":"onbackorder","restock_status":false,"low_stock_amount":"","sales_update_date":"2026-04-20T22:15:26","calc_backorders":-42.01,"_links":{"self":[{"href":"https:\/\/www.epicerie-lasource.org\/magasin\/wp-json\/wp\/v2\/product\/21105"}],"collection":[{"href":"https:\/\/www.epicerie-lasource.org\/magasin\/wp-json\/wp\/v2\/product"}],"about":[{"href":"https:\/\/www.epicerie-lasource.org\/magasin\/wp-json\/wp\/v2\/types\/product"}],"replies":[{"embeddable":true,"href":"https:\/\/www.epicerie-lasource.org\/magasin\/wp-json\/wp\/v2\/comments?post=21105"}],"wp:featuredmedia":[{"embeddable":true,"href":"https:\/\/www.epicerie-lasource.org\/magasin\/wp-json\/wp\/v2\/media\/24718"}],"wp:attachment":[{"href":"https:\/\/www.epicerie-lasource.org\/magasin\/wp-json\/wp\/v2\/media?parent=21105"}],"wp:term":[{"taxonomy":"product_cat","embeddable":true,"href":"https:\/\/www.epicerie-lasource.org\/magasin\/wp-json\/wp\/v2\/product_cat?post=21105"},{"taxonomy":"product_tag","embeddable":true,"href":"https:\/\/www.epicerie-lasource.org\/magasin\/wp-json\/wp\/v2\/product_tag?post=21105"}],"curies":[{"name":"wp","href":"https:\/\/api.w.org\/{rel}","templated":true}]}}