{"id":2102,"date":"2019-11-20T17:10:50","date_gmt":"2019-11-20T16:10:50","guid":{"rendered":"https:\/\/www.epicerie-lasource.org\/magasin\/?post_type=product&#038;p=2102"},"modified":"2026-02-25T09:35:58","modified_gmt":"2026-02-25T08:35:58","slug":"chti-biquets-chevre-aperitif-aromatise-25pcs","status":"publish","type":"product","link":"https:\/\/www.epicerie-lasource.org\/magasin\/produit\/chti-biquets-chevre-aperitif-aromatise-25pcs\/","title":{"rendered":"\u00ab\u00a0Petits bouchons\u00a0\u00bb Ch\u00e8vre Ap\u00e9ritif Aromatis\u00e9 &#8211; 25pcs &#8211; \u00ab\u00a0La Ferme Bique N&rsquo;Brouck\u00a0\u00bb"},"content":{"rendered":"","protected":false},"excerpt":{"rendered":"<p>Ch&rsquo;ti Biquets.<br \/>\nPetit formage de ch\u00e8vre aromatis\u00e9.<br \/>\nPour un ap\u00e9ritif original et d\u00e9licieux.<br \/>\nAssortiment de 25 petits bouchons de ch\u00e8vre.<br \/>\n5 Parfums : Tomate-Ail, Echalote, Poivre, Ananas, Cendr\u00e9.<br \/>\nUn pur d\u00e9lice pour les gourmands, mais pas uniquement.!<\/p>\n","protected":false},"featured_media":2085,"comment_status":"open","ping_status":"closed","template":"","meta":[],"product_cat":[25],"product_tag":[],"supplier_id":null,"supplier_sku":"","atum_controlled":false,"out_stock_date":null,"out_stock_threshold":null,"inheritable":false,"inbound_stock":0,"stock_on_hold":2,"sold_today":2,"sales_last_days":4,"out_stock_days":0,"lost_sales":0,"has_location":false,"update_date":"2026-05-04T17:36:03","atum_locations":[],"atum_stock_status":"instock","restock_status":false,"low_stock_amount":"","sales_update_date":"2026-05-04T17:36:03","calc_backorders":null,"_links":{"self":[{"href":"https:\/\/www.epicerie-lasource.org\/magasin\/wp-json\/wp\/v2\/product\/2102"}],"collection":[{"href":"https:\/\/www.epicerie-lasource.org\/magasin\/wp-json\/wp\/v2\/product"}],"about":[{"href":"https:\/\/www.epicerie-lasource.org\/magasin\/wp-json\/wp\/v2\/types\/product"}],"replies":[{"embeddable":true,"href":"https:\/\/www.epicerie-lasource.org\/magasin\/wp-json\/wp\/v2\/comments?post=2102"}],"wp:featuredmedia":[{"embeddable":true,"href":"https:\/\/www.epicerie-lasource.org\/magasin\/wp-json\/wp\/v2\/media\/2085"}],"wp:attachment":[{"href":"https:\/\/www.epicerie-lasource.org\/magasin\/wp-json\/wp\/v2\/media?parent=2102"}],"wp:term":[{"taxonomy":"product_cat","embeddable":true,"href":"https:\/\/www.epicerie-lasource.org\/magasin\/wp-json\/wp\/v2\/product_cat?post=2102"},{"taxonomy":"product_tag","embeddable":true,"href":"https:\/\/www.epicerie-lasource.org\/magasin\/wp-json\/wp\/v2\/product_tag?post=2102"}],"curies":[{"name":"wp","href":"https:\/\/api.w.org\/{rel}","templated":true}]}}