{"id":20661,"date":"2021-09-29T19:34:40","date_gmt":"2021-09-29T17:34:40","guid":{"rendered":"https:\/\/www.epicerie-lasource.org\/magasin\/?post_type=product&#038;p=20661"},"modified":"2025-05-05T18:59:17","modified_gmt":"2025-05-05T16:59:17","slug":"sacs-poubelles-20l-x-25-jetsac","status":"publish","type":"product","link":"https:\/\/www.epicerie-lasource.org\/magasin\/produit\/sacs-poubelles-20l-x-25-jetsac\/","title":{"rendered":"Sacs poubelles 20l x 25 Jetsac"},"content":{"rendered":"","protected":false},"excerpt":{"rendered":"<p>En poly\u00e9thyl\u00e8ne vert r\u00e9g\u00e9n\u00e9r\u00e9, issus du recyclage de produits plastique usag\u00e9s. Ne polluent pas, ne contiennent pas de chlore. Tr\u00e8s bonne r\u00e9sistance. Liens de fermeture. Capacit\u00e9 : 20 litres.<br \/>\nDimensions :<br \/>\nConformes \u00e0 la norme NF H 34004 et \u00e0 la norme NF Environnement.<\/p>\n","protected":false},"featured_media":24959,"comment_status":"closed","ping_status":"closed","template":"","meta":[],"product_cat":[324],"product_tag":[],"supplier_id":23768,"supplier_sku":"","atum_controlled":true,"out_stock_date":null,"out_stock_threshold":null,"inheritable":false,"inbound_stock":0,"stock_on_hold":0,"sold_today":0,"sales_last_days":0,"out_stock_days":0,"lost_sales":0,"has_location":false,"update_date":"2026-04-18T22:14:55","atum_locations":[],"atum_stock_status":"onbackorder","restock_status":false,"low_stock_amount":"","sales_update_date":"2026-04-18T22:14:55","calc_backorders":-1,"_links":{"self":[{"href":"https:\/\/www.epicerie-lasource.org\/magasin\/wp-json\/wp\/v2\/product\/20661"}],"collection":[{"href":"https:\/\/www.epicerie-lasource.org\/magasin\/wp-json\/wp\/v2\/product"}],"about":[{"href":"https:\/\/www.epicerie-lasource.org\/magasin\/wp-json\/wp\/v2\/types\/product"}],"replies":[{"embeddable":true,"href":"https:\/\/www.epicerie-lasource.org\/magasin\/wp-json\/wp\/v2\/comments?post=20661"}],"wp:featuredmedia":[{"embeddable":true,"href":"https:\/\/www.epicerie-lasource.org\/magasin\/wp-json\/wp\/v2\/media\/24959"}],"wp:attachment":[{"href":"https:\/\/www.epicerie-lasource.org\/magasin\/wp-json\/wp\/v2\/media?parent=20661"}],"wp:term":[{"taxonomy":"product_cat","embeddable":true,"href":"https:\/\/www.epicerie-lasource.org\/magasin\/wp-json\/wp\/v2\/product_cat?post=20661"},{"taxonomy":"product_tag","embeddable":true,"href":"https:\/\/www.epicerie-lasource.org\/magasin\/wp-json\/wp\/v2\/product_tag?post=20661"}],"curies":[{"name":"wp","href":"https:\/\/api.w.org\/{rel}","templated":true}]}}