{"id":20659,"date":"2021-09-29T19:29:10","date_gmt":"2021-09-29T17:29:10","guid":{"rendered":"https:\/\/www.epicerie-lasource.org\/magasin\/?post_type=product&#038;p=20659"},"modified":"2024-07-17T21:04:57","modified_gmt":"2024-07-17T19:04:57","slug":"sacs-poubelles-30l-x-25-jetsac","status":"publish","type":"product","link":"https:\/\/www.epicerie-lasource.org\/magasin\/produit\/sacs-poubelles-30l-x-25-jetsac\/","title":{"rendered":"Sacs poubelles 30l x 25 Jetsac"},"content":{"rendered":"","protected":false},"excerpt":{"rendered":"<p>En poly\u00e9thyl\u00e8ne vert r\u00e9g\u00e9n\u00e9r\u00e9, issus du recyclage de produits plastique usag\u00e9s. Ne polluent pas, ne contiennent pas de chlore. Tr\u00e8s bonne r\u00e9sistance. Liens de fermeture. Capacit\u00e9 : 30 litres.<br \/>\nDimensions : H 70 cm x \u00d8 32 cm.<br \/>\nConformes \u00e0 la norme NF H 34004 et \u00e0 la norme NF Environnement.<\/p>\n","protected":false},"featured_media":24958,"comment_status":"closed","ping_status":"closed","template":"","meta":[],"product_cat":[324],"product_tag":[],"supplier_id":23768,"supplier_sku":"","atum_controlled":true,"out_stock_date":null,"out_stock_threshold":null,"inheritable":false,"inbound_stock":0,"stock_on_hold":0,"sold_today":0,"sales_last_days":0,"out_stock_days":0,"lost_sales":0,"has_location":false,"update_date":"2026-04-18T22:14:55","atum_locations":[],"atum_stock_status":"instock","restock_status":false,"low_stock_amount":"","sales_update_date":"2026-04-18T22:14:54","calc_backorders":0,"_links":{"self":[{"href":"https:\/\/www.epicerie-lasource.org\/magasin\/wp-json\/wp\/v2\/product\/20659"}],"collection":[{"href":"https:\/\/www.epicerie-lasource.org\/magasin\/wp-json\/wp\/v2\/product"}],"about":[{"href":"https:\/\/www.epicerie-lasource.org\/magasin\/wp-json\/wp\/v2\/types\/product"}],"replies":[{"embeddable":true,"href":"https:\/\/www.epicerie-lasource.org\/magasin\/wp-json\/wp\/v2\/comments?post=20659"}],"wp:featuredmedia":[{"embeddable":true,"href":"https:\/\/www.epicerie-lasource.org\/magasin\/wp-json\/wp\/v2\/media\/24958"}],"wp:attachment":[{"href":"https:\/\/www.epicerie-lasource.org\/magasin\/wp-json\/wp\/v2\/media?parent=20659"}],"wp:term":[{"taxonomy":"product_cat","embeddable":true,"href":"https:\/\/www.epicerie-lasource.org\/magasin\/wp-json\/wp\/v2\/product_cat?post=20659"},{"taxonomy":"product_tag","embeddable":true,"href":"https:\/\/www.epicerie-lasource.org\/magasin\/wp-json\/wp\/v2\/product_tag?post=20659"}],"curies":[{"name":"wp","href":"https:\/\/api.w.org\/{rel}","templated":true}]}}