{"id":20613,"date":"2021-09-29T15:21:25","date_gmt":"2021-09-29T13:21:25","guid":{"rendered":"https:\/\/www.epicerie-lasource.org\/magasin\/?post_type=product&#038;p=20613"},"modified":"2026-04-13T16:49:32","modified_gmt":"2026-04-13T14:49:32","slug":"mops-miel-grillon-dor-bio-vrac-au-choix","status":"publish","type":"product","link":"https:\/\/www.epicerie-lasource.org\/magasin\/produit\/mops-miel-grillon-dor-bio-vrac-au-choix\/","title":{"rendered":"Vrac- C\u00e9r\u00e9ales Mops Miel Grillon d&rsquo;Or bio"},"content":{"rendered":"","protected":false},"excerpt":{"rendered":"<div class=\"cms-content\">\n<p>Ma\u00efs* 76%, sucre de canne*, miel* 4,3%.<br \/>\n<em>*Issus de l&rsquo;agriculture biologique.<\/em><\/p>\n<p>Fabriqu\u00e9 dans un atelier qui utilise des c\u00e9r\u00e9ales contenant du <strong>gluten<\/strong>, des <strong>fruits \u00e0 coque<\/strong>, du <strong>soja<\/strong>, des <strong>graines de s\u00e9same<\/strong>, du <strong>lait<\/strong> et de l&rsquo;<strong>arachide<\/strong>.<\/p>\n<p><strong><em>Les informations en gras sont destin\u00e9es aux personnes intol\u00e9rantes ou allergiques.<\/em><\/strong><\/p>\n<\/div>\n","protected":false},"featured_media":24984,"comment_status":"closed","ping_status":"closed","template":"","meta":[],"product_cat":[715,64,695],"product_tag":[],"supplier_id":null,"supplier_sku":"","atum_controlled":true,"out_stock_date":null,"out_stock_threshold":null,"inheritable":true,"inbound_stock":0,"stock_on_hold":0,"sold_today":0,"sales_last_days":0.195,"out_stock_days":0,"lost_sales":0,"has_location":false,"update_date":"2026-04-30T22:27:24","atum_locations":[],"atum_stock_status":"onbackorder","restock_status":false,"low_stock_amount":"","sales_update_date":"2026-04-30T22:27:24","calc_backorders":-1.675,"_links":{"self":[{"href":"https:\/\/www.epicerie-lasource.org\/magasin\/wp-json\/wp\/v2\/product\/20613"}],"collection":[{"href":"https:\/\/www.epicerie-lasource.org\/magasin\/wp-json\/wp\/v2\/product"}],"about":[{"href":"https:\/\/www.epicerie-lasource.org\/magasin\/wp-json\/wp\/v2\/types\/product"}],"replies":[{"embeddable":true,"href":"https:\/\/www.epicerie-lasource.org\/magasin\/wp-json\/wp\/v2\/comments?post=20613"}],"wp:featuredmedia":[{"embeddable":true,"href":"https:\/\/www.epicerie-lasource.org\/magasin\/wp-json\/wp\/v2\/media\/24984"}],"wp:attachment":[{"href":"https:\/\/www.epicerie-lasource.org\/magasin\/wp-json\/wp\/v2\/media?parent=20613"}],"wp:term":[{"taxonomy":"product_cat","embeddable":true,"href":"https:\/\/www.epicerie-lasource.org\/magasin\/wp-json\/wp\/v2\/product_cat?post=20613"},{"taxonomy":"product_tag","embeddable":true,"href":"https:\/\/www.epicerie-lasource.org\/magasin\/wp-json\/wp\/v2\/product_tag?post=20613"}],"curies":[{"name":"wp","href":"https:\/\/api.w.org\/{rel}","templated":true}]}}