{"id":19971,"date":"2025-10-23T09:49:26","date_gmt":"2025-10-23T07:49:26","guid":{"rendered":"https:\/\/www.epicerie-lasource.org\/magasin\/?post_type=product&#038;p=19971"},"modified":"2026-04-24T19:40:42","modified_gmt":"2026-04-24T17:40:42","slug":"proteines-de-soja-petits-morceaux-markal-bio","status":"publish","type":"product","link":"https:\/\/www.epicerie-lasource.org\/magasin\/produit\/proteines-de-soja-petits-morceaux-markal-bio\/","title":{"rendered":"Vrac- Prot\u00e9ines de soja eminc\u00e9es (Markal) Bio"},"content":{"rendered":"","protected":false},"excerpt":{"rendered":"<div class=\"ficheDetail-infos-description\">\n<p>Souhaitant profiter des effets b\u00e9n\u00e9fiques du soja tout en \u00e9vitant les nuisances des canaux classiques, MARKAL a \u00e9labor\u00e9 de toutes pi\u00e8ces une fili\u00e8re saine, \u00e9cologique et plus courte.<\/p>\n<p class=\"titre5 text-quaternary\"><strong>Ingr\u00e9dients<br \/>\n<\/strong>Soja jaune biologique<\/p>\n<p class=\"titre5 text-quaternary\"><strong>Conseils d&rsquo;utilisation<br \/>\n<\/strong>Les prot\u00e9ines de soja petits morceaux seront id\u00e9ales en remplacement de la viande hach\u00e9e dans de nombreuses recettes : hachis Parmentier, lasagnes, farces \u00e0 l\u00e9gumes, sauces bolognaise, steak v\u00e9g\u00e9tal\u2026 R\u00e9hydrater 20g de prot\u00e9ines de soja par personne dans 2 \u00e0 3 fois leur volume d&rsquo;eau chaude pendant 10 min Les ajouter ensuite \u00e0 votre recette. A conserver dans un endroit frais, sec et \u00e0 l&rsquo;abri de la lumi\u00e8re.<\/p>\n<p class=\"titre5 text-quaternary\"><strong>Allerg\u00e8nes<br \/>\n<\/strong>Soja<\/p>\n<p class=\"titre5 text-quaternary\"><strong>Traces possibles d&rsquo;Allerg\u00e8nes<br \/>\n<\/strong>Fruits \u00e0 coque, Gluten, S\u00e9same<\/p>\n<\/div>\n<div class=\"ficheDetail-infos-description\">\n<p>&nbsp;<\/p>\n<\/div>\n","protected":false},"featured_media":24655,"comment_status":"closed","ping_status":"closed","template":"","meta":[],"product_cat":[731,715,63,702],"product_tag":[],"supplier_id":null,"supplier_sku":"","atum_controlled":true,"out_stock_date":null,"out_stock_threshold":null,"inheritable":true,"inbound_stock":0,"stock_on_hold":0,"sold_today":0,"sales_last_days":4.2,"out_stock_days":0,"lost_sales":0,"has_location":false,"update_date":"2026-05-04T22:29:53","atum_locations":[],"atum_stock_status":"onbackorder","restock_status":false,"low_stock_amount":1,"sales_update_date":"2026-05-04T22:29:53","calc_backorders":-5.65,"_links":{"self":[{"href":"https:\/\/www.epicerie-lasource.org\/magasin\/wp-json\/wp\/v2\/product\/19971"}],"collection":[{"href":"https:\/\/www.epicerie-lasource.org\/magasin\/wp-json\/wp\/v2\/product"}],"about":[{"href":"https:\/\/www.epicerie-lasource.org\/magasin\/wp-json\/wp\/v2\/types\/product"}],"replies":[{"embeddable":true,"href":"https:\/\/www.epicerie-lasource.org\/magasin\/wp-json\/wp\/v2\/comments?post=19971"}],"wp:featuredmedia":[{"embeddable":true,"href":"https:\/\/www.epicerie-lasource.org\/magasin\/wp-json\/wp\/v2\/media\/24655"}],"wp:attachment":[{"href":"https:\/\/www.epicerie-lasource.org\/magasin\/wp-json\/wp\/v2\/media?parent=19971"}],"wp:term":[{"taxonomy":"product_cat","embeddable":true,"href":"https:\/\/www.epicerie-lasource.org\/magasin\/wp-json\/wp\/v2\/product_cat?post=19971"},{"taxonomy":"product_tag","embeddable":true,"href":"https:\/\/www.epicerie-lasource.org\/magasin\/wp-json\/wp\/v2\/product_tag?post=19971"}],"curies":[{"name":"wp","href":"https:\/\/api.w.org\/{rel}","templated":true}]}}