{"id":19947,"date":"2021-08-30T17:25:54","date_gmt":"2021-08-30T15:25:54","guid":{"rendered":"https:\/\/www.epicerie-lasource.org\/magasin\/?post_type=product&#038;p=19947"},"modified":"2026-04-22T20:47:59","modified_gmt":"2026-04-22T18:47:59","slug":"semoule-blanche-de-ble-dur-grosse-bio-500g","status":"publish","type":"product","link":"https:\/\/www.epicerie-lasource.org\/magasin\/produit\/semoule-blanche-de-ble-dur-grosse-bio-500g\/","title":{"rendered":"Semoule blanche de bl\u00e9 dur grosse bio* 500g"},"content":{"rendered":"","protected":false},"excerpt":{"rendered":"<p>Semoule blanche de bl\u00e9 dur grosse bio* 500g<br \/>\nOrigine Italie<br \/>\nA utiliser pour des p\u00e2tisseries ou pour \u00e9paissir des pr\u00e9parations sal\u00e9es.<br \/>\nUtiliser 1\/2 litre d&rsquo;eau ou de lait pour 100 g de semoule.<br \/>\nFaire cuire \u00e0 feu doux pendant 15 minutes.<\/p>\n","protected":false},"featured_media":24737,"comment_status":"closed","ping_status":"closed","template":"","meta":[],"product_cat":[63,700,64],"product_tag":[],"supplier_id":23768,"supplier_sku":"","atum_controlled":true,"out_stock_date":null,"out_stock_threshold":null,"inheritable":false,"inbound_stock":0,"stock_on_hold":0,"sold_today":0,"sales_last_days":1,"out_stock_days":0,"lost_sales":0,"has_location":false,"update_date":"2026-05-04T22:29:54","atum_locations":[],"atum_stock_status":"onbackorder","restock_status":false,"low_stock_amount":"","sales_update_date":"2026-05-04T22:29:54","calc_backorders":-5,"_links":{"self":[{"href":"https:\/\/www.epicerie-lasource.org\/magasin\/wp-json\/wp\/v2\/product\/19947"}],"collection":[{"href":"https:\/\/www.epicerie-lasource.org\/magasin\/wp-json\/wp\/v2\/product"}],"about":[{"href":"https:\/\/www.epicerie-lasource.org\/magasin\/wp-json\/wp\/v2\/types\/product"}],"replies":[{"embeddable":true,"href":"https:\/\/www.epicerie-lasource.org\/magasin\/wp-json\/wp\/v2\/comments?post=19947"}],"wp:featuredmedia":[{"embeddable":true,"href":"https:\/\/www.epicerie-lasource.org\/magasin\/wp-json\/wp\/v2\/media\/24737"}],"wp:attachment":[{"href":"https:\/\/www.epicerie-lasource.org\/magasin\/wp-json\/wp\/v2\/media?parent=19947"}],"wp:term":[{"taxonomy":"product_cat","embeddable":true,"href":"https:\/\/www.epicerie-lasource.org\/magasin\/wp-json\/wp\/v2\/product_cat?post=19947"},{"taxonomy":"product_tag","embeddable":true,"href":"https:\/\/www.epicerie-lasource.org\/magasin\/wp-json\/wp\/v2\/product_tag?post=19947"}],"curies":[{"name":"wp","href":"https:\/\/api.w.org\/{rel}","templated":true}]}}