{"id":19596,"date":"2021-08-12T13:30:06","date_gmt":"2021-08-12T11:30:06","guid":{"rendered":"https:\/\/www.epicerie-lasource.org\/magasin\/?post_type=product&#038;p=19596"},"modified":"2026-04-26T21:03:22","modified_gmt":"2026-04-26T19:03:22","slug":"farine-t65-bio-didier-findinier","status":"publish","type":"product","link":"https:\/\/www.epicerie-lasource.org\/magasin\/produit\/farine-t65-bio-didier-findinier\/","title":{"rendered":"Vrac- Farine T65 Bio BIOCER"},"content":{"rendered":"<p>Farine T65<\/p>\n<p><span class=\"ILfuVd NA6bn\"><span class=\"hgKElc\">La <b>farine T65<\/b> sera parfaite pour le pain que ce soit le tradition ou celui de campagne. Elle est \u00e9galement utilis\u00e9e pour r\u00e9aliser diff\u00e9rentes p\u00e2tes, comme la p\u00e2te bris\u00e9e, les pizzas ou encore les fougasses.<\/span><\/span><\/p>\n","protected":false},"excerpt":{"rendered":"<p>Farine T65 La farine T65 sera parfaite pour le pain que ce soit le tradition ou celui de campagne. Elle&#8230;<\/p>\n","protected":false},"featured_media":24781,"comment_status":"closed","ping_status":"closed","template":"","meta":[],"product_cat":[715,63,703,64,694],"product_tag":[],"supplier_id":24359,"supplier_sku":"","atum_controlled":true,"out_stock_date":null,"out_stock_threshold":null,"inheritable":false,"inbound_stock":0,"stock_on_hold":0,"sold_today":0,"sales_last_days":11,"out_stock_days":0,"lost_sales":0,"has_location":false,"update_date":"2026-04-30T12:30:23","atum_locations":[],"atum_stock_status":"onbackorder","restock_status":false,"low_stock_amount":"","sales_update_date":"2026-04-30T12:30:23","calc_backorders":-131.255,"_links":{"self":[{"href":"https:\/\/www.epicerie-lasource.org\/magasin\/wp-json\/wp\/v2\/product\/19596"}],"collection":[{"href":"https:\/\/www.epicerie-lasource.org\/magasin\/wp-json\/wp\/v2\/product"}],"about":[{"href":"https:\/\/www.epicerie-lasource.org\/magasin\/wp-json\/wp\/v2\/types\/product"}],"replies":[{"embeddable":true,"href":"https:\/\/www.epicerie-lasource.org\/magasin\/wp-json\/wp\/v2\/comments?post=19596"}],"wp:featuredmedia":[{"embeddable":true,"href":"https:\/\/www.epicerie-lasource.org\/magasin\/wp-json\/wp\/v2\/media\/24781"}],"wp:attachment":[{"href":"https:\/\/www.epicerie-lasource.org\/magasin\/wp-json\/wp\/v2\/media?parent=19596"}],"wp:term":[{"taxonomy":"product_cat","embeddable":true,"href":"https:\/\/www.epicerie-lasource.org\/magasin\/wp-json\/wp\/v2\/product_cat?post=19596"},{"taxonomy":"product_tag","embeddable":true,"href":"https:\/\/www.epicerie-lasource.org\/magasin\/wp-json\/wp\/v2\/product_tag?post=19596"}],"curies":[{"name":"wp","href":"https:\/\/api.w.org\/{rel}","templated":true}]}}