{"id":19071,"date":"2025-08-21T09:08:44","date_gmt":"2025-08-21T07:08:44","guid":{"rendered":"https:\/\/www.epicerie-lasource.org\/magasin\/?post_type=product&#038;p=19071"},"modified":"2026-01-10T12:39:36","modified_gmt":"2026-01-10T11:39:36","slug":"huitre-de-normandie-bourriche-de-25-pcs-env-n3","status":"publish","type":"product","link":"https:\/\/www.epicerie-lasource.org\/magasin\/produit\/huitre-de-normandie-bourriche-de-25-pcs-env-n3\/","title":{"rendered":"Huitre de Normandie Bourriche de 25 pcs env. N\u00b03"},"content":{"rendered":"","protected":false},"excerpt":{"rendered":"<p>Huitre de Normandie Bourriche de 25 pcs env. N\u00b03<br \/>\nArriv\u00e9e le vendredi matin \u00e0 T\u00e9t\u00e9ghem<\/p>\n","protected":false},"featured_media":19072,"comment_status":"closed","ping_status":"closed","template":"","meta":[],"product_cat":[449],"product_tag":[],"supplier_id":null,"supplier_sku":"","atum_controlled":false,"out_stock_date":null,"out_stock_threshold":null,"inheritable":false,"inbound_stock":0,"stock_on_hold":0,"sold_today":0,"sales_last_days":0,"out_stock_days":0,"lost_sales":0,"has_location":false,"update_date":"2026-05-07T22:30:12","atum_locations":[],"atum_stock_status":"instock","restock_status":false,"low_stock_amount":"","sales_update_date":"2026-05-07T22:30:12","calc_backorders":null,"_links":{"self":[{"href":"https:\/\/www.epicerie-lasource.org\/magasin\/wp-json\/wp\/v2\/product\/19071"}],"collection":[{"href":"https:\/\/www.epicerie-lasource.org\/magasin\/wp-json\/wp\/v2\/product"}],"about":[{"href":"https:\/\/www.epicerie-lasource.org\/magasin\/wp-json\/wp\/v2\/types\/product"}],"replies":[{"embeddable":true,"href":"https:\/\/www.epicerie-lasource.org\/magasin\/wp-json\/wp\/v2\/comments?post=19071"}],"wp:featuredmedia":[{"embeddable":true,"href":"https:\/\/www.epicerie-lasource.org\/magasin\/wp-json\/wp\/v2\/media\/19072"}],"wp:attachment":[{"href":"https:\/\/www.epicerie-lasource.org\/magasin\/wp-json\/wp\/v2\/media?parent=19071"}],"wp:term":[{"taxonomy":"product_cat","embeddable":true,"href":"https:\/\/www.epicerie-lasource.org\/magasin\/wp-json\/wp\/v2\/product_cat?post=19071"},{"taxonomy":"product_tag","embeddable":true,"href":"https:\/\/www.epicerie-lasource.org\/magasin\/wp-json\/wp\/v2\/product_tag?post=19071"}],"curies":[{"name":"wp","href":"https:\/\/api.w.org\/{rel}","templated":true}]}}