{"id":19008,"date":"2025-01-12T16:39:19","date_gmt":"2025-01-12T15:39:19","guid":{"rendered":"https:\/\/www.epicerie-lasource.org\/magasin\/?post_type=product&#038;p=19008"},"modified":"2026-01-10T12:41:42","modified_gmt":"2026-01-10T11:41:42","slug":"pave-saumon-frais-aux-herbes-12-ou-4-pcs","status":"publish","type":"product","link":"https:\/\/www.epicerie-lasource.org\/magasin\/produit\/pave-saumon-frais-aux-herbes-12-ou-4-pcs\/","title":{"rendered":"Pav\u00e9 Saumon Fum\u00e9 aux Herbes 1,2 ou 4 pcs."},"content":{"rendered":"","protected":false},"excerpt":{"rendered":"<p>Pav\u00e9 de Saumon Fum\u00e9 aux Herbes.<br \/>\nDisponible en 1,2 ou 4 pcs.<br \/>\nExiste aussi Nature.<br \/>\n130 grs env. par pcs.<\/p>\n","protected":false},"featured_media":19012,"comment_status":"closed","ping_status":"closed","template":"","meta":[],"product_cat":[449],"product_tag":[],"supplier_id":null,"supplier_sku":"","atum_controlled":true,"out_stock_date":null,"out_stock_threshold":null,"inheritable":true,"inbound_stock":0,"stock_on_hold":0,"sold_today":0,"sales_last_days":2,"out_stock_days":0,"lost_sales":0,"has_location":false,"update_date":"2026-04-28T22:22:07","atum_locations":[],"atum_stock_status":"instock","restock_status":false,"low_stock_amount":"","sales_update_date":"2026-04-28T22:22:07","calc_backorders":null,"_links":{"self":[{"href":"https:\/\/www.epicerie-lasource.org\/magasin\/wp-json\/wp\/v2\/product\/19008"}],"collection":[{"href":"https:\/\/www.epicerie-lasource.org\/magasin\/wp-json\/wp\/v2\/product"}],"about":[{"href":"https:\/\/www.epicerie-lasource.org\/magasin\/wp-json\/wp\/v2\/types\/product"}],"replies":[{"embeddable":true,"href":"https:\/\/www.epicerie-lasource.org\/magasin\/wp-json\/wp\/v2\/comments?post=19008"}],"wp:featuredmedia":[{"embeddable":true,"href":"https:\/\/www.epicerie-lasource.org\/magasin\/wp-json\/wp\/v2\/media\/19012"}],"wp:attachment":[{"href":"https:\/\/www.epicerie-lasource.org\/magasin\/wp-json\/wp\/v2\/media?parent=19008"}],"wp:term":[{"taxonomy":"product_cat","embeddable":true,"href":"https:\/\/www.epicerie-lasource.org\/magasin\/wp-json\/wp\/v2\/product_cat?post=19008"},{"taxonomy":"product_tag","embeddable":true,"href":"https:\/\/www.epicerie-lasource.org\/magasin\/wp-json\/wp\/v2\/product_tag?post=19008"}],"curies":[{"name":"wp","href":"https:\/\/api.w.org\/{rel}","templated":true}]}}