{"id":18958,"date":"2025-08-21T09:08:44","date_gmt":"2025-08-21T07:08:44","guid":{"rendered":"https:\/\/www.epicerie-lasource.org\/magasin\/?post_type=product&#038;p=18958"},"modified":"2026-01-10T12:37:49","modified_gmt":"2026-01-10T11:37:49","slug":"saumon-fume-maelstrom-cercle-arctique-entier-pretranche","status":"publish","type":"product","link":"https:\/\/www.epicerie-lasource.org\/magasin\/produit\/saumon-fume-maelstrom-cercle-arctique-entier-pretranche\/","title":{"rendered":"Saumon Fum\u00e9 Maelstrom 1Kg env. (Cercle Arctique) Entier Pr\u00e9tranch\u00e9"},"content":{"rendered":"","protected":false},"excerpt":{"rendered":"<p>Saumon Fum\u00e9 Maelstrom (Cercle Artique) Entier Pr\u00e9tranch\u00e9<br \/>\n1kg environ.<br \/>\n48.80\u20ac\/kg<\/p>\n<p><span class=\"d2edcug0 hpfvmrgz qv66sw1b c1et5uql lr9zc1uh a8c37x1j keod5gw0 nxhoafnm aigsh9s9 d3f4x2em fe6kdd0r mau55g9w c8b282yb iv3no6db jq4qci2q a3bd9o3v knj5qynh oo9gr5id\" dir=\"auto\">Le saumon du cercle Arctique<\/span><\/p>\n<p>Un saumon qui respecte l&rsquo;environnement et le consommateur.<br \/>\nUne densit\u00e9 d&rsquo;\u00e9levage maitris\u00e9e, gage d&rsquo;excellence: 97.5% d&rsquo;eau, 2.5% de saumon.<br \/>\nUne alimentation stricte et contr\u00f4l\u00e9e sans OGM, sans hormone. de croissance et antibiotiques, sans prot\u00e9ines animales terrestres.<\/p>\n","protected":false},"featured_media":18979,"comment_status":"closed","ping_status":"closed","template":"","meta":[],"product_cat":[449],"product_tag":[],"supplier_id":null,"supplier_sku":"","atum_controlled":false,"out_stock_date":null,"out_stock_threshold":null,"inheritable":false,"inbound_stock":0,"stock_on_hold":0,"sold_today":0,"sales_last_days":0,"out_stock_days":0,"lost_sales":0,"has_location":false,"update_date":"2026-05-07T22:29:58","atum_locations":[],"atum_stock_status":"instock","restock_status":false,"low_stock_amount":"","sales_update_date":"2026-05-07T22:29:58","calc_backorders":null,"_links":{"self":[{"href":"https:\/\/www.epicerie-lasource.org\/magasin\/wp-json\/wp\/v2\/product\/18958"}],"collection":[{"href":"https:\/\/www.epicerie-lasource.org\/magasin\/wp-json\/wp\/v2\/product"}],"about":[{"href":"https:\/\/www.epicerie-lasource.org\/magasin\/wp-json\/wp\/v2\/types\/product"}],"replies":[{"embeddable":true,"href":"https:\/\/www.epicerie-lasource.org\/magasin\/wp-json\/wp\/v2\/comments?post=18958"}],"wp:featuredmedia":[{"embeddable":true,"href":"https:\/\/www.epicerie-lasource.org\/magasin\/wp-json\/wp\/v2\/media\/18979"}],"wp:attachment":[{"href":"https:\/\/www.epicerie-lasource.org\/magasin\/wp-json\/wp\/v2\/media?parent=18958"}],"wp:term":[{"taxonomy":"product_cat","embeddable":true,"href":"https:\/\/www.epicerie-lasource.org\/magasin\/wp-json\/wp\/v2\/product_cat?post=18958"},{"taxonomy":"product_tag","embeddable":true,"href":"https:\/\/www.epicerie-lasource.org\/magasin\/wp-json\/wp\/v2\/product_tag?post=18958"}],"curies":[{"name":"wp","href":"https:\/\/api.w.org\/{rel}","templated":true}]}}