{"id":18665,"date":"2024-11-28T15:46:03","date_gmt":"2024-11-28T14:46:03","guid":{"rendered":"https:\/\/www.epicerie-lasource.org\/magasin\/?post_type=product&#038;p=18665"},"modified":"2025-12-10T18:44:27","modified_gmt":"2025-12-10T17:44:27","slug":"delice-de-homards-a-la-fine-de-bretagne-100-gr-penmarch","status":"publish","type":"product","link":"https:\/\/www.epicerie-lasource.org\/magasin\/produit\/delice-de-homards-a-la-fine-de-bretagne-100-gr-penmarch\/","title":{"rendered":"D\u00e9lice de Homards \u00e0 la Fine de Bretagne 100 gr Penmarc&rsquo;h"},"content":{"rendered":"","protected":false},"excerpt":{"rendered":"<p>D\u00e9lice de Homards \u00e0 la Fine de Bretagne 100 gr Penmarc&rsquo;h<\/p>\n","protected":false},"featured_media":50043,"comment_status":"closed","ping_status":"closed","template":"","meta":[],"product_cat":[652,449],"product_tag":[],"supplier_id":24938,"supplier_sku":"","atum_controlled":true,"out_stock_date":"2025-12-10 17:44:27","out_stock_threshold":null,"inheritable":false,"inbound_stock":0,"stock_on_hold":0,"sold_today":0,"sales_last_days":0,"out_stock_days":147,"lost_sales":78.96,"has_location":false,"update_date":"2026-05-06T22:30:34","atum_locations":[],"atum_stock_status":"onbackorder","restock_status":false,"low_stock_amount":"","sales_update_date":"2026-05-06T22:30:34","calc_backorders":0,"_links":{"self":[{"href":"https:\/\/www.epicerie-lasource.org\/magasin\/wp-json\/wp\/v2\/product\/18665"}],"collection":[{"href":"https:\/\/www.epicerie-lasource.org\/magasin\/wp-json\/wp\/v2\/product"}],"about":[{"href":"https:\/\/www.epicerie-lasource.org\/magasin\/wp-json\/wp\/v2\/types\/product"}],"replies":[{"embeddable":true,"href":"https:\/\/www.epicerie-lasource.org\/magasin\/wp-json\/wp\/v2\/comments?post=18665"}],"wp:featuredmedia":[{"embeddable":true,"href":"https:\/\/www.epicerie-lasource.org\/magasin\/wp-json\/wp\/v2\/media\/50043"}],"wp:attachment":[{"href":"https:\/\/www.epicerie-lasource.org\/magasin\/wp-json\/wp\/v2\/media?parent=18665"}],"wp:term":[{"taxonomy":"product_cat","embeddable":true,"href":"https:\/\/www.epicerie-lasource.org\/magasin\/wp-json\/wp\/v2\/product_cat?post=18665"},{"taxonomy":"product_tag","embeddable":true,"href":"https:\/\/www.epicerie-lasource.org\/magasin\/wp-json\/wp\/v2\/product_tag?post=18665"}],"curies":[{"name":"wp","href":"https:\/\/api.w.org\/{rel}","templated":true}]}}