{"id":17475,"date":"2021-05-19T17:43:42","date_gmt":"2021-05-19T15:43:42","guid":{"rendered":"https:\/\/www.epicerie-lasource.org\/magasin\/?post_type=product&#038;p=17475"},"modified":"2026-04-17T14:40:18","modified_gmt":"2026-04-17T12:40:18","slug":"polenta-markal-bio-500g","status":"publish","type":"product","link":"https:\/\/www.epicerie-lasource.org\/magasin\/produit\/polenta-markal-bio-500g\/","title":{"rendered":"Polenta Markal bio 500g"},"content":{"rendered":"","protected":false},"excerpt":{"rendered":"<p>Polenta Markal bio 500g<\/p>\n<p class=\"titre5 text-quaternary\"><strong>Ingr\u00e9dients<\/strong>: Ma\u00efs biologique<\/p>\n<p>Elle se pr\u00eate \u00e0 toutes vos envies : croustillante, cr\u00e9meuse ou moelleuse. Id\u00e9ale en galettes, pains, pur\u00e9es ou g\u00e2teaux. A conserver dans un endroit frais, sec et \u00e0 l&rsquo;abri de la lumi\u00e8re.<\/p>\n","protected":false},"featured_media":24738,"comment_status":"closed","ping_status":"closed","template":"","meta":[],"product_cat":[63,700],"product_tag":[],"supplier_id":23768,"supplier_sku":"","atum_controlled":true,"out_stock_date":null,"out_stock_threshold":null,"inheritable":false,"inbound_stock":0,"stock_on_hold":0,"sold_today":0,"sales_last_days":3,"out_stock_days":0,"lost_sales":0,"has_location":false,"update_date":"2026-05-04T22:29:20","atum_locations":[],"atum_stock_status":"onbackorder","restock_status":false,"low_stock_amount":"","sales_update_date":"2026-05-04T22:29:20","calc_backorders":-17,"_links":{"self":[{"href":"https:\/\/www.epicerie-lasource.org\/magasin\/wp-json\/wp\/v2\/product\/17475"}],"collection":[{"href":"https:\/\/www.epicerie-lasource.org\/magasin\/wp-json\/wp\/v2\/product"}],"about":[{"href":"https:\/\/www.epicerie-lasource.org\/magasin\/wp-json\/wp\/v2\/types\/product"}],"replies":[{"embeddable":true,"href":"https:\/\/www.epicerie-lasource.org\/magasin\/wp-json\/wp\/v2\/comments?post=17475"}],"wp:featuredmedia":[{"embeddable":true,"href":"https:\/\/www.epicerie-lasource.org\/magasin\/wp-json\/wp\/v2\/media\/24738"}],"wp:attachment":[{"href":"https:\/\/www.epicerie-lasource.org\/magasin\/wp-json\/wp\/v2\/media?parent=17475"}],"wp:term":[{"taxonomy":"product_cat","embeddable":true,"href":"https:\/\/www.epicerie-lasource.org\/magasin\/wp-json\/wp\/v2\/product_cat?post=17475"},{"taxonomy":"product_tag","embeddable":true,"href":"https:\/\/www.epicerie-lasource.org\/magasin\/wp-json\/wp\/v2\/product_tag?post=17475"}],"curies":[{"name":"wp","href":"https:\/\/api.w.org\/{rel}","templated":true}]}}