{"id":17219,"date":"2025-08-08T13:47:57","date_gmt":"2025-08-08T11:47:57","guid":{"rendered":"https:\/\/www.epicerie-lasource.org\/magasin\/?post_type=product&#038;p=17219"},"modified":"2026-04-17T15:38:10","modified_gmt":"2026-04-17T13:38:10","slug":"filets-de-maquereaux-marines-au-muscadet-et-aux-aromates-bio-132-gr-penmarch","status":"publish","type":"product","link":"https:\/\/www.epicerie-lasource.org\/magasin\/produit\/filets-de-maquereaux-marines-au-muscadet-et-aux-aromates-bio-132-gr-penmarch\/","title":{"rendered":"Filets de maquereaux marin\u00e9s \u00e0 l huile d olive et aux aromates bio 169 gr Penmarch"},"content":{"rendered":"","protected":false},"excerpt":{"rendered":"<h2 class=\"h4\">Ingr\u00e9dients<\/h2>\n<p>Filets de MAQUEREAUX* (Scomber scombrus) 59% (cuits au court bouillon : carotte, oignon, poireau, poivres, persil, ail, laurier, girofle, piment), huile d&rsquo;olive 10%, huile de tournesol, eau, carottes 4%, oignons 4%, olives vertes 4% (olives, eau, sel, acidifiants : acide citrique et acide lactique, antioxydant : acide ascorbique), sel. *P\u00each\u00e9s en Oc\u00e9an Atlantique Nord-Est<\/p>\n","protected":false},"featured_media":56475,"comment_status":"closed","ping_status":"closed","template":"","meta":[],"product_cat":[652,449],"product_tag":[],"supplier_id":24938,"supplier_sku":"","atum_controlled":true,"out_stock_date":null,"out_stock_threshold":null,"inheritable":false,"inbound_stock":0,"stock_on_hold":0,"sold_today":0,"sales_last_days":3,"out_stock_days":0,"lost_sales":0,"has_location":false,"update_date":"2026-04-28T22:24:39","atum_locations":[],"atum_stock_status":"onbackorder","restock_status":false,"low_stock_amount":"","sales_update_date":"2026-04-28T22:24:39","calc_backorders":-1,"_links":{"self":[{"href":"https:\/\/www.epicerie-lasource.org\/magasin\/wp-json\/wp\/v2\/product\/17219"}],"collection":[{"href":"https:\/\/www.epicerie-lasource.org\/magasin\/wp-json\/wp\/v2\/product"}],"about":[{"href":"https:\/\/www.epicerie-lasource.org\/magasin\/wp-json\/wp\/v2\/types\/product"}],"replies":[{"embeddable":true,"href":"https:\/\/www.epicerie-lasource.org\/magasin\/wp-json\/wp\/v2\/comments?post=17219"}],"wp:featuredmedia":[{"embeddable":true,"href":"https:\/\/www.epicerie-lasource.org\/magasin\/wp-json\/wp\/v2\/media\/56475"}],"wp:attachment":[{"href":"https:\/\/www.epicerie-lasource.org\/magasin\/wp-json\/wp\/v2\/media?parent=17219"}],"wp:term":[{"taxonomy":"product_cat","embeddable":true,"href":"https:\/\/www.epicerie-lasource.org\/magasin\/wp-json\/wp\/v2\/product_cat?post=17219"},{"taxonomy":"product_tag","embeddable":true,"href":"https:\/\/www.epicerie-lasource.org\/magasin\/wp-json\/wp\/v2\/product_tag?post=17219"}],"curies":[{"name":"wp","href":"https:\/\/api.w.org\/{rel}","templated":true}]}}