{"id":17141,"date":"2021-05-07T13:06:36","date_gmt":"2021-05-07T11:06:36","guid":{"rendered":"https:\/\/www.epicerie-lasource.org\/magasin\/?post_type=product&#038;p=17141"},"modified":"2026-04-01T15:34:39","modified_gmt":"2026-04-01T13:34:39","slug":"sardines-a-lancienne-a-lhuile-dolive-extra-vierge-115-gr-penmarch","status":"publish","type":"product","link":"https:\/\/www.epicerie-lasource.org\/magasin\/produit\/sardines-a-lancienne-a-lhuile-dolive-extra-vierge-115-gr-penmarch\/","title":{"rendered":"Sardines \u00e0 l&rsquo;ancienne \u00e0 l&rsquo;huile d&rsquo;olive extra vierge 115 gr Penmarc&rsquo;h"},"content":{"rendered":"","protected":false},"excerpt":{"rendered":"<p>Cette recette authentique de sardines \u00e0 l&rsquo;ancienne repose sur un savoir-faire ancestral exclusivement r\u00e9alis\u00e9 \u00e0 la main, avec des sardines fra\u00eechement d\u00e9barqu\u00e9es des ports bretons. Elles sont frites dans un bain d&rsquo;huile de tournesol, puis rang\u00e9es une \u00e0 une dans leur bo\u00eete. Leur pr\u00e9paration est faite dans le plus grand respect pour pr\u00e9server la qualit\u00e9 du poisson. Il suffit simplement d&rsquo;ouvrir la conserve de sardines pour la d\u00e9guster ! En plus de ce go\u00fbt sp\u00e9cifique, la sardine \u00e0 l\u2019ancienne conserve ses valeurs nutritives et reste riche en Om\u00e9ga 3, en calcium, en phosphore et en vitamine D.<\/p>\n<p>Osez les sardines \u00e0 l&rsquo;ap\u00e9ritif ! En les coupant en petits morceaux, sur des toasts aux algues. Agr\u00e9mentez avec du d\u00e9lice d&rsquo;algues, de la moutarde aux algues ou des salicornes. Vous pouvez \u00e9galement les \u00e9craser avec du fromage frais pour en faire des rillettes, en agr\u00e9mentant d&rsquo;\u00e9pices de votre choix.<\/p>\n<p>Ingr\u00e9dients<\/p>\n<p>SARDINES (Sardina pilchardus), huile d&rsquo;olive vierge extra, sel. Sardines p\u00each\u00e9es en Oc\u00e9an Atlantique Nord-est et d\u00e9barqu\u00e9es en Bretagne.<\/p>\n","protected":false},"featured_media":18959,"comment_status":"closed","ping_status":"closed","template":"","meta":[],"product_cat":[449],"product_tag":[],"supplier_id":24938,"supplier_sku":"","atum_controlled":true,"out_stock_date":null,"out_stock_threshold":null,"inheritable":false,"inbound_stock":0,"stock_on_hold":0,"sold_today":0,"sales_last_days":0,"out_stock_days":0,"lost_sales":0,"has_location":false,"update_date":"2026-05-06T22:29:15","atum_locations":[],"atum_stock_status":"onbackorder","restock_status":false,"low_stock_amount":"","sales_update_date":"2026-05-06T22:29:15","calc_backorders":-5,"_links":{"self":[{"href":"https:\/\/www.epicerie-lasource.org\/magasin\/wp-json\/wp\/v2\/product\/17141"}],"collection":[{"href":"https:\/\/www.epicerie-lasource.org\/magasin\/wp-json\/wp\/v2\/product"}],"about":[{"href":"https:\/\/www.epicerie-lasource.org\/magasin\/wp-json\/wp\/v2\/types\/product"}],"replies":[{"embeddable":true,"href":"https:\/\/www.epicerie-lasource.org\/magasin\/wp-json\/wp\/v2\/comments?post=17141"}],"wp:featuredmedia":[{"embeddable":true,"href":"https:\/\/www.epicerie-lasource.org\/magasin\/wp-json\/wp\/v2\/media\/18959"}],"wp:attachment":[{"href":"https:\/\/www.epicerie-lasource.org\/magasin\/wp-json\/wp\/v2\/media?parent=17141"}],"wp:term":[{"taxonomy":"product_cat","embeddable":true,"href":"https:\/\/www.epicerie-lasource.org\/magasin\/wp-json\/wp\/v2\/product_cat?post=17141"},{"taxonomy":"product_tag","embeddable":true,"href":"https:\/\/www.epicerie-lasource.org\/magasin\/wp-json\/wp\/v2\/product_tag?post=17141"}],"curies":[{"name":"wp","href":"https:\/\/api.w.org\/{rel}","templated":true}]}}