{"id":17109,"date":"2024-01-02T14:44:30","date_gmt":"2024-01-02T13:44:30","guid":{"rendered":"https:\/\/www.epicerie-lasource.org\/magasin\/?post_type=product&#038;p=17109"},"modified":"2025-06-20T12:24:38","modified_gmt":"2025-06-20T10:24:38","slug":"saucisses-de-poulet-la-mere-miche-au-choix","status":"publish","type":"product","link":"https:\/\/www.epicerie-lasource.org\/magasin\/produit\/saucisses-de-poulet-la-mere-miche-au-choix\/","title":{"rendered":"Saucisses de Poulet La m\u00e8re Miche au choix"},"content":{"rendered":"","protected":false},"excerpt":{"rendered":"<p>Saucisses de poulet de La M\u00e8re Miche \u00e0 Nieurlet<br \/>\nAux choix en 350 gr, 700 gr, ou au kilo<br \/>\nNature ou Curry<\/p>\n","protected":false},"featured_media":17114,"comment_status":"open","ping_status":"closed","template":"","meta":[],"product_cat":[15,687],"product_tag":[],"supplier_id":null,"supplier_sku":"","atum_controlled":true,"out_stock_date":null,"out_stock_threshold":null,"inheritable":true,"inbound_stock":0,"stock_on_hold":2,"sold_today":0,"sales_last_days":7,"out_stock_days":0,"lost_sales":0,"has_location":false,"update_date":"2026-04-21T22:16:56","atum_locations":[],"atum_stock_status":"instock","restock_status":false,"low_stock_amount":"","sales_update_date":"2026-04-18T22:14:20","calc_backorders":null,"_links":{"self":[{"href":"https:\/\/www.epicerie-lasource.org\/magasin\/wp-json\/wp\/v2\/product\/17109"}],"collection":[{"href":"https:\/\/www.epicerie-lasource.org\/magasin\/wp-json\/wp\/v2\/product"}],"about":[{"href":"https:\/\/www.epicerie-lasource.org\/magasin\/wp-json\/wp\/v2\/types\/product"}],"replies":[{"embeddable":true,"href":"https:\/\/www.epicerie-lasource.org\/magasin\/wp-json\/wp\/v2\/comments?post=17109"}],"wp:featuredmedia":[{"embeddable":true,"href":"https:\/\/www.epicerie-lasource.org\/magasin\/wp-json\/wp\/v2\/media\/17114"}],"wp:attachment":[{"href":"https:\/\/www.epicerie-lasource.org\/magasin\/wp-json\/wp\/v2\/media?parent=17109"}],"wp:term":[{"taxonomy":"product_cat","embeddable":true,"href":"https:\/\/www.epicerie-lasource.org\/magasin\/wp-json\/wp\/v2\/product_cat?post=17109"},{"taxonomy":"product_tag","embeddable":true,"href":"https:\/\/www.epicerie-lasource.org\/magasin\/wp-json\/wp\/v2\/product_tag?post=17109"}],"curies":[{"name":"wp","href":"https:\/\/api.w.org\/{rel}","templated":true}]}}