{"id":16298,"date":"2021-04-07T16:07:46","date_gmt":"2021-04-07T14:07:46","guid":{"rendered":"https:\/\/www.epicerie-lasource.org\/magasin\/?post_type=product&#038;p=16298"},"modified":"2026-04-27T19:08:01","modified_gmt":"2026-04-27T17:08:01","slug":"noisettes-decortiquees-markal-bio-au-choix-100g-250g-500g","status":"publish","type":"product","link":"https:\/\/www.epicerie-lasource.org\/magasin\/produit\/noisettes-decortiquees-markal-bio-au-choix-100g-250g-500g\/","title":{"rendered":"Vrac- Noisettes d\u00e9cortiqu\u00e9es Markal Bio"},"content":{"rendered":"","protected":false},"excerpt":{"rendered":"<p>Noisettes d\u00e9cortiqu\u00e9es issu de l&rsquo;agriculture biologique<br \/>\nSe d\u00e9gustent \u00e0 l\u2019ap\u00e9ritif, en en-cas ou en dessert. Souvent utilis\u00e9es en poudre, concass\u00e9es ou en copeaux pour les p\u00e2tisseries et biscuits.<\/p>\n<h5 class=\"titre5 text-quaternary\">Traces possibles d&rsquo;Allerg\u00e8nes: Fruits \u00e0 coque, Gluten, S\u00e9same, Soja<\/h5>\n","protected":false},"featured_media":25104,"comment_status":"closed","ping_status":"closed","template":"","meta":[],"product_cat":[715,64,692],"product_tag":[],"supplier_id":null,"supplier_sku":"","atum_controlled":true,"out_stock_date":null,"out_stock_threshold":null,"inheritable":true,"inbound_stock":0,"stock_on_hold":0,"sold_today":0,"sales_last_days":4,"out_stock_days":0,"lost_sales":0,"has_location":false,"update_date":"2026-05-03T22:29:33","atum_locations":[],"atum_stock_status":"onbackorder","restock_status":false,"low_stock_amount":"","sales_update_date":"2026-05-01T22:29:32","calc_backorders":-93.54,"_links":{"self":[{"href":"https:\/\/www.epicerie-lasource.org\/magasin\/wp-json\/wp\/v2\/product\/16298"}],"collection":[{"href":"https:\/\/www.epicerie-lasource.org\/magasin\/wp-json\/wp\/v2\/product"}],"about":[{"href":"https:\/\/www.epicerie-lasource.org\/magasin\/wp-json\/wp\/v2\/types\/product"}],"replies":[{"embeddable":true,"href":"https:\/\/www.epicerie-lasource.org\/magasin\/wp-json\/wp\/v2\/comments?post=16298"}],"wp:featuredmedia":[{"embeddable":true,"href":"https:\/\/www.epicerie-lasource.org\/magasin\/wp-json\/wp\/v2\/media\/25104"}],"wp:attachment":[{"href":"https:\/\/www.epicerie-lasource.org\/magasin\/wp-json\/wp\/v2\/media?parent=16298"}],"wp:term":[{"taxonomy":"product_cat","embeddable":true,"href":"https:\/\/www.epicerie-lasource.org\/magasin\/wp-json\/wp\/v2\/product_cat?post=16298"},{"taxonomy":"product_tag","embeddable":true,"href":"https:\/\/www.epicerie-lasource.org\/magasin\/wp-json\/wp\/v2\/product_tag?post=16298"}],"curies":[{"name":"wp","href":"https:\/\/api.w.org\/{rel}","templated":true}]}}