{"id":15465,"date":"2025-08-15T15:55:18","date_gmt":"2025-08-15T13:55:18","guid":{"rendered":"https:\/\/www.epicerie-lasource.org\/magasin\/?post_type=product&#038;p=15465"},"modified":"2026-05-11T20:00:02","modified_gmt":"2026-05-11T18:00:02","slug":"fromage-le-trhoublon-portion-de-250gr-environ","status":"publish","type":"product","link":"https:\/\/www.epicerie-lasource.org\/magasin\/produit\/fromage-le-trhoublon-portion-de-250gr-environ\/","title":{"rendered":"\u00ab\u00a0Le Trhoublon\u00a0\u00bb  \u00e0 la bi\u00e8re brune 250gr &#8211; La Fromagerie d&rsquo;Eecke"},"content":{"rendered":"","protected":false},"excerpt":{"rendered":"<div id=\"cc-m-9718875585\" class=\"j-module n j-text \"><\/div>\n<div id=\"cc-m-9714469785\" class=\"j-module n j-header \">\n<h5 id=\"cc-m-header-9714469785\">Le Trhoublon, fromage \u00e0 la bi\u00e8re, fait avec <a title=\"https:\/\/www.facebook.com\/la.leonce.darmentieres\" href=\"https:\/\/www.facebook.com\/la.leonce.darmentieres\" target=\"_blank\" rel=\"noopener\">La L\u00e9once Brune<\/a> de la Brasserie Mal\u00e9cot, en collaboration avec Les Papillons Blanc de Lille.<br \/>\nLa bi\u00e8re contribue parfaitement \u00e0 l&rsquo;\u00e9quilibre fromage-bi\u00e8re<br \/>\nFromage M\u00e9daille d&rsquo;argent au concours international de Lyon en D\u00e9cembre 2020.<br \/>\nPortion de 250 gr environ sous vide<\/h5>\n<p>21.13\/kg<\/p>\n<\/div>\n","protected":false},"featured_media":45346,"comment_status":"closed","ping_status":"closed","template":"","meta":[],"product_cat":[25],"product_tag":[],"supplier_id":null,"supplier_sku":"","atum_controlled":false,"out_stock_date":null,"out_stock_threshold":null,"inheritable":false,"inbound_stock":0,"stock_on_hold":1,"sold_today":0,"sales_last_days":1,"out_stock_days":0,"lost_sales":0,"has_location":false,"update_date":"2026-05-14T22:46:20","atum_locations":[],"atum_stock_status":"onbackorder","restock_status":false,"low_stock_amount":"","sales_update_date":"2026-05-14T22:46:20","calc_backorders":-30.265,"_links":{"self":[{"href":"https:\/\/www.epicerie-lasource.org\/magasin\/wp-json\/wp\/v2\/product\/15465"}],"collection":[{"href":"https:\/\/www.epicerie-lasource.org\/magasin\/wp-json\/wp\/v2\/product"}],"about":[{"href":"https:\/\/www.epicerie-lasource.org\/magasin\/wp-json\/wp\/v2\/types\/product"}],"replies":[{"embeddable":true,"href":"https:\/\/www.epicerie-lasource.org\/magasin\/wp-json\/wp\/v2\/comments?post=15465"}],"wp:featuredmedia":[{"embeddable":true,"href":"https:\/\/www.epicerie-lasource.org\/magasin\/wp-json\/wp\/v2\/media\/45346"}],"wp:attachment":[{"href":"https:\/\/www.epicerie-lasource.org\/magasin\/wp-json\/wp\/v2\/media?parent=15465"}],"wp:term":[{"taxonomy":"product_cat","embeddable":true,"href":"https:\/\/www.epicerie-lasource.org\/magasin\/wp-json\/wp\/v2\/product_cat?post=15465"},{"taxonomy":"product_tag","embeddable":true,"href":"https:\/\/www.epicerie-lasource.org\/magasin\/wp-json\/wp\/v2\/product_tag?post=15465"}],"curies":[{"name":"wp","href":"https:\/\/api.w.org\/{rel}","templated":true}]}}