{"id":15463,"date":"2025-08-15T15:55:18","date_gmt":"2025-08-15T13:55:18","guid":{"rendered":"https:\/\/www.epicerie-lasource.org\/magasin\/?post_type=product&#038;p=15463"},"modified":"2026-05-11T21:44:04","modified_gmt":"2026-05-11T19:44:04","slug":"fromage-le-carre-mer-portion-de-250gr-environ","status":"publish","type":"product","link":"https:\/\/www.epicerie-lasource.org\/magasin\/produit\/fromage-le-carre-mer-portion-de-250gr-environ\/","title":{"rendered":"\u00ab\u00a0Le Carr\u00e9 Mer\u00a0\u00bb aux algues bretonnes 250gr &#8211; La Fromagerie d&rsquo;Eecke"},"content":{"rendered":"","protected":false},"excerpt":{"rendered":"<p>Le Carr\u00e9-Mer : un fromage \u00e0 p\u00e2te press\u00e9e non cuite, auquel a \u00e9tait ajout\u00e9 des algues de mer.<br \/>\nMoelleux, l&rsquo;ajout des algues bretonnes bio donne un go\u00fbt iod\u00e9, une pointe d&rsquo;ail apporte une petite touche subtile en fin de bouche.<br \/>\nPortion de 250gr environ sous vide.<\/p>\n<p>20.93\/kg<\/p>\n","protected":false},"featured_media":45347,"comment_status":"closed","ping_status":"closed","template":"","meta":[],"product_cat":[25],"product_tag":[],"supplier_id":null,"supplier_sku":"","atum_controlled":false,"out_stock_date":null,"out_stock_threshold":null,"inheritable":false,"inbound_stock":0,"stock_on_hold":1,"sold_today":0,"sales_last_days":1.94,"out_stock_days":0,"lost_sales":0,"has_location":false,"update_date":"2026-05-14T22:46:28","atum_locations":[],"atum_stock_status":"onbackorder","restock_status":false,"low_stock_amount":"","sales_update_date":"2026-05-14T22:46:28","calc_backorders":-35.44,"_links":{"self":[{"href":"https:\/\/www.epicerie-lasource.org\/magasin\/wp-json\/wp\/v2\/product\/15463"}],"collection":[{"href":"https:\/\/www.epicerie-lasource.org\/magasin\/wp-json\/wp\/v2\/product"}],"about":[{"href":"https:\/\/www.epicerie-lasource.org\/magasin\/wp-json\/wp\/v2\/types\/product"}],"replies":[{"embeddable":true,"href":"https:\/\/www.epicerie-lasource.org\/magasin\/wp-json\/wp\/v2\/comments?post=15463"}],"wp:featuredmedia":[{"embeddable":true,"href":"https:\/\/www.epicerie-lasource.org\/magasin\/wp-json\/wp\/v2\/media\/45347"}],"wp:attachment":[{"href":"https:\/\/www.epicerie-lasource.org\/magasin\/wp-json\/wp\/v2\/media?parent=15463"}],"wp:term":[{"taxonomy":"product_cat","embeddable":true,"href":"https:\/\/www.epicerie-lasource.org\/magasin\/wp-json\/wp\/v2\/product_cat?post=15463"},{"taxonomy":"product_tag","embeddable":true,"href":"https:\/\/www.epicerie-lasource.org\/magasin\/wp-json\/wp\/v2\/product_tag?post=15463"}],"curies":[{"name":"wp","href":"https:\/\/api.w.org\/{rel}","templated":true}]}}