{"id":15461,"date":"2025-08-15T15:55:18","date_gmt":"2025-08-15T13:55:18","guid":{"rendered":"https:\/\/www.epicerie-lasource.org\/magasin\/?post_type=product&#038;p=15461"},"modified":"2026-04-17T14:40:18","modified_gmt":"2026-04-17T12:40:18","slug":"fromage-eeckekaes-fenugrec-portion-de-250gr-environ","status":"publish","type":"product","link":"https:\/\/www.epicerie-lasource.org\/magasin\/produit\/fromage-eeckekaes-fenugrec-portion-de-250gr-environ\/","title":{"rendered":"\u00ab\u00a0L&rsquo;Eeckekaes au Fenugrec\u00a0\u00bb  250gr &#8211; La Fromagerie d&rsquo;Eecke"},"content":{"rendered":"","protected":false},"excerpt":{"rendered":"<p>L&rsquo;Eeckekaes au f\u00e9nugrec; une fusion subtile entre le lait cru et le go\u00fbt de noix du f\u00e9nugrec!<br \/>\nLes graines de fenugrec torr\u00e9fi\u00e9es ajoutent \u00e0 l&rsquo; Eeckekaes des saveurs rustiques m\u00eal\u00e9es de doux et subtiles parfums de caf\u00e9 et de noisettes.<\/p>\n<p>Emball\u00e9 sous vide en portion de 250 grs environ.<\/p>\n","protected":false},"featured_media":45348,"comment_status":"closed","ping_status":"closed","template":"","meta":[],"product_cat":[25],"product_tag":[],"supplier_id":null,"supplier_sku":"","atum_controlled":false,"out_stock_date":null,"out_stock_threshold":null,"inheritable":false,"inbound_stock":0,"stock_on_hold":1,"sold_today":0,"sales_last_days":1,"out_stock_days":0,"lost_sales":0,"has_location":false,"update_date":"2026-05-14T22:46:58","atum_locations":[],"atum_stock_status":"onbackorder","restock_status":false,"low_stock_amount":"","sales_update_date":"2026-05-14T22:46:58","calc_backorders":-50.314,"_links":{"self":[{"href":"https:\/\/www.epicerie-lasource.org\/magasin\/wp-json\/wp\/v2\/product\/15461"}],"collection":[{"href":"https:\/\/www.epicerie-lasource.org\/magasin\/wp-json\/wp\/v2\/product"}],"about":[{"href":"https:\/\/www.epicerie-lasource.org\/magasin\/wp-json\/wp\/v2\/types\/product"}],"replies":[{"embeddable":true,"href":"https:\/\/www.epicerie-lasource.org\/magasin\/wp-json\/wp\/v2\/comments?post=15461"}],"wp:featuredmedia":[{"embeddable":true,"href":"https:\/\/www.epicerie-lasource.org\/magasin\/wp-json\/wp\/v2\/media\/45348"}],"wp:attachment":[{"href":"https:\/\/www.epicerie-lasource.org\/magasin\/wp-json\/wp\/v2\/media?parent=15461"}],"wp:term":[{"taxonomy":"product_cat","embeddable":true,"href":"https:\/\/www.epicerie-lasource.org\/magasin\/wp-json\/wp\/v2\/product_cat?post=15461"},{"taxonomy":"product_tag","embeddable":true,"href":"https:\/\/www.epicerie-lasource.org\/magasin\/wp-json\/wp\/v2\/product_tag?post=15461"}],"curies":[{"name":"wp","href":"https:\/\/api.w.org\/{rel}","templated":true}]}}