{"id":15449,"date":"2025-08-15T15:55:18","date_gmt":"2025-08-15T13:55:18","guid":{"rendered":"https:\/\/www.epicerie-lasource.org\/magasin\/?post_type=product&#038;p=15449"},"modified":"2026-04-01T18:56:33","modified_gmt":"2026-04-01T16:56:33","slug":"fromage-le-petit-belge-aux-herbes-italiennes-portion-de-250gr-environ","status":"publish","type":"product","link":"https:\/\/www.epicerie-lasource.org\/magasin\/produit\/fromage-le-petit-belge-aux-herbes-italiennes-portion-de-250gr-environ\/","title":{"rendered":"\u00ab\u00a0Le Petit Belge aux herbes italiennes\u00a0\u00bb 250gr- La Fromagerie d&rsquo;Eecke"},"content":{"rendered":"","protected":false},"excerpt":{"rendered":"<div id=\"cc-m-9718875585\" class=\"j-module n j-text \">\n<p><strong>Le P\u2019tit Belge, un grand<\/strong>\u00a0 <strong>fro<\/strong><strong>mage!<br \/>\n<\/strong>Un fromage jeune, tendre et moelleux \u00e0 p\u00e2te press\u00e9e non cuite.<br \/>\nAux herbes italiennes et tomates s\u00e9ch\u00e9es.<\/p>\n<p>En portion de 250gr environ sous vide.<\/p>\n<p>20.94\/kg<\/p>\n<\/div>\n","protected":false},"featured_media":45350,"comment_status":"closed","ping_status":"closed","template":"","meta":[],"product_cat":[25],"product_tag":[],"supplier_id":null,"supplier_sku":"","atum_controlled":false,"out_stock_date":null,"out_stock_threshold":null,"inheritable":false,"inbound_stock":0,"stock_on_hold":0,"sold_today":0,"sales_last_days":0,"out_stock_days":0,"lost_sales":0,"has_location":false,"update_date":"2026-05-14T22:47:36","atum_locations":[],"atum_stock_status":"onbackorder","restock_status":false,"low_stock_amount":"","sales_update_date":"2026-05-14T22:47:36","calc_backorders":-4.75,"_links":{"self":[{"href":"https:\/\/www.epicerie-lasource.org\/magasin\/wp-json\/wp\/v2\/product\/15449"}],"collection":[{"href":"https:\/\/www.epicerie-lasource.org\/magasin\/wp-json\/wp\/v2\/product"}],"about":[{"href":"https:\/\/www.epicerie-lasource.org\/magasin\/wp-json\/wp\/v2\/types\/product"}],"replies":[{"embeddable":true,"href":"https:\/\/www.epicerie-lasource.org\/magasin\/wp-json\/wp\/v2\/comments?post=15449"}],"wp:featuredmedia":[{"embeddable":true,"href":"https:\/\/www.epicerie-lasource.org\/magasin\/wp-json\/wp\/v2\/media\/45350"}],"wp:attachment":[{"href":"https:\/\/www.epicerie-lasource.org\/magasin\/wp-json\/wp\/v2\/media?parent=15449"}],"wp:term":[{"taxonomy":"product_cat","embeddable":true,"href":"https:\/\/www.epicerie-lasource.org\/magasin\/wp-json\/wp\/v2\/product_cat?post=15449"},{"taxonomy":"product_tag","embeddable":true,"href":"https:\/\/www.epicerie-lasource.org\/magasin\/wp-json\/wp\/v2\/product_tag?post=15449"}],"curies":[{"name":"wp","href":"https:\/\/api.w.org\/{rel}","templated":true}]}}