{"id":14627,"date":"2024-09-08T18:31:36","date_gmt":"2024-09-08T16:31:36","guid":{"rendered":"https:\/\/www.epicerie-lasource.org\/magasin\/?post_type=product&#038;p=14627"},"modified":"2025-08-13T16:47:22","modified_gmt":"2025-08-13T14:47:22","slug":"huile-essentielle-lavandin-grosso-bio-drome-10-ml","status":"publish","type":"product","link":"https:\/\/www.epicerie-lasource.org\/magasin\/produit\/huile-essentielle-lavandin-grosso-bio-drome-10-ml\/","title":{"rendered":"Huile essentielle Lavandin Grosso Bio Dr\u00f4me 10 ml"},"content":{"rendered":"","protected":false},"excerpt":{"rendered":"<div class=\"product__detail__content\">\n<div class=\"product__detail__content\">\n<p>100% pure et naturelle<br \/>\nOrgane : <strong>sommit\u00e9s fleuries<\/strong><br \/>\nCh\u00e9motype : <strong>ac\u00e9tate de linalyle, linalol, camphre<\/strong><\/p>\n<p>Les huiles essentielles sont des extraits naturels de plantes aromatiques. Elles sont tr\u00e8s concentr\u00e9es en principes actifs. Il convient de les manipuler avec pr\u00e9caution, en tenant compte de la condition physique de la personne qui les utilise (\u00e2ge, sant\u00e9&#8230;), en respectant les dosages et les modes d\u2019utilisations traditionnellement recommand\u00e9s.<\/p>\n<\/div>\n<div class=\"product__see-more__content js-see-more-content\">\n<p class=\"product__detail__title --advice\">Conseil de pr\u00e9paration<\/p>\n<div class=\"product__detail__content\">\n<p><strong>Usage alimentaire<\/strong><\/p>\n<p><strong>CONSEIL D\u2019UTILISATION<\/strong><br \/>\n<strong>Ne pas d\u00e9passer la dose journali\u00e8re de 2 gouttes.<\/strong><br \/>\n\u00c0 consommer dans le cadre d\u2019une alimentation saine et \u00e9quilibr\u00e9e.<\/p>\n<p><strong>PR\u00c9CAUTIONS D&rsquo;EMPLOI<\/strong><br \/>\nNe pas utiliser pur sur la peau.<br \/>\nD\u00e9conseill\u00e9 en cas de grossesse, allaitement et chez l\u2019enfant de moins de 6 ans.<br \/>\nEn dilution, \u00e9viter une exposition au soleil apr\u00e8s application.<br \/>\nNe pas mettre en contact avec les yeux. En cas de contact accidentel avec la peau, rincer abondamment.<br \/>\nTenir hors de port\u00e9e des jeunes enfants<br \/>\nNe pas jeter directement dans la nature ou dans un \u00e9vier.<br \/>\n\u00c0 conserver \u00e0 l\u2019abri de la lumi\u00e8re et de la chaleur.<\/p>\n<p>\u2022 Les huiles essentielles ne doivent pas \u00eatre appliqu\u00e9es sur les yeux, le contour des yeux, ni dans les oreilles. En cas de contact, appliquez abondamment une huile v\u00e9g\u00e9tale, puis rincez \u00e0 l\u2019eau. Consultez rapidement un m\u00e9decin. Les huiles essentielles doivent \u00eatre imp\u00e9rativement dilu\u00e9es pour une application sur les muqueuses.<\/p>\n<p>\u2022 Gardez toujours les huiles essentielles hors de port\u00e9e et hors de vue des enfants. Pour leur s\u00e9curit\u00e9, ne jamais retirer la capsule codigoutte des flacons des huiles essentielles.<\/p>\n<p>\u2022 Certaines huiles peuvent \u00eatre irritantes ou particuli\u00e8rement sensibilisantes. Nous vous recommandons de toujours effectuer un test de tol\u00e9rance cutan\u00e9e dans le pli du coude pendant au moins 48 heures avant toute utilisation \u00e0 l\u2019\u00e9tat pur ou dilu\u00e9 sur la peau. Si vous observez une r\u00e9action (rougeur, irritation, picotement&#8230;), n\u2019utilisez pas l\u2019huile essentielle.<\/p>\n<p>\u2022 D\u2019une mani\u00e8re g\u00e9n\u00e9rale, nous d\u00e9conseillons l\u2019usage d\u2019huiles essentielles pour les femmes enceintes ou allaitantes, les personnes \u00e9pileptiques, les personnes hypersensibles ou pr\u00e9sentant un cancer hormono-d\u00e9pendant, et plus g\u00e9n\u00e9ralement celles ayant des probl\u00e8mes de sant\u00e9. Sauf avis m\u00e9dical, n\u2019utilisez pas d\u2019huiles essentielles chez les b\u00e9b\u00e9s et les enfants de moins de 3 ans. Pour les enfants de plus de 3 ans, utilisez-les exclusivement sous contr\u00f4le m\u00e9dical.<\/p>\n<p>\u2022 Les injections d\u2019huiles essentielles sont rigoureusement interdites.<\/p>\n<p>\u2022 En cas d\u2019allergies respiratoires ou d\u2019asthme, \u00e9vitez d\u2019inhaler directement les diffusions d\u2019huiles essentielles.<\/p>\n<p>\u2022 N\u2019associez pas huiles essentielles et traitements m\u00e9dicamenteux sans avis m\u00e9dical.<\/p>\n<p>\u2022 Consultez un m\u00e9decin pour toute indication th\u00e9rapeutique ou tout traitement par voie orale.<\/p>\n<p>\u2022 En cas d\u2019ingestion accidentelle, avalez plusieurs cuiller\u00e9es d\u2019huile v\u00e9g\u00e9tale afin de diluer l\u2019huile essentielle, contactez un centre antipoison et consultez un m\u00e9decin.<\/p>\n<p><strong>En cas de doutes ou d\u2019interrogations, n\u2019h\u00e9sitez pas \u00e0 demander conseil \u00e0 votre m\u00e9decin.<\/strong><\/p>\n<\/div>\n<\/div>\n<\/div>\n","protected":false},"featured_media":14628,"comment_status":"closed","ping_status":"closed","template":"","meta":[],"product_cat":[207,652],"product_tag":[],"supplier_id":24355,"supplier_sku":"","atum_controlled":true,"out_stock_date":null,"out_stock_threshold":null,"inheritable":false,"inbound_stock":0,"stock_on_hold":0,"sold_today":0,"sales_last_days":0,"out_stock_days":0,"lost_sales":0,"has_location":false,"update_date":"2026-04-13T22:11:17","atum_locations":[],"atum_stock_status":"instock","restock_status":false,"low_stock_amount":"","sales_update_date":"2026-04-13T22:11:17","calc_backorders":0,"_links":{"self":[{"href":"https:\/\/www.epicerie-lasource.org\/magasin\/wp-json\/wp\/v2\/product\/14627"}],"collection":[{"href":"https:\/\/www.epicerie-lasource.org\/magasin\/wp-json\/wp\/v2\/product"}],"about":[{"href":"https:\/\/www.epicerie-lasource.org\/magasin\/wp-json\/wp\/v2\/types\/product"}],"replies":[{"embeddable":true,"href":"https:\/\/www.epicerie-lasource.org\/magasin\/wp-json\/wp\/v2\/comments?post=14627"}],"wp:featuredmedia":[{"embeddable":true,"href":"https:\/\/www.epicerie-lasource.org\/magasin\/wp-json\/wp\/v2\/media\/14628"}],"wp:attachment":[{"href":"https:\/\/www.epicerie-lasource.org\/magasin\/wp-json\/wp\/v2\/media?parent=14627"}],"wp:term":[{"taxonomy":"product_cat","embeddable":true,"href":"https:\/\/www.epicerie-lasource.org\/magasin\/wp-json\/wp\/v2\/product_cat?post=14627"},{"taxonomy":"product_tag","embeddable":true,"href":"https:\/\/www.epicerie-lasource.org\/magasin\/wp-json\/wp\/v2\/product_tag?post=14627"}],"curies":[{"name":"wp","href":"https:\/\/api.w.org\/{rel}","templated":true}]}}