{"id":14406,"date":"2021-01-06T10:09:07","date_gmt":"2021-01-06T09:09:07","guid":{"rendered":"https:\/\/www.epicerie-lasource.org\/magasin\/?post_type=product&#038;p=14406"},"modified":"2026-05-05T07:52:16","modified_gmt":"2026-05-05T05:52:16","slug":"jus-fruits-des-bois-pajottenlander-bio-75cl","status":"publish","type":"product","link":"https:\/\/www.epicerie-lasource.org\/magasin\/produit\/jus-fruits-des-bois-pajottenlander-bio-75cl\/","title":{"rendered":"Jus Fruits des bois Pajottenlander 75cl Bio (bouteille consign\u00e9e)"},"content":{"rendered":"","protected":false},"excerpt":{"rendered":"<p>75 % jus de pomme avec pulpe, 5 % jus de myrtilles, 5 % jus de m\u00fbres, 5 % jus de framboises des bois, 5 % jus de cassis, 5 % jus de fraises.<\/p>\n<p>Fruits des bois Pajottenlander a une couleur mauve-rouge clair.<br \/>\nL\u2019ar\u00f4me est frais, acidul\u00e9 et doux avec un go\u00fbt prononc\u00e9 de fruits des bois.<\/p>\n<h3><strong>Attention: Bouteille consign\u00e9e<br \/>\n<\/strong><\/h3>\n<p>&nbsp;<\/p>\n","protected":false},"featured_media":18928,"comment_status":"closed","ping_status":"closed","template":"","meta":[],"product_cat":[22,475],"product_tag":[],"supplier_id":23768,"supplier_sku":"","atum_controlled":true,"out_stock_date":null,"out_stock_threshold":null,"inheritable":false,"inbound_stock":0,"stock_on_hold":1,"sold_today":1,"sales_last_days":3,"out_stock_days":0,"lost_sales":0,"has_location":false,"update_date":"2026-05-05T03:52:20","atum_locations":[],"atum_stock_status":"onbackorder","restock_status":false,"low_stock_amount":"","sales_update_date":"2026-05-05T03:52:20","calc_backorders":-8,"_links":{"self":[{"href":"https:\/\/www.epicerie-lasource.org\/magasin\/wp-json\/wp\/v2\/product\/14406"}],"collection":[{"href":"https:\/\/www.epicerie-lasource.org\/magasin\/wp-json\/wp\/v2\/product"}],"about":[{"href":"https:\/\/www.epicerie-lasource.org\/magasin\/wp-json\/wp\/v2\/types\/product"}],"replies":[{"embeddable":true,"href":"https:\/\/www.epicerie-lasource.org\/magasin\/wp-json\/wp\/v2\/comments?post=14406"}],"wp:featuredmedia":[{"embeddable":true,"href":"https:\/\/www.epicerie-lasource.org\/magasin\/wp-json\/wp\/v2\/media\/18928"}],"wp:attachment":[{"href":"https:\/\/www.epicerie-lasource.org\/magasin\/wp-json\/wp\/v2\/media?parent=14406"}],"wp:term":[{"taxonomy":"product_cat","embeddable":true,"href":"https:\/\/www.epicerie-lasource.org\/magasin\/wp-json\/wp\/v2\/product_cat?post=14406"},{"taxonomy":"product_tag","embeddable":true,"href":"https:\/\/www.epicerie-lasource.org\/magasin\/wp-json\/wp\/v2\/product_tag?post=14406"}],"curies":[{"name":"wp","href":"https:\/\/api.w.org\/{rel}","templated":true}]}}