{"id":14401,"date":"2021-01-06T09:52:34","date_gmt":"2021-01-06T08:52:34","guid":{"rendered":"https:\/\/www.epicerie-lasource.org\/magasin\/?post_type=product&#038;p=14401"},"modified":"2026-02-18T21:12:11","modified_gmt":"2026-02-18T20:12:11","slug":"jus-pomme-peche-abricot-pajottenlander-bio-75cl","status":"publish","type":"product","link":"https:\/\/www.epicerie-lasource.org\/magasin\/produit\/jus-pomme-peche-abricot-pajottenlander-bio-75cl\/","title":{"rendered":"Jus Pomme P\u00eache Abricot Pajottenlander 75cl Bio (bouteille consign\u00e9e)"},"content":{"rendered":"","protected":false},"excerpt":{"rendered":"<p>60 % jus de pomme avec pulpe, 20 % pur\u00e9e de p\u00eaches, 20 % pur\u00e9e d\u2019abricots.<\/p>\n<p>Le jus pomme, p\u00eache &amp; abricot Pajottenlander a une chaude couleur orangeocre.<br \/>\nLe jus a un go\u00fbt d\u00e9licat et rond et des ar\u00f4mes typiques de p\u00eaches et d\u2019abricots.<\/p>\n<h3><strong>Attention: Bouteille consign\u00e9e<br \/>\n<\/strong><\/h3>\n<p>&nbsp;<\/p>\n","protected":false},"featured_media":18930,"comment_status":"closed","ping_status":"closed","template":"","meta":[],"product_cat":[22,475],"product_tag":[],"supplier_id":23768,"supplier_sku":"","atum_controlled":true,"out_stock_date":null,"out_stock_threshold":null,"inheritable":false,"inbound_stock":0,"stock_on_hold":0,"sold_today":0,"sales_last_days":0,"out_stock_days":0,"lost_sales":0,"has_location":false,"update_date":"2026-05-05T22:29:56","atum_locations":[],"atum_stock_status":"onbackorder","restock_status":false,"low_stock_amount":"","sales_update_date":"2026-05-05T22:29:56","calc_backorders":-1,"_links":{"self":[{"href":"https:\/\/www.epicerie-lasource.org\/magasin\/wp-json\/wp\/v2\/product\/14401"}],"collection":[{"href":"https:\/\/www.epicerie-lasource.org\/magasin\/wp-json\/wp\/v2\/product"}],"about":[{"href":"https:\/\/www.epicerie-lasource.org\/magasin\/wp-json\/wp\/v2\/types\/product"}],"replies":[{"embeddable":true,"href":"https:\/\/www.epicerie-lasource.org\/magasin\/wp-json\/wp\/v2\/comments?post=14401"}],"wp:featuredmedia":[{"embeddable":true,"href":"https:\/\/www.epicerie-lasource.org\/magasin\/wp-json\/wp\/v2\/media\/18930"}],"wp:attachment":[{"href":"https:\/\/www.epicerie-lasource.org\/magasin\/wp-json\/wp\/v2\/media?parent=14401"}],"wp:term":[{"taxonomy":"product_cat","embeddable":true,"href":"https:\/\/www.epicerie-lasource.org\/magasin\/wp-json\/wp\/v2\/product_cat?post=14401"},{"taxonomy":"product_tag","embeddable":true,"href":"https:\/\/www.epicerie-lasource.org\/magasin\/wp-json\/wp\/v2\/product_tag?post=14401"}],"curies":[{"name":"wp","href":"https:\/\/api.w.org\/{rel}","templated":true}]}}