{"id":14294,"date":"2020-12-28T14:31:16","date_gmt":"2020-12-28T13:31:16","guid":{"rendered":"https:\/\/www.epicerie-lasource.org\/magasin\/?post_type=product&#038;p=14294"},"modified":"2026-04-03T20:37:11","modified_gmt":"2026-04-03T18:37:11","slug":"chocolat-noir-63-gingembre-bio","status":"publish","type":"product","link":"https:\/\/www.epicerie-lasource.org\/magasin\/produit\/chocolat-noir-63-gingembre-bio\/","title":{"rendered":"Chocolat noir 63% gingembre El Inti BIO"},"content":{"rendered":"","protected":false},"excerpt":{"rendered":"<p><strong>Chocolat noir 63 % de cacao, 15 % de gingembre confit<\/strong>, gingembre en poudre, sucre de canne complet du P\u00e9rou biologique (panela). Excellent mariage entre le gingembre et le chocolat, pour les amateurs de sensations fortes.<\/p>\n<p><strong>Un vrai chocolat artisanal fabriqu\u00e9 \u00e0 partir de la f\u00e8ve.<\/strong><\/p>\n<p><strong>Ingr\u00e9dients<\/strong>\u00a0: f\u00e8ves de cacao, panela, gingembre confit 15%, beurre de cacao, gingembre en poudre<\/p>\n","protected":false},"featured_media":24996,"comment_status":"closed","ping_status":"closed","template":"","meta":[],"product_cat":[64,691],"product_tag":[],"supplier_id":23768,"supplier_sku":"","atum_controlled":true,"out_stock_date":null,"out_stock_threshold":null,"inheritable":false,"inbound_stock":0,"stock_on_hold":0,"sold_today":0,"sales_last_days":1,"out_stock_days":0,"lost_sales":0,"has_location":false,"update_date":"2026-04-27T22:21:39","atum_locations":[],"atum_stock_status":"onbackorder","restock_status":false,"low_stock_amount":"","sales_update_date":"2026-04-27T22:21:39","calc_backorders":-10,"_links":{"self":[{"href":"https:\/\/www.epicerie-lasource.org\/magasin\/wp-json\/wp\/v2\/product\/14294"}],"collection":[{"href":"https:\/\/www.epicerie-lasource.org\/magasin\/wp-json\/wp\/v2\/product"}],"about":[{"href":"https:\/\/www.epicerie-lasource.org\/magasin\/wp-json\/wp\/v2\/types\/product"}],"replies":[{"embeddable":true,"href":"https:\/\/www.epicerie-lasource.org\/magasin\/wp-json\/wp\/v2\/comments?post=14294"}],"wp:featuredmedia":[{"embeddable":true,"href":"https:\/\/www.epicerie-lasource.org\/magasin\/wp-json\/wp\/v2\/media\/24996"}],"wp:attachment":[{"href":"https:\/\/www.epicerie-lasource.org\/magasin\/wp-json\/wp\/v2\/media?parent=14294"}],"wp:term":[{"taxonomy":"product_cat","embeddable":true,"href":"https:\/\/www.epicerie-lasource.org\/magasin\/wp-json\/wp\/v2\/product_cat?post=14294"},{"taxonomy":"product_tag","embeddable":true,"href":"https:\/\/www.epicerie-lasource.org\/magasin\/wp-json\/wp\/v2\/product_tag?post=14294"}],"curies":[{"name":"wp","href":"https:\/\/api.w.org\/{rel}","templated":true}]}}