{"id":14292,"date":"2020-12-28T14:22:52","date_gmt":"2020-12-28T13:22:52","guid":{"rendered":"https:\/\/www.epicerie-lasource.org\/magasin\/?post_type=product&#038;p=14292"},"modified":"2025-10-10T11:11:59","modified_gmt":"2025-10-10T09:11:59","slug":"chocolat-noir-70-cacao-bio","status":"publish","type":"product","link":"https:\/\/www.epicerie-lasource.org\/magasin\/produit\/chocolat-noir-70-cacao-bio\/","title":{"rendered":"Chocolat noir 70% cacao BIO El Inti"},"content":{"rendered":"","protected":false},"excerpt":{"rendered":"<p>Chocolat noir 70 % de cacao,\u00a04 % de Warana en poudre\u00a0(le Guarana des Terres d\u2019origine), f\u00e8ves de la Coop. Pangoa P\u00e9rou, sucre de canne complet du P\u00e9rou (panela), biologique. Pure origine Criollo, tr\u00e8s parfum\u00e9, un chocolat plaisir et \u00e0 la fois \u00e9nerg\u00e9tique.<\/p>\n<p><strong>Ingr\u00e9dients<\/strong>\u00a0: f\u00e8ves de cacao, panela, beurre de cacao, guarana en poudre 4%<\/p>\n","protected":false},"featured_media":24997,"comment_status":"closed","ping_status":"closed","template":"","meta":[],"product_cat":[64,691],"product_tag":[],"supplier_id":23768,"supplier_sku":"","atum_controlled":true,"out_stock_date":null,"out_stock_threshold":null,"inheritable":false,"inbound_stock":0,"stock_on_hold":0,"sold_today":0,"sales_last_days":0,"out_stock_days":0,"lost_sales":0,"has_location":false,"update_date":"2026-04-14T22:13:18","atum_locations":[],"atum_stock_status":"instock","restock_status":false,"low_stock_amount":"","sales_update_date":"2026-04-14T22:13:18","calc_backorders":0,"_links":{"self":[{"href":"https:\/\/www.epicerie-lasource.org\/magasin\/wp-json\/wp\/v2\/product\/14292"}],"collection":[{"href":"https:\/\/www.epicerie-lasource.org\/magasin\/wp-json\/wp\/v2\/product"}],"about":[{"href":"https:\/\/www.epicerie-lasource.org\/magasin\/wp-json\/wp\/v2\/types\/product"}],"replies":[{"embeddable":true,"href":"https:\/\/www.epicerie-lasource.org\/magasin\/wp-json\/wp\/v2\/comments?post=14292"}],"wp:featuredmedia":[{"embeddable":true,"href":"https:\/\/www.epicerie-lasource.org\/magasin\/wp-json\/wp\/v2\/media\/24997"}],"wp:attachment":[{"href":"https:\/\/www.epicerie-lasource.org\/magasin\/wp-json\/wp\/v2\/media?parent=14292"}],"wp:term":[{"taxonomy":"product_cat","embeddable":true,"href":"https:\/\/www.epicerie-lasource.org\/magasin\/wp-json\/wp\/v2\/product_cat?post=14292"},{"taxonomy":"product_tag","embeddable":true,"href":"https:\/\/www.epicerie-lasource.org\/magasin\/wp-json\/wp\/v2\/product_tag?post=14292"}],"curies":[{"name":"wp","href":"https:\/\/api.w.org\/{rel}","templated":true}]}}