{"id":14095,"date":"2020-12-17T17:57:02","date_gmt":"2020-12-17T16:57:02","guid":{"rendered":"https:\/\/www.epicerie-lasource.org\/magasin\/?post_type=product&#038;p=14095"},"modified":"2026-02-18T21:12:11","modified_gmt":"2026-02-18T20:12:11","slug":"pur-jus-pomme-mangue-pajottenlander-75cl-bio","status":"publish","type":"product","link":"https:\/\/www.epicerie-lasource.org\/magasin\/produit\/pur-jus-pomme-mangue-pajottenlander-75cl-bio\/","title":{"rendered":"Jus Pomme-Mangue Pajottenlander 75cl BIO (bouteille consign\u00e9e)"},"content":{"rendered":"","protected":false},"excerpt":{"rendered":"<p>Le jus a un go\u00fbt doux, tropical et sucr\u00e9, avec une touche fra\u00eeche de pomme.<\/p>\n<p>85% de jus de pomme avec pulpe, 15 % de pur\u00e9e de mangue<\/p>\n<h3>Attention: BOUTEILLE CONSIGNEE<\/h3>\n","protected":false},"featured_media":18931,"comment_status":"closed","ping_status":"closed","template":"","meta":[],"product_cat":[22,475],"product_tag":[],"supplier_id":23768,"supplier_sku":"","atum_controlled":true,"out_stock_date":"2026-02-18 20:12:11","out_stock_threshold":null,"inheritable":false,"inbound_stock":0,"stock_on_hold":0,"sold_today":0,"sales_last_days":0,"out_stock_days":76,"lost_sales":37.348571428571,"has_location":false,"update_date":"2026-05-05T22:29:52","atum_locations":[],"atum_stock_status":"onbackorder","restock_status":false,"low_stock_amount":"","sales_update_date":"2026-05-05T22:29:51","calc_backorders":0,"_links":{"self":[{"href":"https:\/\/www.epicerie-lasource.org\/magasin\/wp-json\/wp\/v2\/product\/14095"}],"collection":[{"href":"https:\/\/www.epicerie-lasource.org\/magasin\/wp-json\/wp\/v2\/product"}],"about":[{"href":"https:\/\/www.epicerie-lasource.org\/magasin\/wp-json\/wp\/v2\/types\/product"}],"replies":[{"embeddable":true,"href":"https:\/\/www.epicerie-lasource.org\/magasin\/wp-json\/wp\/v2\/comments?post=14095"}],"wp:featuredmedia":[{"embeddable":true,"href":"https:\/\/www.epicerie-lasource.org\/magasin\/wp-json\/wp\/v2\/media\/18931"}],"wp:attachment":[{"href":"https:\/\/www.epicerie-lasource.org\/magasin\/wp-json\/wp\/v2\/media?parent=14095"}],"wp:term":[{"taxonomy":"product_cat","embeddable":true,"href":"https:\/\/www.epicerie-lasource.org\/magasin\/wp-json\/wp\/v2\/product_cat?post=14095"},{"taxonomy":"product_tag","embeddable":true,"href":"https:\/\/www.epicerie-lasource.org\/magasin\/wp-json\/wp\/v2\/product_tag?post=14095"}],"curies":[{"name":"wp","href":"https:\/\/api.w.org\/{rel}","templated":true}]}}