{"id":14033,"date":"2023-09-19T17:49:13","date_gmt":"2023-09-19T15:49:13","guid":{"rendered":"https:\/\/www.epicerie-lasource.org\/magasin\/?post_type=product&#038;p=14033"},"modified":"2026-04-23T11:10:19","modified_gmt":"2026-04-23T09:10:19","slug":"biere-blonde-7-8-bastion-14-brasserie-des-4-ecluses-75-cl","status":"publish","type":"product","link":"https:\/\/www.epicerie-lasource.org\/magasin\/produit\/biere-blonde-7-8-bastion-14-brasserie-des-4-ecluses-75-cl\/","title":{"rendered":"Bastion 14  7.8\u00b0 Brasserie des 4 Ecluses 75 cl"},"content":{"rendered":"","protected":false},"excerpt":{"rendered":"<p>Bastion 14 bi\u00e8re blonde<br \/>\nCouleur or, \u00e9pic\u00e9e, amertume mod\u00e9r\u00e9e<br \/>\n7.8\u00b0<br \/>\nMade in Dk<\/p>\n","protected":false},"featured_media":14034,"comment_status":"closed","ping_status":"closed","template":"","meta":[],"product_cat":[22,474],"product_tag":[],"supplier_id":23771,"supplier_sku":"","atum_controlled":true,"out_stock_date":null,"out_stock_threshold":null,"inheritable":false,"inbound_stock":0,"stock_on_hold":0,"sold_today":0,"sales_last_days":1,"out_stock_days":0,"lost_sales":0,"has_location":false,"update_date":"2026-05-05T22:29:14","atum_locations":[],"atum_stock_status":"onbackorder","restock_status":false,"low_stock_amount":"","sales_update_date":"2026-05-05T22:29:14","calc_backorders":-6,"_links":{"self":[{"href":"https:\/\/www.epicerie-lasource.org\/magasin\/wp-json\/wp\/v2\/product\/14033"}],"collection":[{"href":"https:\/\/www.epicerie-lasource.org\/magasin\/wp-json\/wp\/v2\/product"}],"about":[{"href":"https:\/\/www.epicerie-lasource.org\/magasin\/wp-json\/wp\/v2\/types\/product"}],"replies":[{"embeddable":true,"href":"https:\/\/www.epicerie-lasource.org\/magasin\/wp-json\/wp\/v2\/comments?post=14033"}],"wp:featuredmedia":[{"embeddable":true,"href":"https:\/\/www.epicerie-lasource.org\/magasin\/wp-json\/wp\/v2\/media\/14034"}],"wp:attachment":[{"href":"https:\/\/www.epicerie-lasource.org\/magasin\/wp-json\/wp\/v2\/media?parent=14033"}],"wp:term":[{"taxonomy":"product_cat","embeddable":true,"href":"https:\/\/www.epicerie-lasource.org\/magasin\/wp-json\/wp\/v2\/product_cat?post=14033"},{"taxonomy":"product_tag","embeddable":true,"href":"https:\/\/www.epicerie-lasource.org\/magasin\/wp-json\/wp\/v2\/product_tag?post=14033"}],"curies":[{"name":"wp","href":"https:\/\/api.w.org\/{rel}","templated":true}]}}