{"id":13927,"date":"2020-12-14T10:20:23","date_gmt":"2020-12-14T09:20:23","guid":{"rendered":"https:\/\/www.epicerie-lasource.org\/magasin\/?post_type=product&#038;p=13927"},"modified":"2026-03-16T21:29:54","modified_gmt":"2026-03-16T20:29:54","slug":"creme-glacee-au-choix-ronckier-un-litre","status":"publish","type":"product","link":"https:\/\/www.epicerie-lasource.org\/magasin\/produit\/creme-glacee-au-choix-ronckier-un-litre\/","title":{"rendered":"Cr\u00e8me Glac\u00e9e au choix Ronckier Un litre"},"content":{"rendered":"","protected":false},"excerpt":{"rendered":"<p>Cr\u00e8mes glac\u00e9es<br \/>\n1 litre<\/p>\n","protected":false},"featured_media":13943,"comment_status":"closed","ping_status":"closed","template":"","meta":[],"product_cat":[171],"product_tag":[],"supplier_id":null,"supplier_sku":"","atum_controlled":true,"out_stock_date":null,"out_stock_threshold":null,"inheritable":true,"inbound_stock":null,"stock_on_hold":0,"sold_today":0,"sales_last_days":8,"out_stock_days":0,"lost_sales":0,"has_location":false,"update_date":"2026-04-30T13:36:41","atum_locations":[],"atum_stock_status":"instock","restock_status":false,"low_stock_amount":"","sales_update_date":"2026-04-28T22:23:44","calc_backorders":null,"_links":{"self":[{"href":"https:\/\/www.epicerie-lasource.org\/magasin\/wp-json\/wp\/v2\/product\/13927"}],"collection":[{"href":"https:\/\/www.epicerie-lasource.org\/magasin\/wp-json\/wp\/v2\/product"}],"about":[{"href":"https:\/\/www.epicerie-lasource.org\/magasin\/wp-json\/wp\/v2\/types\/product"}],"replies":[{"embeddable":true,"href":"https:\/\/www.epicerie-lasource.org\/magasin\/wp-json\/wp\/v2\/comments?post=13927"}],"wp:featuredmedia":[{"embeddable":true,"href":"https:\/\/www.epicerie-lasource.org\/magasin\/wp-json\/wp\/v2\/media\/13943"}],"wp:attachment":[{"href":"https:\/\/www.epicerie-lasource.org\/magasin\/wp-json\/wp\/v2\/media?parent=13927"}],"wp:term":[{"taxonomy":"product_cat","embeddable":true,"href":"https:\/\/www.epicerie-lasource.org\/magasin\/wp-json\/wp\/v2\/product_cat?post=13927"},{"taxonomy":"product_tag","embeddable":true,"href":"https:\/\/www.epicerie-lasource.org\/magasin\/wp-json\/wp\/v2\/product_tag?post=13927"}],"curies":[{"name":"wp","href":"https:\/\/api.w.org\/{rel}","templated":true}]}}