{"id":13750,"date":"2020-12-07T16:43:45","date_gmt":"2020-12-07T15:43:45","guid":{"rendered":"https:\/\/www.epicerie-lasource.org\/magasin\/?post_type=product&#038;p=13750"},"modified":"2026-04-15T11:45:06","modified_gmt":"2026-04-15T09:45:06","slug":"huile-vierge-de-ricin-bio","status":"publish","type":"product","link":"https:\/\/www.epicerie-lasource.org\/magasin\/produit\/huile-vierge-de-ricin-bio\/","title":{"rendered":"Huile Vierge de ricin bio"},"content":{"rendered":"","protected":false},"excerpt":{"rendered":"<p>Huile vierge de ricin bio 100ml<\/p>\n<header class=\"elementor elementor-193784 elementor-location-header\" data-elementor-type=\"header\" data-elementor-id=\"193784\" data-elementor-settings=\"[]\">\n<div class=\"elementor-inner\">\n<div class=\"elementor-section-wrap\">\n<section class=\"elementor-element elementor-element-63a0b74a elementor-section-content-top elementor-section-boxed elementor-section-height-default elementor-section-height-default elementor-section elementor-top-section\" data-id=\"63a0b74a\" data-element_type=\"section\">\n<div class=\"elementor-container elementor-column-gap-default\">\n<div class=\"elementor-row\">\n<div class=\"elementor-element elementor-element-1c8323f3 elementor-column elementor-col-33 elementor-top-column\" data-id=\"1c8323f3\" data-element_type=\"column\">\n<div class=\"elementor-column-wrap elementor-element-populated\">\n<div class=\"elementor-widget-wrap\">\n<div class=\"elementor-element elementor-element-66c9e7da elementor-widget-mobile__width-auto elementor-widget elementor-widget-theme-site-logo elementor-widget-image\" data-id=\"66c9e7da\" data-element_type=\"widget\" data-widget_type=\"theme-site-logo.default\">\n<div class=\"elementor-widget-container\"><\/div>\n<\/div>\n<\/div>\n<\/div>\n<\/div>\n<div class=\"elementor-element elementor-element-17a16cc0 elementor-column elementor-col-33 elementor-top-column\" data-id=\"17a16cc0\" data-element_type=\"column\">\n<div class=\"elementor-column-wrap elementor-element-populated\">\n<div class=\"elementor-widget-wrap\">\n<div class=\"elementor-element elementor-element-31d641e6 toggle-icon--bag-solid elementor-widget__width-auto elementor-menu-cart--empty-indicator-hide elementor-menu-cart--buttons-stacked elementor-widget-tablet__width-auto elementor-menu-cart--items-indicator-bubble elementor-menu-cart--show-divider-yes elementor-menu-cart--show-remove-button-yes elementor-widget elementor-widget-woocommerce-menu-cart\" data-id=\"31d641e6\" data-element_type=\"widget\" data-widget_type=\"woocommerce-menu-cart.default\">\n<div class=\"elementor-widget-container\">\n<div class=\"elementor-menu-cart__wrapper\">\n<div class=\"elementor-menu-cart__container elementor-lightbox\">\n<div class=\"elementor-menu-cart__main\">\n<div class=\"widget_shopping_cart_content\">\n<div class=\"woocommerce-mini-cart__empty-message\"><\/div>\n<\/div>\n<\/div>\n<\/div>\n<div class=\"elementor-menu-cart__toggle elementor-button-wrapper\"><\/div>\n<\/div>\n<\/div>\n<\/div>\n<\/div>\n<\/div>\n<\/div>\n<\/div>\n<\/div>\n<\/section>\n<\/div>\n<\/div>\n<\/header>\n<div class=\"elementor elementor-193794 elementor-location-single post-36090 post type-post status-publish format-standard has-post-thumbnail hentry category-news\" data-elementor-type=\"single\" data-elementor-id=\"193794\" data-elementor-settings=\"[]\">\n<div class=\"elementor-inner\">\n<div class=\"elementor-section-wrap\">\n<section class=\"elementor-element elementor-element-6736e0b3 elementor-section-boxed elementor-section-height-default elementor-section-height-default elementor-section elementor-top-section\" data-id=\"6736e0b3\" data-element_type=\"section\">\n<div class=\"elementor-container elementor-column-gap-default\">\n<div class=\"elementor-row\">\n<div class=\"elementor-element elementor-element-610d0af7 elementor-column elementor-col-100 elementor-top-column\" data-id=\"610d0af7\" data-element_type=\"column\">\n<div class=\"elementor-column-wrap elementor-element-populated\">\n<div class=\"elementor-widget-wrap\">\n<div class=\"elementor-element elementor-element-52e07382 elementor-widget elementor-widget-theme-post-title elementor-page-title elementor-widget-heading\" data-id=\"52e07382\" data-element_type=\"widget\" data-widget_type=\"theme-post-title.default\">\n<div class=\"elementor-widget-container\">\n<h1 class=\"elementor-heading-title elementor-size-default\">Comment utiliser mon huile de ricin bio\u00a0?<\/h1>\n<\/div>\n<\/div>\n<\/div>\n<\/div>\n<\/div>\n<\/div>\n<\/div>\n<\/section>\n<section class=\"elementor-element elementor-element-57a8e1d0 elementor-section-boxed elementor-section-height-default elementor-section-height-default elementor-section elementor-top-section\" data-id=\"57a8e1d0\" data-element_type=\"section\">\n<div class=\"elementor-container elementor-column-gap-default\">\n<div class=\"elementor-row\">\n<div class=\"elementor-element elementor-element-3b6b7cc6 elementor-column elementor-col-100 elementor-top-column\" data-id=\"3b6b7cc6\" data-element_type=\"column\">\n<div class=\"elementor-column-wrap elementor-element-populated\">\n<div class=\"elementor-widget-wrap\">\n<div class=\"elementor-element elementor-element-6f190249 elementor-widget elementor-widget-theme-post-featured-image elementor-widget-image\" data-id=\"6f190249\" data-element_type=\"widget\" data-widget_type=\"theme-post-featured-image.default\">\n<div class=\"elementor-widget-container\">\n<div class=\"elementor-image\"><img loading=\"lazy\" decoding=\"async\" class=\"attachment-medium size-medium lazyloaded\" src=\"https:\/\/box-evidence.com\/wp-content\/uploads\/2018\/03\/ricin-300x218.jpg\" alt=\"huile de ricin bio\" width=\"300\" height=\"218\" data-ll-status=\"loaded\" \/><\/div>\n<\/div>\n<\/div>\n<\/div>\n<\/div>\n<\/div>\n<\/div>\n<\/div>\n<\/section>\n<section class=\"elementor-element elementor-element-15c14d8b elementor-section-boxed elementor-section-height-default elementor-section-height-default elementor-section elementor-top-section\" data-id=\"15c14d8b\" data-element_type=\"section\">\n<div class=\"elementor-container elementor-column-gap-default\">\n<div class=\"elementor-row\">\n<div class=\"elementor-element elementor-element-6a326c81 elementor-column elementor-col-100 elementor-top-column\" data-id=\"6a326c81\" data-element_type=\"column\">\n<div class=\"elementor-column-wrap elementor-element-populated\">\n<div class=\"elementor-widget-wrap\">\n<div class=\"elementor-element elementor-element-633a9213 elementor-widget elementor-widget-theme-post-content\" data-id=\"633a9213\" data-element_type=\"widget\" data-widget_type=\"theme-post-content.default\">\n<div class=\"elementor-widget-container\">\n<p>Extraite des graines de la plante du m\u00eame nom, l\u2019huile de ricin bio est une huile v\u00e9g\u00e9tale a avoir dans sa trousse de beaut\u00e9, \u00e0 c\u00f4t\u00e9 de l\u2019huile d\u2019argan et d\u2019amande douce. En effet, l\u2019huile de ricin sera la meilleure amie des ongles cassants, des cheveux secs\/ab\u00eem\u00e9s et des cils qui ont besoin d\u2019\u00eatre fortifi\u00e9s. Reconnue depuis des si\u00e8cles, cette huile v\u00e9g\u00e9tale est excellente pour favoriser la croissance des cheveux\u2026 mais pas seulement\u00a0! D\u00e9couvrez tous les bienfaits que l\u2019huile de ricin bio peut vous offrir ainsi que ses diff\u00e9rentes utilisations en cosm\u00e9tique.<span id=\"more-36090\"><\/span><\/p>\n<div class=\"woocommerce columns-3 \">\n<ul class=\"products columns-3\">\n<li class=\"product type-product post-96557 status-publish first instock product_cat-cheveux product_cat-huiles product_cat-huiles-soins-hydratants product_cat-soins has-post-thumbnail taxable shipping-taxable purchasable product-type-simple\"><a class=\"woocommerce-LoopProduct-link woocommerce-loop-product__link\" href=\"https:\/\/box-evidence.com\/d\/huile-vierge-de-ricin-bio-60ml-atelier-populaire\/\"><img loading=\"lazy\" decoding=\"async\" class=\"attachment-woocommerce_thumbnail size-woocommerce_thumbnail lazyloaded\" title=\"Comment utiliser mon huile de ricin bio\u00a0?\" src=\"https:\/\/box-evidence.com\/wp-content\/uploads\/2019\/07\/newhuilericin-350x350.png\" alt=\"newhuilericin\" width=\"350\" height=\"350\" data-ll-status=\"loaded\" \/><\/a>\n<div class=\"woocommerce-loop-product__title\">Huile vierge de Ricin Bio 60ml- ATELIER POPULAIRE<\/div>\n<p><a class=\"woocommerce-LoopProduct-link woocommerce-loop-product__link\" href=\"https:\/\/box-evidence.com\/d\/huile-vierge-de-ricin-bio-60ml-atelier-populaire\/\"><span class=\"price\"><span class=\"woocommerce-Price-amount amount\">6,90<span class=\"woocommerce-Price-currencySymbol\">\u20ac<\/span><\/span><\/span> <\/a><a class=\"button product_type_simple add_to_cart_button ajax_add_to_cart\" href=\"https:\/\/box-evidence.com\/comment-utiliser-mon-huile-de-ricin-bio\/?add-to-cart=96557\" rel=\"nofollow\" data-quantity=\"1\" data-product_id=\"96557\" data-product_sku=\"ATE96557HUILEVI\" aria-label=\"Ajouter \u201cHuile vierge de Ricin Bio 60ml- ATELIER POPULAIRE\u201d \u00e0 votre panier\">Ajouter au panier<\/a><\/li>\n<li class=\"product type-product post-70281 status-publish outofstock product_cat-soins-des-cheveux product_cat-cheveux product_cat-mains product_cat-rasage-et-soins-visage-homme product_cat-soins has-post-thumbnail taxable shipping-taxable purchasable product-type-simple\"><a class=\"woocommerce-LoopProduct-link woocommerce-loop-product__link\" href=\"https:\/\/box-evidence.com\/d\/huile-de-ricin-bio-100ml-avril\/\"><img loading=\"lazy\" decoding=\"async\" class=\"attachment-woocommerce_thumbnail size-woocommerce_thumbnail lazyloaded\" title=\"Comment utiliser mon huile de ricin bio\u00a0?\" src=\"https:\/\/box-evidence.com\/wp-content\/uploads\/2019\/03\/huile-ricin-avril-350x350.jpg\" alt=\"Huile de ricin bio 100ml - AVRIL\" width=\"350\" height=\"350\" data-ll-status=\"loaded\" \/><\/a>\n<div class=\"woocommerce-loop-product__title\">Huile de ricin bio \u2013 AVRIL<\/div>\n<div class=\"star-rating\" role=\"img\" aria-label=\"Note 5.00 sur 5\">Note <strong class=\"rating\">5.00<\/strong> sur 5<\/div>\n<p><a class=\"woocommerce-LoopProduct-link woocommerce-loop-product__link\" href=\"https:\/\/box-evidence.com\/d\/huile-de-ricin-bio-100ml-avril\/\"><span class=\"price\"><span class=\"woocommerce-Price-amount amount\">8,00<span class=\"woocommerce-Price-currencySymbol\">\u20ac<\/span><\/span><\/span> <\/a>Epuis\u00e9<\/li>\n<li class=\"product type-product post-108705 status-publish last instock product_cat-anti-age product_cat-soins-des-cheveux product_cat-mains product_cat-rasage-et-soins-visage-homme product_cat-soins product_cat-zero-dechet has-post-thumbnail sale taxable shipping-taxable purchasable product-type-simple\"><a class=\"woocommerce-LoopProduct-link woocommerce-loop-product__link\" href=\"https:\/\/box-evidence.com\/d\/huile-vegetale-de-ricin-bio-50ml-make-it-beauty\/\"> <span class=\"onsale\"> -10%<\/span> <img loading=\"lazy\" decoding=\"async\" class=\"attachment-woocommerce_thumbnail size-woocommerce_thumbnail lazyloaded\" title=\"Comment utiliser mon huile de ricin bio\u00a0?\" src=\"https:\/\/box-evidence.com\/wp-content\/uploads\/2019\/10\/huile-vegetale-de-ricin-make-it-beauty-350x350.jpg\" alt=\"huile vegetale de ricin make it beauty\" width=\"350\" height=\"350\" data-ll-status=\"loaded\" \/><\/a>\n<div class=\"woocommerce-loop-product__title\">Huile v\u00e9g\u00e9tale de ricin bio \u2013 MAKE IT BEAUTY<\/div>\n<div class=\"star-rating\" role=\"img\" aria-label=\"Note 5.00 sur 5\">Note <strong class=\"rating\">5.00<\/strong> sur 5<\/div>\n<p><a class=\"woocommerce-LoopProduct-link woocommerce-loop-product__link\" href=\"https:\/\/box-evidence.com\/d\/huile-vegetale-de-ricin-bio-50ml-make-it-beauty\/\"><span class=\"price\"><del><span class=\"woocommerce-Price-amount amount\">9,95<span class=\"woocommerce-Price-currencySymbol\">\u20ac<\/span><\/span><\/del> <ins><span class=\"woocommerce-Price-amount amount\">8,96<span class=\"woocommerce-Price-currencySymbol\">\u20ac<\/span><\/span><\/ins><\/span> <\/a><a class=\"button product_type_simple add_to_cart_button ajax_add_to_cart\" href=\"https:\/\/box-evidence.com\/comment-utiliser-mon-huile-de-ricin-bio\/?add-to-cart=108705\" rel=\"nofollow\" data-quantity=\"1\" data-product_id=\"108705\" data-product_sku=\"MAK108705HUILEV\" aria-label=\"Ajouter \u201cHuile v\u00e9g\u00e9tale de ricin bio - MAKE IT BEAUTY\u201d \u00e0 votre panier\">Ajouter au panier<\/a><\/li>\n<\/ul>\n<\/div>\n<p>&nbsp;<\/p>\n<h2>Les bienfaits de l\u2019huile de ricin bio<\/h2>\n<p>Le ricin est un arbrisseau d\u2019origine tropicale dont les graines sont broy\u00e9es pour en obtenir la fameuse huile de ricin. \u00c9galement connue sous le nom d\u2019huile de castor, cette huile v\u00e9g\u00e9tale doit ses propri\u00e9t\u00e9s cosm\u00e9tiques \u00e0 sa composition exceptionnelle. L\u2019huile de ricin est tr\u00e8s riche en vitamine E, en acides gras mono-insatur\u00e9s (85 % \u00e0 88 % d\u2019acide ricinol\u00e9ique, 3 % \u00e0 4 % d\u2019omega 9) et poly-insatur\u00e9s\u00a0(5 % \u00e0 6 % d\u2019om\u00e9ga 6).<\/p>\n<p>Sachez toutefois que le pourcentage d\u2019acides gras contenu dans l\u2019huile est en grande partie influenc\u00e9 par le mode de production. Ainsi, pour s\u2019assurer de sa qualit\u00e9 et pour pouvoir profiter de tous les bienfaits de l\u2019huile de ricin, choisissez <strong>une huile vierge extra certifi\u00e9e bio,<\/strong> issue d\u2019une premi\u00e8re pression et extraite \u00e0 froid. C\u2019est notamment le cas de l\u2019huile de ricin bio fabriqu\u00e9e par la distillerie De Saint Hilaire, \u00e0 retrouver dans la box beaut\u00e9 du mois de Mars 2018 ou de l\u2019<a href=\"https:\/\/box-evidence.com\/produit\/huile-de-ricin-bio-100ml-avril\/\">huile de ricin bio<\/a> de la marque <a href=\"https:\/\/box-evidence.com\/marques\/avril\/\">Avril<\/a>.<\/p>\n<h2>Quels bienfaits reconna\u00eet-on \u00e0 l\u2019huile de ricin\u00a0?<\/h2>\n<p>D\u2019une mani\u00e8re g\u00e9n\u00e9rale, elle est efficace pour soulager de nombreux probl\u00e8mes cutan\u00e9s. L\u2019huile de ricin bio fait partie des meilleures huiles naturelles pour maintenir la sant\u00e9 et la beaut\u00e9 de la peau, des cheveux et des ongles. <strong>R\u00e9paratrice et hydratante<\/strong>, elle est LA solution naturelle pour am\u00e9liorer la pousse des cheveux, <strong>fortifier les ongles<\/strong> et <strong>les cils<\/strong> fragiles. <strong>Antibact\u00e9rienne et anti-inflammatoire,<\/strong> l\u2019huile de ricin est aussi une alli\u00e9 de taille dans le traitement contre <strong>l\u2019acn\u00e9 et l\u2019ecz\u00e9ma.<\/strong>\u00a0En p\u00e9n\u00e9trant facilement et rapidement dans la peau, elle agit \u00e0 la racine du probl\u00e8me, emp\u00eache la formation de nouveaux boutons et points noirs. Vous l\u2019aurez compris\u00a0: l\u2019huile de ricin bio est une huile v\u00e9g\u00e9tale \u00ab<strong>\u00a0multi-fonctions\u00a0<\/strong>\u00bb qui conviendra autant pour les soins capillaires que pour les soins de la peau.<\/p>\n<h2>Utilisations de l\u2019huile de ricin bio<\/h2>\n<p>De nombreuses huiles v\u00e9g\u00e9tales sont int\u00e9ressantes en tant que soins hydratants pour la peau et pour cheveux : huile d\u2019argan, huile de coco, huile de jojoba\u2026 Parmi elles, l\u2019huile de ricin s\u2019adresse particuli\u00e8rement aux femmes qui souhaitent am\u00e9liorer la repousse des cheveux, en finir avec les cils trop fins ou les ongles cassants. Mais, pour pouvoir profiter de tous ses bienfaits, encore faut-il savoir l\u2019utiliser correctement car ses utilisations sont nombreuses et vari\u00e9es.<\/p>\n<p><strong><img loading=\"lazy\" decoding=\"async\" class=\"size-medium wp-image-17619 aligncenter lazyloaded\" title=\"Comment utiliser mon huile de ricin bio\u00a0?\" src=\"https:\/\/box-evidence.com\/wp-content\/uploads\/2017\/07\/hydrater-cheveux-blog-min-300x200.jpg\" alt=\"masque cheveux\" width=\"300\" height=\"200\" data-ll-status=\"loaded\" \/><\/strong><\/p>\n<h2>Comment utiliser l\u2019huile de ricin bio pour les cheveux\u00a0?<\/h2>\n<p>De nombreux facteurs internes et externes peuvent \u00eatre \u00e0 l\u2019origine d\u2019un manque de vitalit\u00e9 et d\u2019un ralentissement de la croissance de vos cheveux. Il est donc int\u00e9ressant d\u2019adapter vos soins pour cheveux et d\u2019y int\u00e9grer une huile pour son action nourrissante et stimulante sur la pousse des cheveux. L\u2019huile de ricin bio a l\u2019avantage de pouvoir s\u2019utiliser sur tous les types de cheveux, des cheveux gras jusqu\u2019aux cheveux ab\u00eem\u00e9s.<\/p>\n<h3>La recette<\/h3>\n<p><em><strong><img loading=\"lazy\" decoding=\"async\" class=\"size-medium wp-image-36180 alignleft lazyloaded\" title=\"Comment utiliser mon huile de ricin bio\u00a0?\" src=\"https:\/\/box-evidence.com\/wp-content\/uploads\/2018\/03\/recette-copy-min-196x300.jpg\" alt=\"recette copy min\" width=\"196\" height=\"300\" data-ll-status=\"loaded\" \/><\/strong><\/em><\/p>\n<p>\u2013 Dans un petit bol, ou petit r\u00e9cipient, <strong>m\u00e9langer<\/strong> votre huile de Ricin \u00e0 de l\u2019huile de <strong>coco bio,\u00a0<\/strong>\u00a0huile d<strong>\u2019amande douce<\/strong>, ou huile d<strong>\u2019olive bio<\/strong>. Faites <strong>50\/50\u00a0<\/strong>des deux huiles.<br \/>\nL\u2019huile de ricin est visqueuse et grasse. Le m\u00e9lange vous permettra de d\u2019obtenir une meilleur texture, plus facile \u00e0 appliquer.<\/p>\n<p>\u2013 Appliquez <strong>directement<\/strong> sur votre cuir chevelu en <strong>massant<\/strong> de la <strong>racine du cheveux aux pointes<\/strong>. Laissez agir minimum <strong>20 minutes<\/strong> (si l\u2019huile est utilis\u00e9e pure), sinon <strong>2 heures d\u2019application<\/strong>. Vous pouvez \u00e9galement r\u00e9aliser un masque capillaire avant de dormir\u00a0: appliquez l\u2019huile, fa\u00eetes bien p\u00e9n\u00e9trer puis enroulez votre chevelure dans une serviette chaude. Vous pouvez laisser poser ce masque toute la nuit avant de vous rincer les cheveux le lendemain matin.<\/p>\n<p>\u2013 <strong>Rincer<\/strong> vos cheveux \u00e0 l\u2019eau ti\u00e8de avec un shampoing, voir deux si vos cheveux ont tendance \u00e0 \u00eatre rapidement gras.<\/p>\n<p>&nbsp;<\/p>\n<h3>Fr\u00e9quence d\u2019utilisation<\/h3>\n<p>L\u2019huile de ricin sur cheveux doit se faire sous forme de cure.<strong> Pendant 1 mois, \u00e0 raison de 3 fois par semaine,<\/strong> effectuez votre soin. N\u2019habituez pas votre cuir chevelu \u00e0 ce soin, sinon les effets ne seront pas aussi bons.<\/p>\n<h3>Les effets sur les cheveux<\/h3>\n<ul>\n<li>Acc\u00e9l\u00e8re la repousse et la croissance<\/li>\n<li>Les cheveux sont plus souples et brillants<\/li>\n<li>Lutte contre la perte des cheveux<\/li>\n<li>Augmente votre volume capillaire<\/li>\n<li><\/li>\n<\/ul>\n<ul>\n<li><\/li>\n<\/ul>\n<p>Pour un effet imm\u00e9diat et puissant, il est recommand\u00e9 d\u2019appliquer l\u2019huile de ricin <strong>pure 3 fois par semaine<\/strong> directement sur votre crane ou cuir chevelu sec. Les cheveux repoussent rapidement et sont renforc\u00e9s contre les agressions ext\u00e9rieures.<\/p>\n<h2>Comment utiliser l\u2019huile de ricin bio pour les ongles\u00a0?<\/h2>\n<p>Vous souhaitez fortifier vos ongles et nourrir vos cuticules avec de l\u2019huile de ricin bio\u00a0? Rien de plus simple\u00a0! Commencez d\u2019abord par lisser les ongles et \u00a0retirer les cuticules\u00a0superflues \u00e0 l\u2019aide d\u2019un exfoliant ou \u00ab\u00a0nail scrub\u00a0\u00bb. Appliquez ensuite quelques gouttes d\u2019huile de ricin bio sur<strong> chacun de vos ongles<\/strong> puis <strong>massez<\/strong>. Vous pouvez \u00e9galement r\u00e9aliser un <strong>bain d\u2019huile en plongeant vos ongles<\/strong> dans un bol d\u2019huile de ricin (m\u00e9langez-la si vous le souhaitez \u00e0 d\u2019autres huiles v\u00e9g\u00e9tales comme l\u2019huile de nigelle, de bourrache ou de karit\u00e9). A renouveler au moins une fois par semaine.<\/p>\n<h2>Comment utiliser l\u2019huile de ricin bio pour les cils ?<\/h2>\n<p>L\u2019huile de ricin bio est aussi tr\u00e8s efficace pour faire<strong> pousser, hydrater et fortifier les cils fins et fragiles<\/strong>. Tous les soirs, avant de vous coucher, versez une goutte d\u2019huile v\u00e9g\u00e9tale sur votre doigt. Passez sur l\u2019ensemble de vos cils puis rincez le lendemain matin. R\u00e9sultats visibles en quelques semaines\u00a0seulement\u00a0!<\/p>\n<h2>Comment utiliser l\u2019huile de ricin bio pour la peau\u00a0?<\/h2>\n<p>Enfin, l\u2019huile de ricin bio fait partie des meilleurs produits naturels pour prendre soin de sa peau. Acn\u00e9, ecz\u00e9ma, peau s\u00e8che \u00e0 tr\u00e8s s\u00e8che\u2026, elle r\u00e9pond \u00e0 de nombreux probl\u00e8mes cutan\u00e9s. Pour lutter contre l\u2019acn\u00e9, commencez par exfolier votre visage. Il suffit ensuite de masser votre peau avec une noisette d\u2019huile de ricin bio, tous les jours pendant 2 semaines. <strong>Adoucissante et nourrissante,<\/strong> l\u2019huile de ricin bio est aussi cicatrisante, ce qui permet de <strong>diminuer efficacement les cicatrices d\u2019acn\u00e9.<\/strong><br \/>\nL\u2019huile de ricin est aussi une excellente huile v\u00e9g\u00e9tale qui nourrit les <strong>peaux s\u00e8ches et tr\u00e8s s\u00e8ches<\/strong>.<\/p>\n<p>Pour ce faire, appliquez-la comme une simple huile de massage sur l\u2019ensemble de votre visage et de votre corps. Associ\u00e9e \u00e0 l\u2019huile de carotte, l\u2019huile de ricin permet \u00e9galement <strong>d\u2019\u00e9claircir la peau et de se d\u00e9barrasser des taches brunes.<\/strong> Appliquez quelques gouttes d\u2019huile matin et soir sur les zones concern\u00e9es pour diminuer l\u2019apparence de vos taches.<a class=\"woocommerce-LoopProduct-link woocommerce-loop-product__link\" href=\"https:\/\/box-evidence.com\/d\/huile-vegetale-de-ricin-bio-50ml-make-it-beauty\/\">\u00a0<\/a><\/p>\n<\/div>\n<\/div>\n<div class=\"elementor-element elementor-element-63dcc472 elementor-widget elementor-widget-post-navigation\" data-id=\"63dcc472\" data-element_type=\"widget\" data-widget_type=\"post-navigation.default\">\n<div class=\"elementor-widget-container\"><\/div>\n<\/div>\n<\/div>\n<\/div>\n<\/div>\n<\/div>\n<\/div>\n<\/section>\n<\/div>\n<\/div>\n<\/div>\n","protected":false},"featured_media":62924,"comment_status":"closed","ping_status":"closed","template":"","meta":[],"product_cat":[731,324],"product_tag":[],"supplier_id":24929,"supplier_sku":"","atum_controlled":true,"out_stock_date":null,"out_stock_threshold":null,"inheritable":false,"inbound_stock":0,"stock_on_hold":0,"sold_today":0,"sales_last_days":0,"out_stock_days":0,"lost_sales":0,"has_location":false,"update_date":"2026-05-02T22:28:44","atum_locations":[],"atum_stock_status":"instock","restock_status":false,"low_stock_amount":2,"sales_update_date":"2026-05-02T22:28:44","calc_backorders":0,"_links":{"self":[{"href":"https:\/\/www.epicerie-lasource.org\/magasin\/wp-json\/wp\/v2\/product\/13750"}],"collection":[{"href":"https:\/\/www.epicerie-lasource.org\/magasin\/wp-json\/wp\/v2\/product"}],"about":[{"href":"https:\/\/www.epicerie-lasource.org\/magasin\/wp-json\/wp\/v2\/types\/product"}],"replies":[{"embeddable":true,"href":"https:\/\/www.epicerie-lasource.org\/magasin\/wp-json\/wp\/v2\/comments?post=13750"}],"wp:featuredmedia":[{"embeddable":true,"href":"https:\/\/www.epicerie-lasource.org\/magasin\/wp-json\/wp\/v2\/media\/62924"}],"wp:attachment":[{"href":"https:\/\/www.epicerie-lasource.org\/magasin\/wp-json\/wp\/v2\/media?parent=13750"}],"wp:term":[{"taxonomy":"product_cat","embeddable":true,"href":"https:\/\/www.epicerie-lasource.org\/magasin\/wp-json\/wp\/v2\/product_cat?post=13750"},{"taxonomy":"product_tag","embeddable":true,"href":"https:\/\/www.epicerie-lasource.org\/magasin\/wp-json\/wp\/v2\/product_tag?post=13750"}],"curies":[{"name":"wp","href":"https:\/\/api.w.org\/{rel}","templated":true}]}}