{"id":13547,"date":"2020-12-02T10:06:30","date_gmt":"2020-12-02T09:06:30","guid":{"rendered":"https:\/\/www.epicerie-lasource.org\/magasin\/?post_type=product&#038;p=13547"},"modified":"2026-04-15T18:48:04","modified_gmt":"2026-04-15T16:48:04","slug":"poudre-a-lever-nat-ali-bio-50g","status":"publish","type":"product","link":"https:\/\/www.epicerie-lasource.org\/magasin\/produit\/poudre-a-lever-nat-ali-bio-50g\/","title":{"rendered":"Vrac- Poudre \u00e0 lever Nat-Ali Bio"},"content":{"rendered":"","protected":false},"excerpt":{"rendered":"<p>Poudre a lever Nat-Ali Bio VRAC<\/p>\n<p>La poudre \u00e0 lever est utilis\u00e9e pour la lev\u00e9e des p\u00e2tes en p\u00e2tisserie sal\u00e9e et sucr\u00e9e.<\/p>\n<p>Sans gluten et sans phosphate.<\/p>\n<p>Conditionnement: 50 gr ou 100 gr<\/p>\n","protected":false},"featured_media":24788,"comment_status":"closed","ping_status":"closed","template":"","meta":[],"product_cat":[715,63,703,64,698],"product_tag":[],"supplier_id":null,"supplier_sku":"","atum_controlled":true,"out_stock_date":null,"out_stock_threshold":null,"inheritable":true,"inbound_stock":0,"stock_on_hold":2,"sold_today":2,"sales_last_days":5,"out_stock_days":0,"lost_sales":0,"has_location":false,"update_date":"2026-04-15T14:48:07","atum_locations":[],"atum_stock_status":"instock","restock_status":false,"low_stock_amount":"","sales_update_date":"2026-04-13T22:13:27","calc_backorders":null,"_links":{"self":[{"href":"https:\/\/www.epicerie-lasource.org\/magasin\/wp-json\/wp\/v2\/product\/13547"}],"collection":[{"href":"https:\/\/www.epicerie-lasource.org\/magasin\/wp-json\/wp\/v2\/product"}],"about":[{"href":"https:\/\/www.epicerie-lasource.org\/magasin\/wp-json\/wp\/v2\/types\/product"}],"replies":[{"embeddable":true,"href":"https:\/\/www.epicerie-lasource.org\/magasin\/wp-json\/wp\/v2\/comments?post=13547"}],"wp:featuredmedia":[{"embeddable":true,"href":"https:\/\/www.epicerie-lasource.org\/magasin\/wp-json\/wp\/v2\/media\/24788"}],"wp:attachment":[{"href":"https:\/\/www.epicerie-lasource.org\/magasin\/wp-json\/wp\/v2\/media?parent=13547"}],"wp:term":[{"taxonomy":"product_cat","embeddable":true,"href":"https:\/\/www.epicerie-lasource.org\/magasin\/wp-json\/wp\/v2\/product_cat?post=13547"},{"taxonomy":"product_tag","embeddable":true,"href":"https:\/\/www.epicerie-lasource.org\/magasin\/wp-json\/wp\/v2\/product_tag?post=13547"}],"curies":[{"name":"wp","href":"https:\/\/api.w.org\/{rel}","templated":true}]}}