{"id":13539,"date":"2020-12-01T20:52:28","date_gmt":"2020-12-01T19:52:28","guid":{"rendered":"https:\/\/www.epicerie-lasource.org\/magasin\/?post_type=product&#038;p=13539"},"modified":"2026-04-27T22:15:30","modified_gmt":"2026-04-27T20:15:30","slug":"creme-de-coco-maigre-21-matiere-grasse-bio-40cl","status":"publish","type":"product","link":"https:\/\/www.epicerie-lasource.org\/magasin\/produit\/creme-de-coco-maigre-21-matiere-grasse-bio-40cl\/","title":{"rendered":"Cr\u00e8me de Coco maigre 21% mati\u00e8re grasse BIO 40cl"},"content":{"rendered":"","protected":false},"excerpt":{"rendered":"<p>Cr\u00e8me de Coco maigre 21% mati\u00e8re grasse BIO 40cl<\/p>\n<p>La cr\u00e8me de coco bio est \u00e9labor\u00e9e \u00e0 partir de noix cocos fra\u00eeches des Philippines, r\u00e9colt\u00e9es en pleine maturit\u00e9. Gr\u00e2ce \u00e0 sa texture onctueuse, elle est une aide culinaire pour pr\u00e9parer des sauces ou des\u00a0currys savoureux. Cr\u00e8meuse, c&rsquo;est une excellente alternative aux cr\u00e8mes habituellement utilis\u00e9es lors de vos pr\u00e9parations culinaires\u00a0sal\u00e9es ou sucr\u00e9es.<\/p>\n<p>Ingr\u00e9dients: extrait de coco*, eau, gomme guar<\/p>\n","protected":false},"featured_media":24607,"comment_status":"closed","ping_status":"closed","template":"","meta":[],"product_cat":[678,708],"product_tag":[],"supplier_id":23768,"supplier_sku":"","atum_controlled":true,"out_stock_date":null,"out_stock_threshold":null,"inheritable":false,"inbound_stock":0,"stock_on_hold":0,"sold_today":0,"sales_last_days":3,"out_stock_days":0,"lost_sales":0,"has_location":false,"update_date":"2026-05-05T22:29:36","atum_locations":[],"atum_stock_status":"instock","restock_status":false,"low_stock_amount":4,"sales_update_date":"2026-05-05T22:29:36","calc_backorders":0,"_links":{"self":[{"href":"https:\/\/www.epicerie-lasource.org\/magasin\/wp-json\/wp\/v2\/product\/13539"}],"collection":[{"href":"https:\/\/www.epicerie-lasource.org\/magasin\/wp-json\/wp\/v2\/product"}],"about":[{"href":"https:\/\/www.epicerie-lasource.org\/magasin\/wp-json\/wp\/v2\/types\/product"}],"replies":[{"embeddable":true,"href":"https:\/\/www.epicerie-lasource.org\/magasin\/wp-json\/wp\/v2\/comments?post=13539"}],"wp:featuredmedia":[{"embeddable":true,"href":"https:\/\/www.epicerie-lasource.org\/magasin\/wp-json\/wp\/v2\/media\/24607"}],"wp:attachment":[{"href":"https:\/\/www.epicerie-lasource.org\/magasin\/wp-json\/wp\/v2\/media?parent=13539"}],"wp:term":[{"taxonomy":"product_cat","embeddable":true,"href":"https:\/\/www.epicerie-lasource.org\/magasin\/wp-json\/wp\/v2\/product_cat?post=13539"},{"taxonomy":"product_tag","embeddable":true,"href":"https:\/\/www.epicerie-lasource.org\/magasin\/wp-json\/wp\/v2\/product_tag?post=13539"}],"curies":[{"name":"wp","href":"https:\/\/api.w.org\/{rel}","templated":true}]}}