{"id":13387,"date":"2020-11-25T15:39:06","date_gmt":"2020-11-25T14:39:06","guid":{"rendered":"https:\/\/www.epicerie-lasource.org\/magasin\/?post_type=product&#038;p=13387"},"modified":"2026-04-27T13:14:47","modified_gmt":"2026-04-27T11:14:47","slug":"vrac-tandoori-bio-au-choix-50-gr-ou-100-gr","status":"publish","type":"product","link":"https:\/\/www.epicerie-lasource.org\/magasin\/produit\/vrac-tandoori-bio-au-choix-50-gr-ou-100-gr\/","title":{"rendered":"Vrac- Tandoori Bio"},"content":{"rendered":"","protected":false},"excerpt":{"rendered":"<p>Epices Tandoori bio 50gr ou 100gr<\/p>\n<p>Notre m\u00e9lange Tandoori bio est \u00e9labor\u00e9 artisanalement dans nos locaux \u00e0 Baixas (66390). C\u2019est \u00e0 travers une d\u00e9marche \u00e9quitable que nous s\u00e9lectionnons les \u00e9pices qui le composent aupr\u00e8s de petites coop\u00e9ratives d\u2019agriculteurs.<\/p>\n<p>Issu de l\u2019agriculture biologique (certification ECOCERT).<\/p>\n<p>Le \u00ab\u00a0poulet tandoori\u00a0\u00bb est la recette la plus connue mais on peut accommoder de la m\u00eame mani\u00e8re des cubes de fromage non fondant comme de la feta ou du tofu. Il s\u2019agit de faire mariner des morceaux de poulet ou tofu ou fromage dans un m\u00e9lange de yaourt et d\u2019\u00e9pices tandoori avant de les faire griller au four.<\/p>\n<p>Ingr\u00e9dients:<\/p>\n<ul>\n<li>\n<div><strong>Paprika Doux<\/strong>,<\/div>\n<\/li>\n<li>\n<div><strong>Coriandre<\/strong>,<\/div>\n<\/li>\n<li>\n<div><strong>Cumin<\/strong>,<\/div>\n<\/li>\n<li>\n<div><strong>Ail<\/strong>,<\/div>\n<\/li>\n<li>\n<div><strong>Moutarde<\/strong>,<\/div>\n<\/li>\n<li>\n<div><strong>Gingembre<\/strong>,<\/div>\n<\/li>\n<li>\n<div><strong>Poivre Noir<\/strong>,<\/div>\n<\/li>\n<li>\n<div><strong>Muscade<\/strong>,<\/div>\n<\/li>\n<li>\n<div><strong>Piment<\/strong>.<\/div>\n<\/li>\n<\/ul>\n<p>&nbsp;<\/p>\n","protected":false},"featured_media":25029,"comment_status":"closed","ping_status":"closed","template":"","meta":[],"product_cat":[715,63,704],"product_tag":[],"supplier_id":null,"supplier_sku":"","atum_controlled":true,"out_stock_date":null,"out_stock_threshold":null,"inheritable":true,"inbound_stock":0,"stock_on_hold":0,"sold_today":0,"sales_last_days":2,"out_stock_days":0,"lost_sales":0,"has_location":false,"update_date":"2026-05-03T22:29:30","atum_locations":[],"atum_stock_status":"instock","restock_status":false,"low_stock_amount":"","sales_update_date":"2026-05-03T22:29:30","calc_backorders":0,"_links":{"self":[{"href":"https:\/\/www.epicerie-lasource.org\/magasin\/wp-json\/wp\/v2\/product\/13387"}],"collection":[{"href":"https:\/\/www.epicerie-lasource.org\/magasin\/wp-json\/wp\/v2\/product"}],"about":[{"href":"https:\/\/www.epicerie-lasource.org\/magasin\/wp-json\/wp\/v2\/types\/product"}],"replies":[{"embeddable":true,"href":"https:\/\/www.epicerie-lasource.org\/magasin\/wp-json\/wp\/v2\/comments?post=13387"}],"wp:featuredmedia":[{"embeddable":true,"href":"https:\/\/www.epicerie-lasource.org\/magasin\/wp-json\/wp\/v2\/media\/25029"}],"wp:attachment":[{"href":"https:\/\/www.epicerie-lasource.org\/magasin\/wp-json\/wp\/v2\/media?parent=13387"}],"wp:term":[{"taxonomy":"product_cat","embeddable":true,"href":"https:\/\/www.epicerie-lasource.org\/magasin\/wp-json\/wp\/v2\/product_cat?post=13387"},{"taxonomy":"product_tag","embeddable":true,"href":"https:\/\/www.epicerie-lasource.org\/magasin\/wp-json\/wp\/v2\/product_tag?post=13387"}],"curies":[{"name":"wp","href":"https:\/\/api.w.org\/{rel}","templated":true}]}}