{"id":13364,"date":"2020-11-25T12:04:37","date_gmt":"2020-11-25T11:04:37","guid":{"rendered":"https:\/\/www.epicerie-lasource.org\/magasin\/?post_type=product&#038;p=13364"},"modified":"2026-04-05T07:43:08","modified_gmt":"2026-04-05T05:43:08","slug":"pur-jus-pamplemousse-jaune-75cl","status":"publish","type":"product","link":"https:\/\/www.epicerie-lasource.org\/magasin\/produit\/pur-jus-pamplemousse-jaune-75cl\/","title":{"rendered":"Jus Pamplemousse rose Pajottenlander 75cl Bio (bouteille consign\u00e9e)"},"content":{"rendered":"","protected":false},"excerpt":{"rendered":"<p>100 % jus de pamplemousse<br \/>\nLes fruits m\u00fbrissent sur l\u2019arbre et sont fra\u00eechement press\u00e9s. Puis le jus est mis en bouteille et bri\u00e8vement pasteuris\u00e9.<\/p>\n<p>Le jus de pamplemousse Pajottenlander a une chaude couleur jaune.<br \/>\nLe go\u00fbt est frais, acidul\u00e9, aromatis\u00e9 et poss\u00e8de un l\u00e9ger accent amer.<\/p>\n<h3><strong>Attention: Bouteille consign\u00e9e<br \/>\n<\/strong><\/h3>\n<p>&nbsp;<\/p>\n","protected":false},"featured_media":62794,"comment_status":"closed","ping_status":"closed","template":"","meta":[],"product_cat":[22,475],"product_tag":[],"supplier_id":23768,"supplier_sku":"","atum_controlled":true,"out_stock_date":null,"out_stock_threshold":null,"inheritable":false,"inbound_stock":0,"stock_on_hold":0,"sold_today":0,"sales_last_days":0,"out_stock_days":0,"lost_sales":0,"has_location":false,"update_date":"2026-05-04T22:30:31","atum_locations":[],"atum_stock_status":"instock","restock_status":false,"low_stock_amount":"","sales_update_date":"2026-05-04T22:30:31","calc_backorders":0,"_links":{"self":[{"href":"https:\/\/www.epicerie-lasource.org\/magasin\/wp-json\/wp\/v2\/product\/13364"}],"collection":[{"href":"https:\/\/www.epicerie-lasource.org\/magasin\/wp-json\/wp\/v2\/product"}],"about":[{"href":"https:\/\/www.epicerie-lasource.org\/magasin\/wp-json\/wp\/v2\/types\/product"}],"replies":[{"embeddable":true,"href":"https:\/\/www.epicerie-lasource.org\/magasin\/wp-json\/wp\/v2\/comments?post=13364"}],"wp:featuredmedia":[{"embeddable":true,"href":"https:\/\/www.epicerie-lasource.org\/magasin\/wp-json\/wp\/v2\/media\/62794"}],"wp:attachment":[{"href":"https:\/\/www.epicerie-lasource.org\/magasin\/wp-json\/wp\/v2\/media?parent=13364"}],"wp:term":[{"taxonomy":"product_cat","embeddable":true,"href":"https:\/\/www.epicerie-lasource.org\/magasin\/wp-json\/wp\/v2\/product_cat?post=13364"},{"taxonomy":"product_tag","embeddable":true,"href":"https:\/\/www.epicerie-lasource.org\/magasin\/wp-json\/wp\/v2\/product_tag?post=13364"}],"curies":[{"name":"wp","href":"https:\/\/api.w.org\/{rel}","templated":true}]}}