{"id":12812,"date":"2025-11-21T11:27:53","date_gmt":"2025-11-21T10:27:53","guid":{"rendered":"https:\/\/www.epicerie-lasource.org\/magasin\/?post_type=product&#038;p=12812"},"modified":"2026-02-18T21:04:11","modified_gmt":"2026-02-18T20:04:11","slug":"saucisse-au-comte-350-gr-environ","status":"publish","type":"product","link":"https:\/\/www.epicerie-lasource.org\/magasin\/produit\/saucisse-au-comte-350-gr-environ\/","title":{"rendered":"Saucisse au Comt\u00e9 350 gr"},"content":{"rendered":"","protected":false},"excerpt":{"rendered":"<p>Le proc\u00e9d\u00e9 de fabrication est identique \u00e0 la saucisse de Morteau, cependant notre charcutier Polinois ajoute \u00e0 cette fabrication 10% de petits cubes de notre Comt\u00e9 AOP Juraflore et un soup\u00e7on de \u00ab\u00a0Savagnin\u00a0\u00bb (vin du Jura tr\u00e8s typ\u00e9).<\/p>\n<p><strong>Cet apport suppl\u00e9mentaire lui ajoute une touche de terroir incomparable.<\/strong><\/p>\n<p>Pi\u00e8ce de\u00a0350 g environ.<br \/>\n<strong>Prix \u00e0 la pi\u00e8ce<br \/>\n<\/strong><\/p>\n","protected":false},"featured_media":59924,"comment_status":"open","ping_status":"closed","template":"","meta":[],"product_cat":[652,15,688],"product_tag":[],"supplier_id":null,"supplier_sku":"","atum_controlled":true,"out_stock_date":null,"out_stock_threshold":null,"inheritable":false,"inbound_stock":null,"stock_on_hold":0,"sold_today":0,"sales_last_days":0,"out_stock_days":0,"lost_sales":0,"has_location":false,"update_date":"2026-05-05T22:29:44","atum_locations":[],"atum_stock_status":"instock","restock_status":false,"low_stock_amount":"","sales_update_date":"2026-05-05T22:29:44","calc_backorders":null,"_links":{"self":[{"href":"https:\/\/www.epicerie-lasource.org\/magasin\/wp-json\/wp\/v2\/product\/12812"}],"collection":[{"href":"https:\/\/www.epicerie-lasource.org\/magasin\/wp-json\/wp\/v2\/product"}],"about":[{"href":"https:\/\/www.epicerie-lasource.org\/magasin\/wp-json\/wp\/v2\/types\/product"}],"replies":[{"embeddable":true,"href":"https:\/\/www.epicerie-lasource.org\/magasin\/wp-json\/wp\/v2\/comments?post=12812"}],"wp:featuredmedia":[{"embeddable":true,"href":"https:\/\/www.epicerie-lasource.org\/magasin\/wp-json\/wp\/v2\/media\/59924"}],"wp:attachment":[{"href":"https:\/\/www.epicerie-lasource.org\/magasin\/wp-json\/wp\/v2\/media?parent=12812"}],"wp:term":[{"taxonomy":"product_cat","embeddable":true,"href":"https:\/\/www.epicerie-lasource.org\/magasin\/wp-json\/wp\/v2\/product_cat?post=12812"},{"taxonomy":"product_tag","embeddable":true,"href":"https:\/\/www.epicerie-lasource.org\/magasin\/wp-json\/wp\/v2\/product_tag?post=12812"}],"curies":[{"name":"wp","href":"https:\/\/api.w.org\/{rel}","templated":true}]}}