{"id":12304,"date":"2020-10-14T12:29:31","date_gmt":"2020-10-14T10:29:31","guid":{"rendered":"https:\/\/www.epicerie-lasource.org\/magasin\/?post_type=product&#038;p=12304"},"modified":"2026-04-30T18:24:06","modified_gmt":"2026-04-30T16:24:06","slug":"cereales-petit-dejeuner-krounchy-nature-grillon-dor-bio-vrac-au-choix","status":"publish","type":"product","link":"https:\/\/www.epicerie-lasource.org\/magasin\/produit\/cereales-petit-dejeuner-krounchy-nature-grillon-dor-bio-vrac-au-choix\/","title":{"rendered":"Vrac- C\u00e9r\u00e9ales Krounchy nature Grillon d or Bio"},"content":{"rendered":"","protected":false},"excerpt":{"rendered":"<p>C\u00e9r\u00e9ales Petit d\u00e9jeuner KROUNCHY nature Grillon d&rsquo;Or BIO VRAC au choix (au kilo)<\/p>\n<p class=\"sous_titre\">Caract\u00e9ristiques :<\/p>\n<p><strong>Ingr\u00e9dients :<\/strong>\u00a0C\u00e9r\u00e9ales compl\u00e8tes *(Flocons d\u2019avoine*, flocons de\u00a0bl\u00e9*), flocons d\u2019orge*, sucre*, huile de tournesol*, riz souffl\u00e9* (semoule de riz*, farine de\u00a0bl\u00e9*, sucre*, malt d\u2019orge*), noix de coco r\u00e2p\u00e9e*, sirop de glucose*, farine de\u00a0bl\u00e9*, semoule de riz*, sirop de caramel*, amidon de\u00a0bl\u00e9*, miel*, malt d\u2019orge*, gluten de\u00a0bl\u00e9*, ar\u00f4me naturel de vanille*, antioxydant : extrait riche en tocoph\u00e9rols.<\/p>\n<p>*Ingr\u00e9dients issus de l\u2019agriculture biologique.<\/p>\n<p><strong>Valeurs nutritionnelles (pour\u00a0100g) :\u00a0<\/strong><\/p>\n<p>Valeur \u00e9nerg\u00e9tique 1840 kJ \/ 438 kcal<br \/>\nMati\u00e8res grasses 14,6 g<br \/>\ndont Acides gras satur\u00e9s 4 g<br \/>\nGlucides 63,7 g<br \/>\ndont Sucres 19,1 g<br \/>\nFibres alimentaires 7,4 g<br \/>\nProt\u00e9ines 9,3 g<br \/>\nSel 0,014 g<\/p>\n","protected":false},"featured_media":24987,"comment_status":"closed","ping_status":"closed","template":"","meta":[],"product_cat":[715,64,695],"product_tag":[],"supplier_id":null,"supplier_sku":"","atum_controlled":true,"out_stock_date":null,"out_stock_threshold":null,"inheritable":true,"inbound_stock":0,"stock_on_hold":0,"sold_today":0,"sales_last_days":3.54,"out_stock_days":0,"lost_sales":0,"has_location":false,"update_date":"2026-05-03T22:29:43","atum_locations":[],"atum_stock_status":"instock","restock_status":true,"low_stock_amount":1,"sales_update_date":"2026-05-03T22:29:43","calc_backorders":0,"_links":{"self":[{"href":"https:\/\/www.epicerie-lasource.org\/magasin\/wp-json\/wp\/v2\/product\/12304"}],"collection":[{"href":"https:\/\/www.epicerie-lasource.org\/magasin\/wp-json\/wp\/v2\/product"}],"about":[{"href":"https:\/\/www.epicerie-lasource.org\/magasin\/wp-json\/wp\/v2\/types\/product"}],"replies":[{"embeddable":true,"href":"https:\/\/www.epicerie-lasource.org\/magasin\/wp-json\/wp\/v2\/comments?post=12304"}],"wp:featuredmedia":[{"embeddable":true,"href":"https:\/\/www.epicerie-lasource.org\/magasin\/wp-json\/wp\/v2\/media\/24987"}],"wp:attachment":[{"href":"https:\/\/www.epicerie-lasource.org\/magasin\/wp-json\/wp\/v2\/media?parent=12304"}],"wp:term":[{"taxonomy":"product_cat","embeddable":true,"href":"https:\/\/www.epicerie-lasource.org\/magasin\/wp-json\/wp\/v2\/product_cat?post=12304"},{"taxonomy":"product_tag","embeddable":true,"href":"https:\/\/www.epicerie-lasource.org\/magasin\/wp-json\/wp\/v2\/product_tag?post=12304"}],"curies":[{"name":"wp","href":"https:\/\/api.w.org\/{rel}","templated":true}]}}