{"id":12270,"date":"2024-12-26T11:01:29","date_gmt":"2024-12-26T10:01:29","guid":{"rendered":"https:\/\/www.epicerie-lasource.org\/magasin\/?post_type=product&#038;p=12270"},"modified":"2026-02-18T20:58:19","modified_gmt":"2026-02-18T19:58:19","slug":"raclette-au-lait-cru-500-grs","status":"publish","type":"product","link":"https:\/\/www.epicerie-lasource.org\/magasin\/produit\/raclette-au-lait-cru-500-grs\/","title":{"rendered":"Raclette au lait cru &#8211; 500 grs"},"content":{"rendered":"","protected":false},"excerpt":{"rendered":"<p><strong>Le fromage \u00e0 raclette au lait cr\u00fb est un fromage \u00e0 p\u00e2te press\u00e9e non cuite.<br \/>\n<\/strong>Affin\u00e9 45 jours<br \/>\nIl est fabriqu\u00e9 dans le massif Jurassien.<br \/>\nFromage fruit\u00e9 et agr\u00e9able, il est de pr\u00e9f\u00e9rence consomm\u00e9 fondu, accompagn\u00e9 de pommes de terre et de charcuteries.<\/p>\n<p>Compter environ 200 g de fromage par personne.<br \/>\n<strong>Prix au kg: 28,64\u20ac\/kg<\/strong><\/p>\n","protected":false},"featured_media":12271,"comment_status":"closed","ping_status":"closed","template":"","meta":[],"product_cat":[25],"product_tag":[],"supplier_id":null,"supplier_sku":"","atum_controlled":false,"out_stock_date":null,"out_stock_threshold":null,"inheritable":false,"inbound_stock":0,"stock_on_hold":0,"sold_today":0,"sales_last_days":0,"out_stock_days":0,"lost_sales":0,"has_location":false,"update_date":"2026-05-04T22:29:55","atum_locations":[],"atum_stock_status":"instock","restock_status":false,"low_stock_amount":"","sales_update_date":"2026-05-04T22:29:55","calc_backorders":null,"_links":{"self":[{"href":"https:\/\/www.epicerie-lasource.org\/magasin\/wp-json\/wp\/v2\/product\/12270"}],"collection":[{"href":"https:\/\/www.epicerie-lasource.org\/magasin\/wp-json\/wp\/v2\/product"}],"about":[{"href":"https:\/\/www.epicerie-lasource.org\/magasin\/wp-json\/wp\/v2\/types\/product"}],"replies":[{"embeddable":true,"href":"https:\/\/www.epicerie-lasource.org\/magasin\/wp-json\/wp\/v2\/comments?post=12270"}],"wp:featuredmedia":[{"embeddable":true,"href":"https:\/\/www.epicerie-lasource.org\/magasin\/wp-json\/wp\/v2\/media\/12271"}],"wp:attachment":[{"href":"https:\/\/www.epicerie-lasource.org\/magasin\/wp-json\/wp\/v2\/media?parent=12270"}],"wp:term":[{"taxonomy":"product_cat","embeddable":true,"href":"https:\/\/www.epicerie-lasource.org\/magasin\/wp-json\/wp\/v2\/product_cat?post=12270"},{"taxonomy":"product_tag","embeddable":true,"href":"https:\/\/www.epicerie-lasource.org\/magasin\/wp-json\/wp\/v2\/product_tag?post=12270"}],"curies":[{"name":"wp","href":"https:\/\/api.w.org\/{rel}","templated":true}]}}