{"id":12259,"date":"2024-12-26T11:01:28","date_gmt":"2024-12-26T10:01:28","guid":{"rendered":"https:\/\/www.epicerie-lasource.org\/magasin\/?post_type=product&#038;p=12259"},"modified":"2026-02-18T20:43:40","modified_gmt":"2026-02-18T19:43:40","slug":"cancoillotte-au-choix-nature-ail-vin-blanc","status":"publish","type":"product","link":"https:\/\/www.epicerie-lasource.org\/magasin\/produit\/cancoillotte-au-choix-nature-ail-vin-blanc\/","title":{"rendered":"Cancoillotte  Nature &#8211; 240 g"},"content":{"rendered":"","protected":false},"excerpt":{"rendered":"<p>La cancoillotte est une sp\u00e9cialit\u00e9 fromag\u00e8re franc-comtoise naturellement l\u00e9g\u00e8re en mati\u00e8res grasses.<br \/>\n12% de MG.<br \/>\nPot de 240 Grs.<br \/>\n<em><strong>Attention la date limite de consommation n&rsquo;est pas celle de l&rsquo;\u00e9tiquette mais celle du couvercle car la cancoillotte est sous vide <\/strong><\/em><\/p>\n","protected":false},"featured_media":61445,"comment_status":"open","ping_status":"closed","template":"","meta":[],"product_cat":[25],"product_tag":[],"supplier_id":null,"supplier_sku":"","atum_controlled":true,"out_stock_date":null,"out_stock_threshold":null,"inheritable":false,"inbound_stock":0,"stock_on_hold":0,"sold_today":0,"sales_last_days":0,"out_stock_days":0,"lost_sales":0,"has_location":false,"update_date":"2026-04-28T22:21:45","atum_locations":[],"atum_stock_status":"instock","restock_status":false,"low_stock_amount":"","sales_update_date":"2026-04-28T22:21:44","calc_backorders":null,"_links":{"self":[{"href":"https:\/\/www.epicerie-lasource.org\/magasin\/wp-json\/wp\/v2\/product\/12259"}],"collection":[{"href":"https:\/\/www.epicerie-lasource.org\/magasin\/wp-json\/wp\/v2\/product"}],"about":[{"href":"https:\/\/www.epicerie-lasource.org\/magasin\/wp-json\/wp\/v2\/types\/product"}],"replies":[{"embeddable":true,"href":"https:\/\/www.epicerie-lasource.org\/magasin\/wp-json\/wp\/v2\/comments?post=12259"}],"wp:featuredmedia":[{"embeddable":true,"href":"https:\/\/www.epicerie-lasource.org\/magasin\/wp-json\/wp\/v2\/media\/61445"}],"wp:attachment":[{"href":"https:\/\/www.epicerie-lasource.org\/magasin\/wp-json\/wp\/v2\/media?parent=12259"}],"wp:term":[{"taxonomy":"product_cat","embeddable":true,"href":"https:\/\/www.epicerie-lasource.org\/magasin\/wp-json\/wp\/v2\/product_cat?post=12259"},{"taxonomy":"product_tag","embeddable":true,"href":"https:\/\/www.epicerie-lasource.org\/magasin\/wp-json\/wp\/v2\/product_tag?post=12259"}],"curies":[{"name":"wp","href":"https:\/\/api.w.org\/{rel}","templated":true}]}}