{"id":12250,"date":"2024-12-26T11:01:28","date_gmt":"2024-12-26T10:01:28","guid":{"rendered":"https:\/\/www.epicerie-lasource.org\/magasin\/?post_type=product&#038;p=12250"},"modified":"2026-02-18T21:01:37","modified_gmt":"2026-02-18T20:01:37","slug":"cacouyard-350-grs-env","status":"publish","type":"product","link":"https:\/\/www.epicerie-lasource.org\/magasin\/produit\/cacouyard-350-grs-env\/","title":{"rendered":"Cacouyard 350g &#8211; comt\u00e9 mont jura"},"content":{"rendered":"","protected":false},"excerpt":{"rendered":"<p>Le Cacouyard est un fromage \u00e0 p\u00e2te molle fabriqu\u00e9 dans une fromagerie du Haut Doubs. C&rsquo;est un fromage au lait de vache de montagne de race montb\u00e9liarde uniquement nourrie avec de l&rsquo;herbe et du fourrage (sans ensilage).<br \/>\nLe Cacouyard est un fromage rond \u00e0 p\u00e2te molle stabilis\u00e9e, \u00e0 la cro\u00fbte lav\u00e9e et au lait pasteuris\u00e9. Sa particularit\u00e9 vient du fait qu\u2019un ar\u00f4me de noix est ajout\u00e9 au lait lors de la fabrication, ce qui lui donne un caract\u00e8re et une originalit\u00e9 tr\u00e8s appr\u00e9ci\u00e9s.<\/p>\n<p><strong>Prix au kg: 26.84\u20ac\/kg<\/strong><\/p>\n","protected":false},"featured_media":12258,"comment_status":"open","ping_status":"closed","template":"","meta":[],"product_cat":[25],"product_tag":[],"supplier_id":null,"supplier_sku":"","atum_controlled":false,"out_stock_date":null,"out_stock_threshold":null,"inheritable":false,"inbound_stock":0,"stock_on_hold":0,"sold_today":0,"sales_last_days":2,"out_stock_days":0,"lost_sales":0,"has_location":false,"update_date":"2026-04-14T22:11:48","atum_locations":[],"atum_stock_status":"instock","restock_status":false,"low_stock_amount":"","sales_update_date":"2026-04-14T22:11:47","calc_backorders":null,"_links":{"self":[{"href":"https:\/\/www.epicerie-lasource.org\/magasin\/wp-json\/wp\/v2\/product\/12250"}],"collection":[{"href":"https:\/\/www.epicerie-lasource.org\/magasin\/wp-json\/wp\/v2\/product"}],"about":[{"href":"https:\/\/www.epicerie-lasource.org\/magasin\/wp-json\/wp\/v2\/types\/product"}],"replies":[{"embeddable":true,"href":"https:\/\/www.epicerie-lasource.org\/magasin\/wp-json\/wp\/v2\/comments?post=12250"}],"wp:featuredmedia":[{"embeddable":true,"href":"https:\/\/www.epicerie-lasource.org\/magasin\/wp-json\/wp\/v2\/media\/12258"}],"wp:attachment":[{"href":"https:\/\/www.epicerie-lasource.org\/magasin\/wp-json\/wp\/v2\/media?parent=12250"}],"wp:term":[{"taxonomy":"product_cat","embeddable":true,"href":"https:\/\/www.epicerie-lasource.org\/magasin\/wp-json\/wp\/v2\/product_cat?post=12250"},{"taxonomy":"product_tag","embeddable":true,"href":"https:\/\/www.epicerie-lasource.org\/magasin\/wp-json\/wp\/v2\/product_tag?post=12250"}],"curies":[{"name":"wp","href":"https:\/\/api.w.org\/{rel}","templated":true}]}}