{"id":12248,"date":"2024-12-26T11:01:28","date_gmt":"2024-12-26T10:01:28","guid":{"rendered":"https:\/\/www.epicerie-lasource.org\/magasin\/?post_type=product&#038;p=12248"},"modified":"2026-02-18T21:00:01","modified_gmt":"2026-02-18T20:00:01","slug":"bon-grivois-360-grs-env","status":"publish","type":"product","link":"https:\/\/www.epicerie-lasource.org\/magasin\/produit\/bon-grivois-360-grs-env\/","title":{"rendered":"Bon Grivois &#8211; 360 Grs env."},"content":{"rendered":"","protected":false},"excerpt":{"rendered":"<p><strong>Le Bon Grivois, pi\u00e8ce d&rsquo;environ 360 g.<br \/>\nPrix au kg: 25,46\u20ac\/kg.<br \/>\n<\/strong><\/p>\n<p>Le Bon Grivois est un fromage \u00e0 p\u00e2te molle fabriqu\u00e9 dans une petite fromagerie artisanale du Haut Doubs.<br \/>\nC&rsquo;est un fromage au lait de vache de montagne de race montb\u00e9liarde uniquement nourrie avec de l&rsquo;herbe et du fourrage (sans ensilage).<br \/>\nLe Bon Grivois est un fromage rond \u00e0 p\u00e2te molle stabilis\u00e9e, \u00e0 la cro\u00fbte lav\u00e9e et au lait pasteuris\u00e9.<br \/>\nIl p\u00e8se environ 350 grammes et a une teneur minimum de 45% de mati\u00e8res grasses. Son affinage est de 3 semaines sur planche d&rsquo;\u00e9pic\u00e9a et il est frott\u00e9 tous les deux jours \u00e0 l&rsquo;eau sal\u00e9e sans colorants.<\/p>\n","protected":false},"featured_media":12249,"comment_status":"closed","ping_status":"closed","template":"","meta":[],"product_cat":[25],"product_tag":[],"supplier_id":null,"supplier_sku":"","atum_controlled":false,"out_stock_date":null,"out_stock_threshold":null,"inheritable":false,"inbound_stock":0,"stock_on_hold":0,"sold_today":0,"sales_last_days":2,"out_stock_days":0,"lost_sales":0,"has_location":false,"update_date":"2026-04-13T22:13:38","atum_locations":[],"atum_stock_status":"instock","restock_status":false,"low_stock_amount":"","sales_update_date":"2026-04-13T22:13:38","calc_backorders":null,"_links":{"self":[{"href":"https:\/\/www.epicerie-lasource.org\/magasin\/wp-json\/wp\/v2\/product\/12248"}],"collection":[{"href":"https:\/\/www.epicerie-lasource.org\/magasin\/wp-json\/wp\/v2\/product"}],"about":[{"href":"https:\/\/www.epicerie-lasource.org\/magasin\/wp-json\/wp\/v2\/types\/product"}],"replies":[{"embeddable":true,"href":"https:\/\/www.epicerie-lasource.org\/magasin\/wp-json\/wp\/v2\/comments?post=12248"}],"wp:featuredmedia":[{"embeddable":true,"href":"https:\/\/www.epicerie-lasource.org\/magasin\/wp-json\/wp\/v2\/media\/12249"}],"wp:attachment":[{"href":"https:\/\/www.epicerie-lasource.org\/magasin\/wp-json\/wp\/v2\/media?parent=12248"}],"wp:term":[{"taxonomy":"product_cat","embeddable":true,"href":"https:\/\/www.epicerie-lasource.org\/magasin\/wp-json\/wp\/v2\/product_cat?post=12248"},{"taxonomy":"product_tag","embeddable":true,"href":"https:\/\/www.epicerie-lasource.org\/magasin\/wp-json\/wp\/v2\/product_tag?post=12248"}],"curies":[{"name":"wp","href":"https:\/\/api.w.org\/{rel}","templated":true}]}}