{"id":12246,"date":"2024-12-26T11:01:28","date_gmt":"2024-12-26T10:01:28","guid":{"rendered":"https:\/\/www.epicerie-lasource.org\/magasin\/?post_type=product&#038;p=12246"},"modified":"2026-02-18T20:52:56","modified_gmt":"2026-02-18T19:52:56","slug":"bleu-de-gex-haut-jura-aop-500-grs","status":"publish","type":"product","link":"https:\/\/www.epicerie-lasource.org\/magasin\/produit\/bleu-de-gex-haut-jura-aop-500-grs\/","title":{"rendered":"Bleu de Gex Haut Jura AOP &#8211; 500 Grs"},"content":{"rendered":"","protected":false},"excerpt":{"rendered":"<p><strong>Le Bleu de Gex Haut-Jura AOP est un fromage \u00e0 p\u00e2te persill\u00e9e non press\u00e9e et non cuite.<br \/>\n<\/strong>Il est affin\u00e9 au minimum 3 semaines.<br \/>\nSa cro\u00fbte est fine et jaun\u00e2tre, l\u00e9g\u00e8rement farineuse sous le doigt, sa p\u00e2te blanc ivoire est tachet\u00e9e de veinures bleu-vert assez pales, sa p\u00e2te l\u00e9g\u00e8rement granuleuse d\u00e9gage une saveur caract\u00e9ristique de noix.<\/p>\n<p><b>Portion de 0,5 kg<br \/>\nPrix au kg: 28,65 \u20ac\/kg<br \/>\n<\/b><\/p>\n","protected":false},"featured_media":12247,"comment_status":"open","ping_status":"closed","template":"","meta":[],"product_cat":[25],"product_tag":[],"supplier_id":null,"supplier_sku":"","atum_controlled":false,"out_stock_date":null,"out_stock_threshold":null,"inheritable":false,"inbound_stock":0,"stock_on_hold":0,"sold_today":0,"sales_last_days":0,"out_stock_days":0,"lost_sales":0,"has_location":false,"update_date":"2026-04-29T22:27:32","atum_locations":[],"atum_stock_status":"instock","restock_status":false,"low_stock_amount":"","sales_update_date":"2026-04-29T22:27:32","calc_backorders":null,"_links":{"self":[{"href":"https:\/\/www.epicerie-lasource.org\/magasin\/wp-json\/wp\/v2\/product\/12246"}],"collection":[{"href":"https:\/\/www.epicerie-lasource.org\/magasin\/wp-json\/wp\/v2\/product"}],"about":[{"href":"https:\/\/www.epicerie-lasource.org\/magasin\/wp-json\/wp\/v2\/types\/product"}],"replies":[{"embeddable":true,"href":"https:\/\/www.epicerie-lasource.org\/magasin\/wp-json\/wp\/v2\/comments?post=12246"}],"wp:featuredmedia":[{"embeddable":true,"href":"https:\/\/www.epicerie-lasource.org\/magasin\/wp-json\/wp\/v2\/media\/12247"}],"wp:attachment":[{"href":"https:\/\/www.epicerie-lasource.org\/magasin\/wp-json\/wp\/v2\/media?parent=12246"}],"wp:term":[{"taxonomy":"product_cat","embeddable":true,"href":"https:\/\/www.epicerie-lasource.org\/magasin\/wp-json\/wp\/v2\/product_cat?post=12246"},{"taxonomy":"product_tag","embeddable":true,"href":"https:\/\/www.epicerie-lasource.org\/magasin\/wp-json\/wp\/v2\/product_tag?post=12246"}],"curies":[{"name":"wp","href":"https:\/\/api.w.org\/{rel}","templated":true}]}}