{"id":12240,"date":"2024-12-26T11:01:27","date_gmt":"2024-12-26T10:01:27","guid":{"rendered":"https:\/\/www.epicerie-lasource.org\/magasin\/?post_type=product&#038;p=12240"},"modified":"2026-02-18T20:50:17","modified_gmt":"2026-02-18T19:50:17","slug":"comte-tradition-doux-aop-500-grs","status":"publish","type":"product","link":"https:\/\/www.epicerie-lasource.org\/magasin\/produit\/comte-tradition-doux-aop-500-grs\/","title":{"rendered":"Comt\u00e9 Tradition Doux 4 mois AOP &#8211; 500 Grs"},"content":{"rendered":"","protected":false},"excerpt":{"rendered":"<p><strong>Comt\u00e9 AOP traditionnel fabriqu\u00e9 dans la plaine du Jura.<br \/>\n<\/strong>Ce Comt\u00e9 est affin\u00e9 en cave temp\u00e9r\u00e9e o\u00f9 il a m\u00fbri environ 4 mois.<br \/>\nP\u00e2te douce et peu fruit\u00e9e d\u00e9gageant des ar\u00f4mes plus doux, il est tr\u00e8s appr\u00e9ci\u00e9 des enfants.<\/p>\n<p><b>Affinage<\/b> : 4 mois minimum (affinage minimum requis pour l&rsquo;appellation)<br \/>\n<b>Go\u00fbt<\/b> : Doux<br \/>\n<b>Qualit\u00e9<\/b> : Bande verte (note attribu\u00e9e par l&rsquo;affineur et contr\u00f4l\u00e9e par un jury de professionnels).<\/p>\n<p><b>Portion de 0,5 kg<br \/>\nPrix au Kilo : 30,50\u20ac\/kg<br \/>\n<\/b><\/p>\n","protected":false},"featured_media":12241,"comment_status":"closed","ping_status":"closed","template":"","meta":[],"product_cat":[25],"product_tag":[],"supplier_id":null,"supplier_sku":"","atum_controlled":false,"out_stock_date":null,"out_stock_threshold":null,"inheritable":false,"inbound_stock":0,"stock_on_hold":0,"sold_today":0,"sales_last_days":1,"out_stock_days":0,"lost_sales":0,"has_location":false,"update_date":"2026-05-04T22:30:18","atum_locations":[],"atum_stock_status":"instock","restock_status":false,"low_stock_amount":"","sales_update_date":"2026-05-04T22:30:18","calc_backorders":null,"_links":{"self":[{"href":"https:\/\/www.epicerie-lasource.org\/magasin\/wp-json\/wp\/v2\/product\/12240"}],"collection":[{"href":"https:\/\/www.epicerie-lasource.org\/magasin\/wp-json\/wp\/v2\/product"}],"about":[{"href":"https:\/\/www.epicerie-lasource.org\/magasin\/wp-json\/wp\/v2\/types\/product"}],"replies":[{"embeddable":true,"href":"https:\/\/www.epicerie-lasource.org\/magasin\/wp-json\/wp\/v2\/comments?post=12240"}],"wp:featuredmedia":[{"embeddable":true,"href":"https:\/\/www.epicerie-lasource.org\/magasin\/wp-json\/wp\/v2\/media\/12241"}],"wp:attachment":[{"href":"https:\/\/www.epicerie-lasource.org\/magasin\/wp-json\/wp\/v2\/media?parent=12240"}],"wp:term":[{"taxonomy":"product_cat","embeddable":true,"href":"https:\/\/www.epicerie-lasource.org\/magasin\/wp-json\/wp\/v2\/product_cat?post=12240"},{"taxonomy":"product_tag","embeddable":true,"href":"https:\/\/www.epicerie-lasource.org\/magasin\/wp-json\/wp\/v2\/product_tag?post=12240"}],"curies":[{"name":"wp","href":"https:\/\/api.w.org\/{rel}","templated":true}]}}