{"id":12238,"date":"2024-12-26T11:01:27","date_gmt":"2024-12-26T10:01:27","guid":{"rendered":"https:\/\/www.epicerie-lasource.org\/magasin\/?post_type=product&#038;p=12238"},"modified":"2026-02-18T20:51:07","modified_gmt":"2026-02-18T19:51:07","slug":"comte-aop-500-grs-16-mois-daffinage","status":"publish","type":"product","link":"https:\/\/www.epicerie-lasource.org\/magasin\/produit\/comte-aop-500-grs-16-mois-daffinage\/","title":{"rendered":"Comt\u00e9 AOP  Fort des rousses -16 Mois- 500g"},"content":{"rendered":"","protected":false},"excerpt":{"rendered":"<p><strong>COMT\u00c9 JURAFLORE FORT DES ROUSSES,16 mois minimum &#8211; COMT\u00c9 AOP<\/strong><\/p>\n<p><strong>Un fromage tr\u00e8s typ\u00e9 \u00e9lev\u00e9 dans les r\u00e8gles de l&rsquo;art<\/strong><\/p>\n<p><b>Affinage<\/b> : 16 mois minimum<br \/>\n<b>Go\u00fbt<\/b> : Fruit\u00e9<br \/>\n<b>Qualit\u00e9<\/b> : Bande verte (note attribu\u00e9e par l&rsquo;affineur et contr\u00f4l\u00e9e par un jury de professionnels)<\/p>\n<p><b>Portion de 0,5 kg<br \/>\nPrix au Kilo : 33,11\u20ac\/kg<br \/>\n<\/b><\/p>\n","protected":false},"featured_media":12239,"comment_status":"closed","ping_status":"closed","template":"","meta":[],"product_cat":[25],"product_tag":[],"supplier_id":null,"supplier_sku":"","atum_controlled":false,"out_stock_date":null,"out_stock_threshold":null,"inheritable":false,"inbound_stock":0,"stock_on_hold":0,"sold_today":0,"sales_last_days":0,"out_stock_days":0,"lost_sales":0,"has_location":false,"update_date":"2026-04-29T22:26:43","atum_locations":[],"atum_stock_status":"instock","restock_status":false,"low_stock_amount":"","sales_update_date":"2026-04-29T22:26:43","calc_backorders":null,"_links":{"self":[{"href":"https:\/\/www.epicerie-lasource.org\/magasin\/wp-json\/wp\/v2\/product\/12238"}],"collection":[{"href":"https:\/\/www.epicerie-lasource.org\/magasin\/wp-json\/wp\/v2\/product"}],"about":[{"href":"https:\/\/www.epicerie-lasource.org\/magasin\/wp-json\/wp\/v2\/types\/product"}],"replies":[{"embeddable":true,"href":"https:\/\/www.epicerie-lasource.org\/magasin\/wp-json\/wp\/v2\/comments?post=12238"}],"wp:featuredmedia":[{"embeddable":true,"href":"https:\/\/www.epicerie-lasource.org\/magasin\/wp-json\/wp\/v2\/media\/12239"}],"wp:attachment":[{"href":"https:\/\/www.epicerie-lasource.org\/magasin\/wp-json\/wp\/v2\/media?parent=12238"}],"wp:term":[{"taxonomy":"product_cat","embeddable":true,"href":"https:\/\/www.epicerie-lasource.org\/magasin\/wp-json\/wp\/v2\/product_cat?post=12238"},{"taxonomy":"product_tag","embeddable":true,"href":"https:\/\/www.epicerie-lasource.org\/magasin\/wp-json\/wp\/v2\/product_tag?post=12238"}],"curies":[{"name":"wp","href":"https:\/\/api.w.org\/{rel}","templated":true}]}}