{"id":12148,"date":"2020-10-07T16:24:19","date_gmt":"2020-10-07T14:24:19","guid":{"rendered":"https:\/\/www.epicerie-lasource.org\/magasin\/?post_type=product&#038;p=12148"},"modified":"2026-02-05T10:57:59","modified_gmt":"2026-02-05T09:57:59","slug":"vrac-garam-masala-au-choix-50-gr-ou-100-gr","status":"publish","type":"product","link":"https:\/\/www.epicerie-lasource.org\/magasin\/produit\/vrac-garam-masala-au-choix-50-gr-ou-100-gr\/","title":{"rendered":"Vrac- Garam Masala Bio au choix 50 gr ou 100 gr"},"content":{"rendered":"","protected":false},"excerpt":{"rendered":"<p>Epices garam masala bio 50 gr ou 100 gr<\/p>\n<p>Notre m\u00e9lange Garam Masala bio est \u00e9labor\u00e9 artisanalement dans nos locaux \u00e0 Baixas (66390).<\/p>\n<p>C\u2019est \u00e0 travers une d\u00e9marche \u00e9quitable que nous s\u00e9lectionnons nos \u00e9pices et herbes aromatiques aupr\u00e8s de petites coop\u00e9ratives d\u2019agriculteurs.<\/p>\n<p>Le Garam Masala est le m\u00e9lange d\u2019\u00e9pices par excellence en Inde, mais aussi \u00e0 la R\u00e9union (Massal\u00e9) ou encore \u00e0 l\u2019Ile Maurice (Massala).<\/p>\n<p>Son utilisation est id\u00e9ale sur toutes les viandes, poissons ou encore l\u00e9gumes.<\/p>\n<p>Ingr\u00e9dients :<\/p>\n<ul>\n<li><a href=\"https:\/\/id-bio.net\/nos-produits\/epice-et-condiment\/coriandre-bio-poudre\/\"><strong>coriandre<\/strong><\/a><strong>,<\/strong><\/li>\n<li><strong><a href=\"https:\/\/id-bio.net\/nos-produits\/epice-et-condiment\/cumin-bio-poudre\/\">cumin<\/a>,<\/strong><\/li>\n<li><strong><a href=\"https:\/\/id-bio.net\/nos-produits\/epice-et-condiment\/cannelle-poudre-bio\/\">cannelle<\/a>,<\/strong><\/li>\n<li><strong><a href=\"https:\/\/id-bio.net\/nos-produits\/epice-et-condiment\/poivre-noir-bio-poudre\/\">poivre noir<\/a>,<\/strong><\/li>\n<li><strong><a href=\"https:\/\/id-bio.net\/nos-produits\/epice-et-condiment\/cardamome-bio-poudre\/\">cardamome<\/a>,<\/strong><\/li>\n<li><strong><a href=\"https:\/\/id-bio.net\/nos-produits\/epice-et-condiment\/clou-de-girofle-bio-poudre\/\">clou de girofle<\/a>,<\/strong><\/li>\n<li><strong><a href=\"https:\/\/id-bio.net\/nos-produits\/epice-et-condiment\/muscade-bio-poudre\/\">noix de muscade<\/a>,<\/strong><\/li>\n<li><strong><a href=\"https:\/\/id-bio.net\/nos-produits\/herbes-aromatiques-bio\/laurier-bio\/\">laurier<\/a>.<\/strong><\/li>\n<\/ul>\n","protected":false},"featured_media":25049,"comment_status":"closed","ping_status":"closed","template":"","meta":[],"product_cat":[715,63,704],"product_tag":[],"supplier_id":null,"supplier_sku":"","atum_controlled":true,"out_stock_date":null,"out_stock_threshold":null,"inheritable":true,"inbound_stock":0,"stock_on_hold":0,"sold_today":0,"sales_last_days":0,"out_stock_days":0,"lost_sales":0,"has_location":false,"update_date":"2026-04-13T22:12:09","atum_locations":[],"atum_stock_status":"instock","restock_status":false,"low_stock_amount":"","sales_update_date":"2026-04-13T22:12:09","calc_backorders":0,"_links":{"self":[{"href":"https:\/\/www.epicerie-lasource.org\/magasin\/wp-json\/wp\/v2\/product\/12148"}],"collection":[{"href":"https:\/\/www.epicerie-lasource.org\/magasin\/wp-json\/wp\/v2\/product"}],"about":[{"href":"https:\/\/www.epicerie-lasource.org\/magasin\/wp-json\/wp\/v2\/types\/product"}],"replies":[{"embeddable":true,"href":"https:\/\/www.epicerie-lasource.org\/magasin\/wp-json\/wp\/v2\/comments?post=12148"}],"wp:featuredmedia":[{"embeddable":true,"href":"https:\/\/www.epicerie-lasource.org\/magasin\/wp-json\/wp\/v2\/media\/25049"}],"wp:attachment":[{"href":"https:\/\/www.epicerie-lasource.org\/magasin\/wp-json\/wp\/v2\/media?parent=12148"}],"wp:term":[{"taxonomy":"product_cat","embeddable":true,"href":"https:\/\/www.epicerie-lasource.org\/magasin\/wp-json\/wp\/v2\/product_cat?post=12148"},{"taxonomy":"product_tag","embeddable":true,"href":"https:\/\/www.epicerie-lasource.org\/magasin\/wp-json\/wp\/v2\/product_tag?post=12148"}],"curies":[{"name":"wp","href":"https:\/\/api.w.org\/{rel}","templated":true}]}}