{"id":11793,"date":"2020-09-24T15:54:27","date_gmt":"2020-09-24T13:54:27","guid":{"rendered":"https:\/\/www.epicerie-lasource.org\/magasin\/?post_type=product&#038;p=11793"},"modified":"2026-02-25T21:24:27","modified_gmt":"2026-02-25T20:24:27","slug":"gomasio-sesame-et-sel-bio-jean-herve-150-grs","status":"publish","type":"product","link":"https:\/\/www.epicerie-lasource.org\/magasin\/produit\/gomasio-sesame-et-sel-bio-jean-herve-150-grs\/","title":{"rendered":"Gomasio s\u00e9same et sel Bio Jean Herv\u00e9 150 grs"},"content":{"rendered":"","protected":false},"excerpt":{"rendered":"<p>Gomasio s\u00e9same et sel Bio Jean Herv\u00e9 150 grs<\/p>\n<p>Condiment japonais bio \u00e0 base de s\u00e9same et sel<\/p>\n<p>Le Goma-sio, du japonais goma (s\u00e9same) et shio (sel) est un condiment \u00e0 saupoudrer sur les aliments.<\/p>\n<p>Les graines de s\u00e9same et le sel sont l\u00e9g\u00e8rement grill\u00e9s au feu de bois puis broy\u00e9s \u00e0 la meule de pierre \u00e0 basse temp\u00e9rature.<\/p>\n<p>Chaque particule de sel est alors enrob\u00e9e par l\u2019huile des graines de s\u00e9same. Cet enrobage ne masque ni la saveur, ni les qualit\u00e9s nutritionnelles du s\u00e9same, mais permet une meilleure assimilation du sel en le v\u00e9g\u00e9talisant.<\/p>\n<p>Conseils d\u2019utilisation :<\/p>\n<p>Saupoudr\u00e9 sur les c\u00e9r\u00e9ales ou les crudit\u00e9s, \u00e0 raison d\u2019une cuiller\u00e9e \u00e0 soupe par repas, le goma-sio rel\u00e8vera par son go\u00fbt de noisettes, la saveur de tous vos plats.<\/p>\n<p>Conseils de conservation :<\/p>\n<p>Bien refermer le pot apr\u00e8s usage. Ne pas cuire . A tenir \u00e0 l&rsquo;abri de la l&rsquo;humidit\u00e9 et de la lumi\u00e8re.<\/p>\n<p class=\"am_product_ingredients\">S\u00e9same* du Paraguay, sel de mer du Portugal certifi\u00e9 Nature &amp; Progr\u00e8s.<\/p>\n<p class=\"am_product_infosupp\">*issu de l&rsquo;agriculture biologique L&rsquo;entreprise travaille le s\u00e9same, l&rsquo;arachide, les fruits \u00e0 coques, le lait, le soja, le seigle et le petit \u00e9peautre<\/p>\n<div class=\"am_product_origin\">\n<p><span class=\"am_product_origin_label\">Origine : <\/span> <span class=\"am_product_origin_value\">France<\/span><\/p>\n<p>source aurore market<\/p>\n<\/div>\n","protected":false},"featured_media":11909,"comment_status":"closed","ping_status":"closed","template":"","meta":[],"product_cat":[731,704],"product_tag":[],"supplier_id":23768,"supplier_sku":"","atum_controlled":true,"out_stock_date":null,"out_stock_threshold":null,"inheritable":false,"inbound_stock":0,"stock_on_hold":0,"sold_today":0,"sales_last_days":0,"out_stock_days":0,"lost_sales":0,"has_location":false,"update_date":"2026-05-05T22:30:04","atum_locations":[],"atum_stock_status":"onbackorder","restock_status":false,"low_stock_amount":"","sales_update_date":"2026-05-05T22:30:04","calc_backorders":-7,"_links":{"self":[{"href":"https:\/\/www.epicerie-lasource.org\/magasin\/wp-json\/wp\/v2\/product\/11793"}],"collection":[{"href":"https:\/\/www.epicerie-lasource.org\/magasin\/wp-json\/wp\/v2\/product"}],"about":[{"href":"https:\/\/www.epicerie-lasource.org\/magasin\/wp-json\/wp\/v2\/types\/product"}],"replies":[{"embeddable":true,"href":"https:\/\/www.epicerie-lasource.org\/magasin\/wp-json\/wp\/v2\/comments?post=11793"}],"wp:featuredmedia":[{"embeddable":true,"href":"https:\/\/www.epicerie-lasource.org\/magasin\/wp-json\/wp\/v2\/media\/11909"}],"wp:attachment":[{"href":"https:\/\/www.epicerie-lasource.org\/magasin\/wp-json\/wp\/v2\/media?parent=11793"}],"wp:term":[{"taxonomy":"product_cat","embeddable":true,"href":"https:\/\/www.epicerie-lasource.org\/magasin\/wp-json\/wp\/v2\/product_cat?post=11793"},{"taxonomy":"product_tag","embeddable":true,"href":"https:\/\/www.epicerie-lasource.org\/magasin\/wp-json\/wp\/v2\/product_tag?post=11793"}],"curies":[{"name":"wp","href":"https:\/\/api.w.org\/{rel}","templated":true}]}}