{"id":11789,"date":"2020-09-24T15:35:57","date_gmt":"2020-09-24T13:35:57","guid":{"rendered":"https:\/\/www.epicerie-lasource.org\/magasin\/?post_type=product&#038;p=11789"},"modified":"2026-04-13T16:46:14","modified_gmt":"2026-04-13T14:46:14","slug":"sauce-coco-citronnelle-hindivali-bio-170-gr","status":"publish","type":"product","link":"https:\/\/www.epicerie-lasource.org\/magasin\/produit\/sauce-coco-citronnelle-hindivali-bio-170-gr\/","title":{"rendered":"Sauce Tha\u00ef Coco citronnelle Hindivali Bio 170 gr"},"content":{"rendered":"","protected":false},"excerpt":{"rendered":"<p>Sauce Coco citronnelle Hindivali Bio 170 gr<\/p>\n<p>Onctueuse et acidul\u00e9e, l\u00e9g\u00e8rement piquante, notre sauce tha\u00ef \u00e0 la noix de coco est aromatis\u00e9e avec une pointe de citronnelle et une infusion de feuilles de combava, un agrume dont on utilise les feuilles en cuisine tha\u00eflandaise et l\u2019\u00e9corce sur l\u2019Ile de la R\u00e9union.<\/p>\n<p>Elle accompagnera id\u00e9alement vos poissons et fruits de mer. Elle se marie \u00e9galement bien avec de nombreux l\u00e9gumes et assaisonnera\u00a0 une simple assiette de riz tha\u00ef ou basmati.<\/p>\n<p>Ingr\u00e9dients :<\/p>\n<ul>\n<li>eau,<\/li>\n<li>oignon,<\/li>\n<li>infusion de feuilles de combava,<\/li>\n<li>noix de coco,<\/li>\n<li>farine de riz,<\/li>\n<li>jus de citron,<\/li>\n<li>ail,<\/li>\n<li>sel de Gu\u00e9rande,<\/li>\n<li>gingembre frais,<\/li>\n<li>sucre,<\/li>\n<li>citronnelle fraiche,<\/li>\n<li>\u00e9pices,<\/li>\n<li>huile essentielle de citronnelle.<\/li>\n<\/ul>\n<p>Un produit v\u00e9g\u00e9tarien certifi\u00e9 bio.<\/p>\n","protected":false},"featured_media":24629,"comment_status":"closed","ping_status":"closed","template":"","meta":[],"product_cat":[63,707,704],"product_tag":[],"supplier_id":23768,"supplier_sku":"","atum_controlled":true,"out_stock_date":null,"out_stock_threshold":null,"inheritable":false,"inbound_stock":0,"stock_on_hold":0,"sold_today":0,"sales_last_days":1,"out_stock_days":0,"lost_sales":0,"has_location":false,"update_date":"2026-04-30T22:27:21","atum_locations":[],"atum_stock_status":"instock","restock_status":false,"low_stock_amount":1,"sales_update_date":"2026-04-30T22:27:20","calc_backorders":0,"_links":{"self":[{"href":"https:\/\/www.epicerie-lasource.org\/magasin\/wp-json\/wp\/v2\/product\/11789"}],"collection":[{"href":"https:\/\/www.epicerie-lasource.org\/magasin\/wp-json\/wp\/v2\/product"}],"about":[{"href":"https:\/\/www.epicerie-lasource.org\/magasin\/wp-json\/wp\/v2\/types\/product"}],"replies":[{"embeddable":true,"href":"https:\/\/www.epicerie-lasource.org\/magasin\/wp-json\/wp\/v2\/comments?post=11789"}],"wp:featuredmedia":[{"embeddable":true,"href":"https:\/\/www.epicerie-lasource.org\/magasin\/wp-json\/wp\/v2\/media\/24629"}],"wp:attachment":[{"href":"https:\/\/www.epicerie-lasource.org\/magasin\/wp-json\/wp\/v2\/media?parent=11789"}],"wp:term":[{"taxonomy":"product_cat","embeddable":true,"href":"https:\/\/www.epicerie-lasource.org\/magasin\/wp-json\/wp\/v2\/product_cat?post=11789"},{"taxonomy":"product_tag","embeddable":true,"href":"https:\/\/www.epicerie-lasource.org\/magasin\/wp-json\/wp\/v2\/product_tag?post=11789"}],"curies":[{"name":"wp","href":"https:\/\/api.w.org\/{rel}","templated":true}]}}