{"id":11768,"date":"2020-09-24T12:48:05","date_gmt":"2020-09-24T10:48:05","guid":{"rendered":"https:\/\/www.epicerie-lasource.org\/magasin\/?post_type=product&#038;p=11768"},"modified":"2026-05-04T20:59:55","modified_gmt":"2026-05-04T18:59:55","slug":"petits-pois-a-letuve-bio-en-conserve-400gr","status":"publish","type":"product","link":"https:\/\/www.epicerie-lasource.org\/magasin\/produit\/petits-pois-a-letuve-bio-en-conserve-400gr\/","title":{"rendered":"Petits pois \u00e0 l&rsquo;\u00e9tuv\u00e9 bio Luce 400gr"},"content":{"rendered":"","protected":false},"excerpt":{"rendered":"<p>Petits pois \u00e0 l&rsquo;\u00e9tuv\u00e9 bio en conserve 400gr<\/p>\n<p><strong>Ingr\u00e9dients :<\/strong>\u00a0Petits pois extra-fins*, eau, sucre*, sel, ar\u00f4me naturel<\/p>\n<p>* Issus de l&rsquo;agriculture biologique.<\/p>\n","protected":false},"featured_media":24610,"comment_status":"closed","ping_status":"closed","template":"","meta":[],"product_cat":[708],"product_tag":[],"supplier_id":23768,"supplier_sku":"","atum_controlled":true,"out_stock_date":null,"out_stock_threshold":null,"inheritable":false,"inbound_stock":0,"stock_on_hold":0,"sold_today":0,"sales_last_days":2,"out_stock_days":0,"lost_sales":0,"has_location":false,"update_date":"2026-05-13T22:45:29","atum_locations":[],"atum_stock_status":"onbackorder","restock_status":false,"low_stock_amount":"","sales_update_date":"2026-05-13T22:45:29","calc_backorders":-49,"_links":{"self":[{"href":"https:\/\/www.epicerie-lasource.org\/magasin\/wp-json\/wp\/v2\/product\/11768"}],"collection":[{"href":"https:\/\/www.epicerie-lasource.org\/magasin\/wp-json\/wp\/v2\/product"}],"about":[{"href":"https:\/\/www.epicerie-lasource.org\/magasin\/wp-json\/wp\/v2\/types\/product"}],"replies":[{"embeddable":true,"href":"https:\/\/www.epicerie-lasource.org\/magasin\/wp-json\/wp\/v2\/comments?post=11768"}],"wp:featuredmedia":[{"embeddable":true,"href":"https:\/\/www.epicerie-lasource.org\/magasin\/wp-json\/wp\/v2\/media\/24610"}],"wp:attachment":[{"href":"https:\/\/www.epicerie-lasource.org\/magasin\/wp-json\/wp\/v2\/media?parent=11768"}],"wp:term":[{"taxonomy":"product_cat","embeddable":true,"href":"https:\/\/www.epicerie-lasource.org\/magasin\/wp-json\/wp\/v2\/product_cat?post=11768"},{"taxonomy":"product_tag","embeddable":true,"href":"https:\/\/www.epicerie-lasource.org\/magasin\/wp-json\/wp\/v2\/product_tag?post=11768"}],"curies":[{"name":"wp","href":"https:\/\/api.w.org\/{rel}","templated":true}]}}