{"id":11500,"date":"2020-09-15T14:06:39","date_gmt":"2020-09-15T12:06:39","guid":{"rendered":"https:\/\/www.epicerie-lasource.org\/magasin\/?post_type=product&#038;p=11500"},"modified":"2026-04-27T19:08:01","modified_gmt":"2026-04-27T17:08:01","slug":"cereales-petit-dejeuner-muesli-croustillant-chocolat-bio-vrac-au-choix-au-kilo","status":"publish","type":"product","link":"https:\/\/www.epicerie-lasource.org\/magasin\/produit\/cereales-petit-dejeuner-muesli-croustillant-chocolat-bio-vrac-au-choix-au-kilo\/","title":{"rendered":"Vrac- C\u00e9r\u00e9ales Krounchy chocolat Bio"},"content":{"rendered":"","protected":false},"excerpt":{"rendered":"<p>C\u00e9r\u00e9ales Petit d\u00e9jeuner Muesli croustillant chocolat BIO VRAC au choix<\/p>\n<p><strong>Ingr\u00e9dients :<\/strong>\u00a0C\u00e9r\u00e9ales compl\u00e8tes* (flocons d\u2019avoine*, flocons de\u00a0bl\u00e9*) sucre*, chocolat* (sucre*, p\u00e2te de cacao*, beurre de cacao*,\u00a0\u00e9mulsifiant\u00a0:\u00a0l\u00e9cithine\u00a0de tournesol), huile de tournesol*, noix de coco r\u00e2p\u00e9e*, riz souffl\u00e9*(semoule de riz*, farine de\u00a0bl\u00e9*, sucre*, malt d\u2019orge*), sirop de glucose*, poudre de cacao*, farine de\u00a0bl\u00e9*, semoule de riz*, sirop de caramel*, amidon de\u00a0bl\u00e9*, chocolat au\u00a0lait* (sucre*, poudre de\u00a0lait\u00a0entier*, beurre de cacao*, p\u00e2te de cacao*, ar\u00f4me naturel de vanille*), miel*, malt d\u2019orge*,\u00a0gluten\u00a0de\u00a0bl\u00e9*,\u00a0antioxydant\u00a0: extrait riche en\u00a0tocoph\u00e9rols.<\/p>\n<p>*Ingr\u00e9dients issus de l\u2019agriculture biologique.<\/p>\n<p><strong>Valeurs nutritionnelles (pour\u00a0100g) :\u00a0<\/strong><\/p>\n<p>Valeur \u00e9nerg\u00e9tique\u00a01880 kJ \/ 448\u00a0kcal<br \/>\nMati\u00e8res grasses 16,9 g<br \/>\ndont Acides gras satur\u00e9s 5,9 g<br \/>\nGlucides 61,2 g<br \/>\ndont Sucres 21,2 g<br \/>\nFibres alimentaires 7,2 g<br \/>\nProt\u00e9ines 9,2 g<br \/>\nSel 0,017 g<\/p>\n","protected":false},"featured_media":24992,"comment_status":"closed","ping_status":"closed","template":"","meta":[],"product_cat":[715,64,695],"product_tag":[],"supplier_id":null,"supplier_sku":"","atum_controlled":true,"out_stock_date":"2026-04-27 17:08:01","out_stock_threshold":null,"inheritable":true,"inbound_stock":0,"stock_on_hold":1,"sold_today":0,"sales_last_days":7,"out_stock_days":1,"lost_sales":0,"has_location":false,"update_date":"2026-04-28T22:24:42","atum_locations":[],"atum_stock_status":"onbackorder","restock_status":false,"low_stock_amount":1,"sales_update_date":"2026-04-28T22:24:42","calc_backorders":0,"_links":{"self":[{"href":"https:\/\/www.epicerie-lasource.org\/magasin\/wp-json\/wp\/v2\/product\/11500"}],"collection":[{"href":"https:\/\/www.epicerie-lasource.org\/magasin\/wp-json\/wp\/v2\/product"}],"about":[{"href":"https:\/\/www.epicerie-lasource.org\/magasin\/wp-json\/wp\/v2\/types\/product"}],"replies":[{"embeddable":true,"href":"https:\/\/www.epicerie-lasource.org\/magasin\/wp-json\/wp\/v2\/comments?post=11500"}],"wp:featuredmedia":[{"embeddable":true,"href":"https:\/\/www.epicerie-lasource.org\/magasin\/wp-json\/wp\/v2\/media\/24992"}],"wp:attachment":[{"href":"https:\/\/www.epicerie-lasource.org\/magasin\/wp-json\/wp\/v2\/media?parent=11500"}],"wp:term":[{"taxonomy":"product_cat","embeddable":true,"href":"https:\/\/www.epicerie-lasource.org\/magasin\/wp-json\/wp\/v2\/product_cat?post=11500"},{"taxonomy":"product_tag","embeddable":true,"href":"https:\/\/www.epicerie-lasource.org\/magasin\/wp-json\/wp\/v2\/product_tag?post=11500"}],"curies":[{"name":"wp","href":"https:\/\/api.w.org\/{rel}","templated":true}]}}