{"id":11495,"date":"2024-05-27T15:08:11","date_gmt":"2024-05-27T13:08:11","guid":{"rendered":"https:\/\/www.epicerie-lasource.org\/magasin\/?post_type=product&#038;p=11495"},"modified":"2026-04-27T19:10:07","modified_gmt":"2026-04-27T17:10:07","slug":"lait-demi-ecreme-uht-bio-1l","status":"publish","type":"product","link":"https:\/\/www.epicerie-lasource.org\/magasin\/produit\/lait-demi-ecreme-uht-bio-1l\/","title":{"rendered":"Lait demi-\u00e9cr\u00e9m\u00e9 INEX UHT BIO 1L"},"content":{"rendered":"","protected":false},"excerpt":{"rendered":"<p>Lait demi-\u00e9cr\u00e9m\u00e9 UHT BIO 1L<\/p>\n","protected":false},"featured_media":23799,"comment_status":"closed","ping_status":"closed","template":"","meta":[],"product_cat":[710,24,22,678],"product_tag":[],"supplier_id":23768,"supplier_sku":"","atum_controlled":true,"out_stock_date":null,"out_stock_threshold":null,"inheritable":false,"inbound_stock":0,"stock_on_hold":2,"sold_today":0,"sales_last_days":7,"out_stock_days":0,"lost_sales":0,"has_location":false,"update_date":"2026-04-28T22:23:42","atum_locations":[],"atum_stock_status":"instock","restock_status":false,"low_stock_amount":6,"sales_update_date":"2026-04-28T22:23:41","calc_backorders":0,"_links":{"self":[{"href":"https:\/\/www.epicerie-lasource.org\/magasin\/wp-json\/wp\/v2\/product\/11495"}],"collection":[{"href":"https:\/\/www.epicerie-lasource.org\/magasin\/wp-json\/wp\/v2\/product"}],"about":[{"href":"https:\/\/www.epicerie-lasource.org\/magasin\/wp-json\/wp\/v2\/types\/product"}],"replies":[{"embeddable":true,"href":"https:\/\/www.epicerie-lasource.org\/magasin\/wp-json\/wp\/v2\/comments?post=11495"}],"wp:featuredmedia":[{"embeddable":true,"href":"https:\/\/www.epicerie-lasource.org\/magasin\/wp-json\/wp\/v2\/media\/23799"}],"wp:attachment":[{"href":"https:\/\/www.epicerie-lasource.org\/magasin\/wp-json\/wp\/v2\/media?parent=11495"}],"wp:term":[{"taxonomy":"product_cat","embeddable":true,"href":"https:\/\/www.epicerie-lasource.org\/magasin\/wp-json\/wp\/v2\/product_cat?post=11495"},{"taxonomy":"product_tag","embeddable":true,"href":"https:\/\/www.epicerie-lasource.org\/magasin\/wp-json\/wp\/v2\/product_tag?post=11495"}],"curies":[{"name":"wp","href":"https:\/\/api.w.org\/{rel}","templated":true}]}}