{"id":11485,"date":"2020-09-15T13:51:34","date_gmt":"2020-09-15T11:51:34","guid":{"rendered":"https:\/\/www.epicerie-lasource.org\/magasin\/?post_type=product&#038;p=11485"},"modified":"2026-04-15T19:59:51","modified_gmt":"2026-04-15T17:59:51","slug":"olives-kalamata-denoyautees-bio-bocal-300grs","status":"publish","type":"product","link":"https:\/\/www.epicerie-lasource.org\/magasin\/produit\/olives-kalamata-denoyautees-bio-bocal-300grs\/","title":{"rendered":"Olives Kalamata d\u00e9noyaut\u00e9es BIO Bocal 300grs"},"content":{"rendered":"","protected":false},"excerpt":{"rendered":"<p>Olives Kalamata d\u00e9noyaut\u00e9es BIO Bocal 300grs<\/p>\n<p><strong>Caract\u00e9ristiques<\/strong>\u00a0: produit grec issu de l&rsquo;agriculture biologique.<\/p>\n<p><strong>Composition<\/strong>\u00a0: olives grecques biologiques d\u00e9noyaut\u00e9es vari\u00e9t\u00e9 \u00ab\u00a0Kalamata\u00a0\u00bb, huile d&rsquo;olive vierge extra, eau, sel, vinaigre de vin rouge.<\/p>\n<p><strong>Utilisation<\/strong>\u00a0: ap\u00e9ritif, salades, cake sal\u00e9, daube.<\/p>\n","protected":false},"featured_media":11533,"comment_status":"closed","ping_status":"closed","template":"","meta":[],"product_cat":[708],"product_tag":[],"supplier_id":23768,"supplier_sku":"","atum_controlled":true,"out_stock_date":null,"out_stock_threshold":null,"inheritable":false,"inbound_stock":0,"stock_on_hold":0,"sold_today":0,"sales_last_days":1,"out_stock_days":0,"lost_sales":0,"has_location":false,"update_date":"2026-04-28T22:22:06","atum_locations":[],"atum_stock_status":"onbackorder","restock_status":false,"low_stock_amount":"","sales_update_date":"2026-04-28T22:22:06","calc_backorders":-22,"_links":{"self":[{"href":"https:\/\/www.epicerie-lasource.org\/magasin\/wp-json\/wp\/v2\/product\/11485"}],"collection":[{"href":"https:\/\/www.epicerie-lasource.org\/magasin\/wp-json\/wp\/v2\/product"}],"about":[{"href":"https:\/\/www.epicerie-lasource.org\/magasin\/wp-json\/wp\/v2\/types\/product"}],"replies":[{"embeddable":true,"href":"https:\/\/www.epicerie-lasource.org\/magasin\/wp-json\/wp\/v2\/comments?post=11485"}],"wp:featuredmedia":[{"embeddable":true,"href":"https:\/\/www.epicerie-lasource.org\/magasin\/wp-json\/wp\/v2\/media\/11533"}],"wp:attachment":[{"href":"https:\/\/www.epicerie-lasource.org\/magasin\/wp-json\/wp\/v2\/media?parent=11485"}],"wp:term":[{"taxonomy":"product_cat","embeddable":true,"href":"https:\/\/www.epicerie-lasource.org\/magasin\/wp-json\/wp\/v2\/product_cat?post=11485"},{"taxonomy":"product_tag","embeddable":true,"href":"https:\/\/www.epicerie-lasource.org\/magasin\/wp-json\/wp\/v2\/product_tag?post=11485"}],"curies":[{"name":"wp","href":"https:\/\/api.w.org\/{rel}","templated":true}]}}